{"id":11018,"date":"2024-09-26T00:07:19","date_gmt":"2024-09-25T19:07:19","guid":{"rendered":"https:\/\/turkmenexporter.com\/product\/membrane-bitumineuse-d-etancheite-avec-feuille-d-aluminium-4-mm\/"},"modified":"2024-09-26T00:07:19","modified_gmt":"2024-09-25T19:07:19","slug":"membrane-bitumineuse-d-etancheite-avec-feuille-d-aluminium-4-mm","status":"publish","type":"product","link":"https:\/\/turkmenexporter.com\/fr\/produit\/membrane-bitumineuse-d-etancheite-avec-feuille-d-aluminium-4-mm\/","title":{"rendered":"Membrane bitumineuse d&rsquo; \u00e9tanch\u00e9it\u00e9 avec feuille d&rsquo; aluminium 4 mm"},"content":{"rendered":"<p>DERWAYYS P4000 AL (Toile de polyester avec feuille d&rsquo;aluminium) &#8211; Durabilit\u00e9 accrue avec protection UV Le DERWAYYS P4000 AL est con\u00e7u pour les applications d&rsquo;\u00e9tanch\u00e9it\u00e9 \u00e0 haute durabilit\u00e9, avec une couche de bitume de 4 mm d&rsquo;\u00e9paisseur renforc\u00e9e par une toile de polyester et une feuille d&rsquo;aluminium. Cette combinaison permet d&rsquo;obtenir une \u00e9tanch\u00e9it\u00e9, une flexibilit\u00e9 et une isolation thermique sup\u00e9rieures. Le produit est bien adapt\u00e9 aux zones expos\u00e9es \u00e0 la lumi\u00e8re directe du soleil ou \u00e0 des conditions climatiques extr\u00eames, ce qui en fait un excellent choix pour les applications industrielles et commerciales. Longueur du rouleau : 10 m Largeur : 1 m \u00c9paisseur de la couche : 4 mm Poids : 41-43 kg   <\/p>\n","protected":false},"excerpt":{"rendered":"<p>DERWAYYS P4000 AL (toile de polyester avec feuille d&rsquo;aluminium) Rouleau Longueur : 10 m Largeur : 1 m Epaisseur de la couche : 4 mm Poids : 41-43 kg Les prix sont susceptibles d&rsquo;\u00eatre modifi\u00e9s.<\/p>\n","protected":false},"featured_media":10931,"comment_status":"open","ping_status":"closed","template":"","meta":{"_acf_changed":false},"brand":[798],"product_cat":[793],"product_tag":[848],"class_list":{"0":"post-11018","1":"product","2":"type-product","3":"status-publish","4":"has-post-thumbnail","6":"brand-derwayys-fr","7":"product_cat-materiaux-de-construction","8":"product_tag-front-product-fr","10":"first","11":"instock","12":"shipping-taxable","13":"purchasable","14":"product-type-simple"},"acf":[],"_links":{"self":[{"href":"https:\/\/turkmenexporter.com\/fr\/wp-json\/wp\/v2\/product\/11018","targetHints":{"allow":["GET"]}}],"collection":[{"href":"https:\/\/turkmenexporter.com\/fr\/wp-json\/wp\/v2\/product"}],"about":[{"href":"https:\/\/turkmenexporter.com\/fr\/wp-json\/wp\/v2\/types\/product"}],"replies":[{"embeddable":true,"href":"https:\/\/turkmenexporter.com\/fr\/wp-json\/wp\/v2\/comments?post=11018"}],"version-history":[{"count":0,"href":"https:\/\/turkmenexporter.com\/fr\/wp-json\/wp\/v2\/product\/11018\/revisions"}],"wp:featuredmedia":[{"embeddable":true,"href":"https:\/\/turkmenexporter.com\/fr\/wp-json\/wp\/v2\/media\/10931"}],"wp:attachment":[{"href":"https:\/\/turkmenexporter.com\/fr\/wp-json\/wp\/v2\/media?parent=11018"}],"wp:term":[{"taxonomy":"brand","embeddable":true,"href":"https:\/\/turkmenexporter.com\/fr\/wp-json\/wp\/v2\/brand?post=11018"},{"taxonomy":"product_cat","embeddable":true,"href":"https:\/\/turkmenexporter.com\/fr\/wp-json\/wp\/v2\/product_cat?post=11018"},{"taxonomy":"product_tag","embeddable":true,"href":"https:\/\/turkmenexporter.com\/fr\/wp-json\/wp\/v2\/product_tag?post=11018"}],"curies":[{"name":"wp","href":"https:\/\/api.w.org\/{rel}","templated":true}]}}