{"id":11019,"date":"2024-09-26T00:07:18","date_gmt":"2024-09-25T19:07:18","guid":{"rendered":"https:\/\/turkmenexporter.com\/product\/membrane-detancheite-en-bitume-roule-3-mm\/"},"modified":"2024-09-26T00:07:18","modified_gmt":"2024-09-25T19:07:18","slug":"membrane-detancheite-en-bitume-roule-3-mm","status":"publish","type":"product","link":"https:\/\/turkmenexporter.com\/fr\/produit\/membrane-detancheite-en-bitume-roule-3-mm\/","title":{"rendered":"Membrane d&rsquo;\u00e9tanch\u00e9it\u00e9 en bitume roul\u00e9 3 mm"},"content":{"rendered":"<p>DERWAYYS P3000 AL ( toile polyester avec feuille d&rsquo;aluminium ) &#8211; \u00c9tanch\u00e9it\u00e9 souple avec isolation Le DERWAYYS P3000 AL combine une couche d&rsquo;\u00e9tanch\u00e9it\u00e9 en bitume de 3 mm avec une armature en toile de polyester et une surface en feuille d&rsquo;aluminium . avec une armature en toile de polyester et une surface en feuille d&rsquo; aluminium. Ce produit offre une excellente flexibilit\u00e9 et une r\u00e9sistance \u00e0 la d\u00e9chirure tout en assurant une protection efficace contre les UV et la chaleur. Id\u00e9al pour les syst\u00e8mes de toiture et les surfaces expos\u00e9es, la base polyester garantit une application facile et des performances durables . Longueur du rouleau: 10 m Largeur : 1 m \u00c9paisseur de la couche : 3 mm Poids : 35-37 kg   <\/p>\n","protected":false},"excerpt":{"rendered":"<p>DERWAYYS P3000 AL ( toile de polyester avec feuille d&rsquo;aluminium ) Rouleau Longueur : 10 m Largeur : 1 m \u00c9paisseur de la couche : 3 mm Poids : 35-37 kg Les prix sont susceptibles d&rsquo; \u00eatre modifi\u00e9s.<\/p>\n","protected":false},"featured_media":10882,"comment_status":"open","ping_status":"closed","template":"","meta":{"_acf_changed":false},"brand":[798],"product_cat":[793],"product_tag":[],"class_list":{"0":"post-11019","1":"product","2":"type-product","3":"status-publish","4":"has-post-thumbnail","6":"brand-derwayys-fr","7":"product_cat-materiaux-de-construction","9":"first","10":"instock","11":"shipping-taxable","12":"purchasable","13":"product-type-simple"},"acf":[],"_links":{"self":[{"href":"https:\/\/turkmenexporter.com\/fr\/wp-json\/wp\/v2\/product\/11019","targetHints":{"allow":["GET"]}}],"collection":[{"href":"https:\/\/turkmenexporter.com\/fr\/wp-json\/wp\/v2\/product"}],"about":[{"href":"https:\/\/turkmenexporter.com\/fr\/wp-json\/wp\/v2\/types\/product"}],"replies":[{"embeddable":true,"href":"https:\/\/turkmenexporter.com\/fr\/wp-json\/wp\/v2\/comments?post=11019"}],"version-history":[{"count":0,"href":"https:\/\/turkmenexporter.com\/fr\/wp-json\/wp\/v2\/product\/11019\/revisions"}],"wp:featuredmedia":[{"embeddable":true,"href":"https:\/\/turkmenexporter.com\/fr\/wp-json\/wp\/v2\/media\/10882"}],"wp:attachment":[{"href":"https:\/\/turkmenexporter.com\/fr\/wp-json\/wp\/v2\/media?parent=11019"}],"wp:term":[{"taxonomy":"brand","embeddable":true,"href":"https:\/\/turkmenexporter.com\/fr\/wp-json\/wp\/v2\/brand?post=11019"},{"taxonomy":"product_cat","embeddable":true,"href":"https:\/\/turkmenexporter.com\/fr\/wp-json\/wp\/v2\/product_cat?post=11019"},{"taxonomy":"product_tag","embeddable":true,"href":"https:\/\/turkmenexporter.com\/fr\/wp-json\/wp\/v2\/product_tag?post=11019"}],"curies":[{"name":"wp","href":"https:\/\/api.w.org\/{rel}","templated":true}]}}