{"id":11020,"date":"2024-09-26T00:07:04","date_gmt":"2024-09-25T19:07:04","guid":{"rendered":"https:\/\/turkmenexporter.com\/product\/materiaux-d-etancheite-a-base-de-bitume-isogam\/"},"modified":"2024-09-26T00:07:04","modified_gmt":"2024-09-25T19:07:04","slug":"materiaux-d-etancheite-a-base-de-bitume-isogam","status":"publish","type":"product","link":"https:\/\/turkmenexporter.com\/fr\/produit\/materiaux-d-etancheite-a-base-de-bitume-isogam\/","title":{"rendered":"Mat\u00e9riaux d&rsquo; \u00e9tanch\u00e9it\u00e9 \u00e0 base de bitume isogam"},"content":{"rendered":"<p>DERWAYYS C4000 (Fiberglass Canvas) &#8211; Imperm\u00e9abilisation sup\u00e9rieure pour les zones fortement expos\u00e9es Le DERWAYYS C4000 offre une importante couche d&rsquo;imperm\u00e9abilisation de 4 mm avec un renforcement en fibre de verre, offrant une protection maximale pour les structures expos\u00e9es \u00e0 des conditions environnementales s\u00e9v\u00e8res. Ce produit est particuli\u00e8rement adapt\u00e9 aux zones \u00e0 forte circulation, aux toits industriels et aux constructions souterraines o\u00f9 une \u00e9tanch\u00e9it\u00e9 et une long\u00e9vit\u00e9 sup\u00e9rieures sont requises. Sa base en fibre de verre lui conf\u00e8re une excellente r\u00e9sistance \u00e0 la traction, ce qui lui permet de r\u00e9sister aux variations extr\u00eames de temp\u00e9rature. Longueur du rouleau : 10 m Largeur : 1 m \u00c9paisseur de la couche : 4 mm Poids : 41-43 kg   <\/p>\n","protected":false},"excerpt":{"rendered":"<p>DERWAYYS C4000 (toile en fibre de verre) Rouleau Longueur : 10 m Largeur : 1 m \u00c9paisseur de la couche : 4 mm Poids : 41-43 kg Les prix sont susceptibles d&rsquo;\u00eatre modifi\u00e9s.<\/p>\n","protected":false},"featured_media":10840,"comment_status":"open","ping_status":"closed","template":"","meta":{"_acf_changed":false},"brand":[798],"product_cat":[793],"product_tag":[],"class_list":{"0":"post-11020","1":"product","2":"type-product","3":"status-publish","4":"has-post-thumbnail","6":"brand-derwayys-fr","7":"product_cat-materiaux-de-construction","9":"first","10":"instock","11":"shipping-taxable","12":"purchasable","13":"product-type-simple"},"acf":[],"_links":{"self":[{"href":"https:\/\/turkmenexporter.com\/fr\/wp-json\/wp\/v2\/product\/11020","targetHints":{"allow":["GET"]}}],"collection":[{"href":"https:\/\/turkmenexporter.com\/fr\/wp-json\/wp\/v2\/product"}],"about":[{"href":"https:\/\/turkmenexporter.com\/fr\/wp-json\/wp\/v2\/types\/product"}],"replies":[{"embeddable":true,"href":"https:\/\/turkmenexporter.com\/fr\/wp-json\/wp\/v2\/comments?post=11020"}],"version-history":[{"count":0,"href":"https:\/\/turkmenexporter.com\/fr\/wp-json\/wp\/v2\/product\/11020\/revisions"}],"wp:featuredmedia":[{"embeddable":true,"href":"https:\/\/turkmenexporter.com\/fr\/wp-json\/wp\/v2\/media\/10840"}],"wp:attachment":[{"href":"https:\/\/turkmenexporter.com\/fr\/wp-json\/wp\/v2\/media?parent=11020"}],"wp:term":[{"taxonomy":"brand","embeddable":true,"href":"https:\/\/turkmenexporter.com\/fr\/wp-json\/wp\/v2\/brand?post=11020"},{"taxonomy":"product_cat","embeddable":true,"href":"https:\/\/turkmenexporter.com\/fr\/wp-json\/wp\/v2\/product_cat?post=11020"},{"taxonomy":"product_tag","embeddable":true,"href":"https:\/\/turkmenexporter.com\/fr\/wp-json\/wp\/v2\/product_tag?post=11020"}],"curies":[{"name":"wp","href":"https:\/\/api.w.org\/{rel}","templated":true}]}}