{"id":11021,"date":"2024-09-26T00:07:03","date_gmt":"2024-09-25T19:07:03","guid":{"rendered":"https:\/\/turkmenexporter.com\/product\/materiau-bitumineux-d-etancheite-izogam\/"},"modified":"2024-09-26T00:07:03","modified_gmt":"2024-09-25T19:07:03","slug":"materiau-bitumineux-d-etancheite-izogam","status":"publish","type":"product","link":"https:\/\/turkmenexporter.com\/fr\/produit\/materiau-bitumineux-d-etancheite-izogam\/","title":{"rendered":"Mat\u00e9riau bitumineux d&rsquo; \u00e9tanch\u00e9it\u00e9 Izogam"},"content":{"rendered":"<p>DERWAYYS C3000 (toile en fibre de verre) &#8211; Solution d&rsquo;\u00e9tanch\u00e9it\u00e9 durable Solution d&rsquo;\u00e9tanch\u00e9it\u00e9 durable Le DERWAYYS C3000 est un mat\u00e9riau d&rsquo; \u00e9tanch\u00e9it\u00e9 bitumineux robuste renforc\u00e9 par une toile en fibre de verre, con\u00e7u pour les projets exigeant une r\u00e9sistance et une flexibilit\u00e9 accrues. Avec une \u00e9paisseur de 3 mm, ce produit offre une protection renforc\u00e9e contre les infiltrations d&rsquo;eau, Il est donc id\u00e9al pour les surfaces de construction plus grandes ou plus expos\u00e9es , telles que les toits industriels ou les murs de fondation. Le mat\u00e9riau est r\u00e9sistant \u00e0 la d\u00e9chirure et \u00e0 la fissuration, m\u00eame dans des conditions m\u00e9t\u00e9orologiques difficiles, ce qui garantit une durabilit\u00e9 \u00e0 long terme. Longueur du rouleau: 10 m Largeur : 1 m \u00c9paisseur de la couche : 3 mm Poids : 35-37 kg   <\/p>\n","protected":false},"excerpt":{"rendered":"<p>DERWAYYS C3000 (toile en fibre de verre) Rouleau Longueur : 10 m Largeur : 1 m Epaisseur de la couche : 3 mm Poids : 35-37 kg Les prix sont susceptibles d&rsquo; \u00eatre modifi\u00e9s.<\/p>\n","protected":false},"featured_media":10852,"comment_status":"open","ping_status":"closed","template":"","meta":{"_acf_changed":false},"brand":[798],"product_cat":[793],"product_tag":[],"class_list":{"0":"post-11021","1":"product","2":"type-product","3":"status-publish","4":"has-post-thumbnail","6":"brand-derwayys-fr","7":"product_cat-materiaux-de-construction","9":"first","10":"instock","11":"shipping-taxable","12":"purchasable","13":"product-type-simple"},"acf":[],"_links":{"self":[{"href":"https:\/\/turkmenexporter.com\/fr\/wp-json\/wp\/v2\/product\/11021","targetHints":{"allow":["GET"]}}],"collection":[{"href":"https:\/\/turkmenexporter.com\/fr\/wp-json\/wp\/v2\/product"}],"about":[{"href":"https:\/\/turkmenexporter.com\/fr\/wp-json\/wp\/v2\/types\/product"}],"replies":[{"embeddable":true,"href":"https:\/\/turkmenexporter.com\/fr\/wp-json\/wp\/v2\/comments?post=11021"}],"version-history":[{"count":0,"href":"https:\/\/turkmenexporter.com\/fr\/wp-json\/wp\/v2\/product\/11021\/revisions"}],"wp:featuredmedia":[{"embeddable":true,"href":"https:\/\/turkmenexporter.com\/fr\/wp-json\/wp\/v2\/media\/10852"}],"wp:attachment":[{"href":"https:\/\/turkmenexporter.com\/fr\/wp-json\/wp\/v2\/media?parent=11021"}],"wp:term":[{"taxonomy":"brand","embeddable":true,"href":"https:\/\/turkmenexporter.com\/fr\/wp-json\/wp\/v2\/brand?post=11021"},{"taxonomy":"product_cat","embeddable":true,"href":"https:\/\/turkmenexporter.com\/fr\/wp-json\/wp\/v2\/product_cat?post=11021"},{"taxonomy":"product_tag","embeddable":true,"href":"https:\/\/turkmenexporter.com\/fr\/wp-json\/wp\/v2\/product_tag?post=11021"}],"curies":[{"name":"wp","href":"https:\/\/api.w.org\/{rel}","templated":true}]}}