{"id":11022,"date":"2024-09-26T00:07:05","date_gmt":"2024-09-25T19:07:05","guid":{"rendered":"https:\/\/turkmenexporter.com\/product\/impermeabilisation-isogam\/"},"modified":"2024-09-26T00:07:05","modified_gmt":"2024-09-25T19:07:05","slug":"impermeabilisation-isogam","status":"publish","type":"product","link":"https:\/\/turkmenexporter.com\/fr\/produit\/impermeabilisation-isogam\/","title":{"rendered":"Imperm\u00e9abilisation isogam"},"content":{"rendered":"<p>DERWAYYS C5000 (Fiberglass Canvas) &#8211; Imperm\u00e9abilisation lourde pour applications critiques Con\u00e7ue pour les projets d&rsquo; imperm\u00e9abilisation les plus exigeants, le DERWAYYS C5000 est constitu\u00e9 d&rsquo; une couche de bitume de 5 mm d&rsquo;\u00e9paisseur renforc\u00e9e par de la fibre de verre. Ce produit offre une durabilit\u00e9 et une protection de l&rsquo;\u00e9tanch\u00e9it\u00e9 in\u00e9gal\u00e9es pour les zones de construction critiques, y compris les installations souterraines et les toitures industrielles. L&rsquo; \u00e9paisseur de 5 mm garantit une protection maximale contre l&rsquo; eau et les intemp\u00e9ries, prolongeant ainsi la dur\u00e9e de vie de l &lsquo; ensemble de la structure. Longueur du rouleau: 10 m Largeur : 1 m \u00c9paisseur de la couche : 5 mm Poids : 51-53 kg   <\/p>\n","protected":false},"excerpt":{"rendered":"<p>DERWAYYS C5000 (toile en fibre de verre) Rouleau Longueur : 10 m Largeur : 1 m Epaisseur de la couche : 5 mm Poids : 51-53 kg Les prix sont susceptibles d&rsquo;\u00eatre modifi\u00e9s.<\/p>\n","protected":false},"featured_media":10960,"comment_status":"open","ping_status":"closed","template":"","meta":{"_acf_changed":false},"brand":[798],"product_cat":[793],"product_tag":[],"class_list":{"0":"post-11022","1":"product","2":"type-product","3":"status-publish","4":"has-post-thumbnail","6":"brand-derwayys-fr","7":"product_cat-materiaux-de-construction","9":"first","10":"instock","11":"shipping-taxable","12":"purchasable","13":"product-type-simple"},"acf":[],"_links":{"self":[{"href":"https:\/\/turkmenexporter.com\/fr\/wp-json\/wp\/v2\/product\/11022","targetHints":{"allow":["GET"]}}],"collection":[{"href":"https:\/\/turkmenexporter.com\/fr\/wp-json\/wp\/v2\/product"}],"about":[{"href":"https:\/\/turkmenexporter.com\/fr\/wp-json\/wp\/v2\/types\/product"}],"replies":[{"embeddable":true,"href":"https:\/\/turkmenexporter.com\/fr\/wp-json\/wp\/v2\/comments?post=11022"}],"version-history":[{"count":0,"href":"https:\/\/turkmenexporter.com\/fr\/wp-json\/wp\/v2\/product\/11022\/revisions"}],"wp:featuredmedia":[{"embeddable":true,"href":"https:\/\/turkmenexporter.com\/fr\/wp-json\/wp\/v2\/media\/10960"}],"wp:attachment":[{"href":"https:\/\/turkmenexporter.com\/fr\/wp-json\/wp\/v2\/media?parent=11022"}],"wp:term":[{"taxonomy":"brand","embeddable":true,"href":"https:\/\/turkmenexporter.com\/fr\/wp-json\/wp\/v2\/brand?post=11022"},{"taxonomy":"product_cat","embeddable":true,"href":"https:\/\/turkmenexporter.com\/fr\/wp-json\/wp\/v2\/product_cat?post=11022"},{"taxonomy":"product_tag","embeddable":true,"href":"https:\/\/turkmenexporter.com\/fr\/wp-json\/wp\/v2\/product_tag?post=11022"}],"curies":[{"name":"wp","href":"https:\/\/api.w.org\/{rel}","templated":true}]}}