{"id":11023,"date":"2024-09-26T00:07:07","date_gmt":"2024-09-25T19:07:07","guid":{"rendered":"https:\/\/turkmenexporter.com\/product\/isogame-detancheite-en-gros-du-turkmenistan\/"},"modified":"2024-09-26T00:07:07","modified_gmt":"2024-09-25T19:07:07","slug":"isogame-detancheite-en-gros-du-turkmenistan","status":"publish","type":"product","link":"https:\/\/turkmenexporter.com\/fr\/produit\/isogame-detancheite-en-gros-du-turkmenistan\/","title":{"rendered":"Isogame d&rsquo;\u00e9tanch\u00e9it\u00e9 en gros du Turkm\u00e9nistan"},"content":{"rendered":"<p>DERWAYYS P2000 (toile polyester) &#8211; Imperm\u00e9abilisation l\u00e9g\u00e8re et flexible Le DERWAYYS P2000 utilise un renfort en toile polyester, offrant une flexibilit\u00e9 avec une couche d&rsquo;imperm\u00e9abilisation de 2 mm d&rsquo;\u00e9paisseur. Il est donc id\u00e9al pour les surfaces n\u00e9cessitant une certaine adaptabilit\u00e9, telles que les surfaces courbes ou irr\u00e9guli\u00e8res, sans sacrifier la r\u00e9sistance \u00e0 l&rsquo;eau. La construction l\u00e9g\u00e8re facilite la manipulation et l&rsquo;installation sans compromettre les performances. Longueur du rouleau : 10 m Largeur : 1 m \u00c9paisseur de la couche : 2 mm Poids : 31-33 kg   <\/p>\n","protected":false},"excerpt":{"rendered":"<p>DERWAYYS P2000 (toile de polyester) Rouleau Longueur : 10 m Largeur : 1 m \u00c9paisseur de la couche : 2 mm Poids : 31-33 kg Les prix sont susceptibles d&rsquo;\u00eatre modifi\u00e9s.<\/p>\n","protected":false},"featured_media":10954,"comment_status":"open","ping_status":"closed","template":"","meta":{"_acf_changed":false},"brand":[798],"product_cat":[793],"product_tag":[],"class_list":{"0":"post-11023","1":"product","2":"type-product","3":"status-publish","4":"has-post-thumbnail","6":"brand-derwayys-fr","7":"product_cat-materiaux-de-construction","9":"first","10":"instock","11":"shipping-taxable","12":"purchasable","13":"product-type-simple"},"acf":[],"_links":{"self":[{"href":"https:\/\/turkmenexporter.com\/fr\/wp-json\/wp\/v2\/product\/11023","targetHints":{"allow":["GET"]}}],"collection":[{"href":"https:\/\/turkmenexporter.com\/fr\/wp-json\/wp\/v2\/product"}],"about":[{"href":"https:\/\/turkmenexporter.com\/fr\/wp-json\/wp\/v2\/types\/product"}],"replies":[{"embeddable":true,"href":"https:\/\/turkmenexporter.com\/fr\/wp-json\/wp\/v2\/comments?post=11023"}],"version-history":[{"count":0,"href":"https:\/\/turkmenexporter.com\/fr\/wp-json\/wp\/v2\/product\/11023\/revisions"}],"wp:featuredmedia":[{"embeddable":true,"href":"https:\/\/turkmenexporter.com\/fr\/wp-json\/wp\/v2\/media\/10954"}],"wp:attachment":[{"href":"https:\/\/turkmenexporter.com\/fr\/wp-json\/wp\/v2\/media?parent=11023"}],"wp:term":[{"taxonomy":"brand","embeddable":true,"href":"https:\/\/turkmenexporter.com\/fr\/wp-json\/wp\/v2\/brand?post=11023"},{"taxonomy":"product_cat","embeddable":true,"href":"https:\/\/turkmenexporter.com\/fr\/wp-json\/wp\/v2\/product_cat?post=11023"},{"taxonomy":"product_tag","embeddable":true,"href":"https:\/\/turkmenexporter.com\/fr\/wp-json\/wp\/v2\/product_tag?post=11023"}],"curies":[{"name":"wp","href":"https:\/\/api.w.org\/{rel}","templated":true}]}}