{"id":11024,"date":"2024-09-26T00:07:08","date_gmt":"2024-09-25T19:07:08","guid":{"rendered":"https:\/\/turkmenexporter.com\/product\/materiau-de-couverture-et-d-etancheite-en-rouleaux-isogam\/"},"modified":"2024-09-26T00:07:08","modified_gmt":"2024-09-25T19:07:08","slug":"materiau-de-couverture-et-d-etancheite-en-rouleaux-isogam","status":"publish","type":"product","link":"https:\/\/turkmenexporter.com\/fr\/produit\/materiau-de-couverture-et-d-etancheite-en-rouleaux-isogam\/","title":{"rendered":"Mat\u00e9riau de couverture et d&rsquo; \u00e9tanch\u00e9it\u00e9 en rouleaux Isogam"},"content":{"rendered":"<p>DERWAYYS P3000 (Toile polyester) &#8211; \u00c9tanch\u00e9it\u00e9 souple et durable Con\u00e7ue avec une couche de bitume de 3 mm et un renfort en polyester, la membrane DERWAYYS P3000 offre un \u00e9quilibre entre souplesse et r\u00e9sistance. Sa polyvalence lui permet de convenir \u00e0 la fois aux applications de toiture et de fondation, o\u00f9 la flexibilit\u00e9 et la r\u00e9sistance \u00e0 la d\u00e9chirure sont importantes. La base polyester assure une excellente adh\u00e9rence et une grande durabilit\u00e9, ce qui rend ce produit id\u00e9al pour l&rsquo;imperm\u00e9abilisation \u00e0 long terme. Longueur du rouleau : 10 m Largeur : 1 m Epaisseur de la couche : 3 mm Poids : 35-37 kg   <\/p>\n","protected":false},"excerpt":{"rendered":"<p>DERWAYYS P3000 (toile de polyester) Rouleau Longueur : 10 m Largeur : 1 m \u00c9paisseur de la couche : 3 mm Poids : 35-37 kg Les prix sont susceptibles d&rsquo; \u00eatre modifi\u00e9s.<\/p>\n","protected":false},"featured_media":10870,"comment_status":"open","ping_status":"closed","template":"","meta":{"_acf_changed":false},"brand":[798],"product_cat":[793],"product_tag":[],"class_list":{"0":"post-11024","1":"product","2":"type-product","3":"status-publish","4":"has-post-thumbnail","6":"brand-derwayys-fr","7":"product_cat-materiaux-de-construction","9":"first","10":"instock","11":"shipping-taxable","12":"purchasable","13":"product-type-simple"},"acf":[],"_links":{"self":[{"href":"https:\/\/turkmenexporter.com\/fr\/wp-json\/wp\/v2\/product\/11024","targetHints":{"allow":["GET"]}}],"collection":[{"href":"https:\/\/turkmenexporter.com\/fr\/wp-json\/wp\/v2\/product"}],"about":[{"href":"https:\/\/turkmenexporter.com\/fr\/wp-json\/wp\/v2\/types\/product"}],"replies":[{"embeddable":true,"href":"https:\/\/turkmenexporter.com\/fr\/wp-json\/wp\/v2\/comments?post=11024"}],"version-history":[{"count":0,"href":"https:\/\/turkmenexporter.com\/fr\/wp-json\/wp\/v2\/product\/11024\/revisions"}],"wp:featuredmedia":[{"embeddable":true,"href":"https:\/\/turkmenexporter.com\/fr\/wp-json\/wp\/v2\/media\/10870"}],"wp:attachment":[{"href":"https:\/\/turkmenexporter.com\/fr\/wp-json\/wp\/v2\/media?parent=11024"}],"wp:term":[{"taxonomy":"brand","embeddable":true,"href":"https:\/\/turkmenexporter.com\/fr\/wp-json\/wp\/v2\/brand?post=11024"},{"taxonomy":"product_cat","embeddable":true,"href":"https:\/\/turkmenexporter.com\/fr\/wp-json\/wp\/v2\/product_cat?post=11024"},{"taxonomy":"product_tag","embeddable":true,"href":"https:\/\/turkmenexporter.com\/fr\/wp-json\/wp\/v2\/product_tag?post=11024"}],"curies":[{"name":"wp","href":"https:\/\/api.w.org\/{rel}","templated":true}]}}