{"id":11025,"date":"2024-09-26T00:07:09","date_gmt":"2024-09-25T19:07:09","guid":{"rendered":"https:\/\/turkmenexporter.com\/product\/membrane-detancheite-en-bitume-roule\/"},"modified":"2024-09-26T00:07:09","modified_gmt":"2024-09-25T19:07:09","slug":"membrane-detancheite-en-bitume-roule","status":"publish","type":"product","link":"https:\/\/turkmenexporter.com\/fr\/produit\/membrane-detancheite-en-bitume-roule\/","title":{"rendered":"Membrane d&rsquo;\u00e9tanch\u00e9it\u00e9 en bitume roul\u00e9"},"content":{"rendered":"<p>DERWAYYS P4000 (toile polyester) &#8211; \u00c9tanch\u00e9it\u00e9 renforc\u00e9e pour les applications complexes Le DERWAYYS P4000 se caract\u00e9rise par une couche de bitume de 4 mm renforc\u00e9e par une toile polyester durable, offrant une protection de premier ordre pour les zones expos\u00e9es \u00e0 l&rsquo;eau ou \u00e0 la pression en permanence. Ce produit est con\u00e7u pour r\u00e9sister \u00e0 la fois aux contraintes m\u00e9caniques et \u00e0 l&rsquo;exposition \u00e0 l&rsquo;environnement, assurant une \u00e9tanch\u00e9it\u00e9 efficace pour les projets industriels ou de g\u00e9nie civil \u00e0 grande \u00e9chelle. Longueur du rouleau : 10 m Largeur : 1 m Epaisseur de la couche : 4 mm Poids : 41-43 kg  <\/p>\n","protected":false},"excerpt":{"rendered":"<p>DERWAYYS P4000 (toile polyester) Rouleau Longueur : 10 m Largeur : 1 m Epaisseur de la couche : 4 mm Poids : 41-43 kg Les prix sont susceptibles d&rsquo; \u00eatre modifi\u00e9s.<\/p>\n","protected":false},"featured_media":10894,"comment_status":"open","ping_status":"closed","template":"","meta":{"_acf_changed":false},"brand":[798],"product_cat":[793],"product_tag":[],"class_list":{"0":"post-11025","1":"product","2":"type-product","3":"status-publish","4":"has-post-thumbnail","6":"brand-derwayys-fr","7":"product_cat-materiaux-de-construction","9":"first","10":"instock","11":"shipping-taxable","12":"purchasable","13":"product-type-simple"},"acf":[],"_links":{"self":[{"href":"https:\/\/turkmenexporter.com\/fr\/wp-json\/wp\/v2\/product\/11025","targetHints":{"allow":["GET"]}}],"collection":[{"href":"https:\/\/turkmenexporter.com\/fr\/wp-json\/wp\/v2\/product"}],"about":[{"href":"https:\/\/turkmenexporter.com\/fr\/wp-json\/wp\/v2\/types\/product"}],"replies":[{"embeddable":true,"href":"https:\/\/turkmenexporter.com\/fr\/wp-json\/wp\/v2\/comments?post=11025"}],"version-history":[{"count":0,"href":"https:\/\/turkmenexporter.com\/fr\/wp-json\/wp\/v2\/product\/11025\/revisions"}],"wp:featuredmedia":[{"embeddable":true,"href":"https:\/\/turkmenexporter.com\/fr\/wp-json\/wp\/v2\/media\/10894"}],"wp:attachment":[{"href":"https:\/\/turkmenexporter.com\/fr\/wp-json\/wp\/v2\/media?parent=11025"}],"wp:term":[{"taxonomy":"brand","embeddable":true,"href":"https:\/\/turkmenexporter.com\/fr\/wp-json\/wp\/v2\/brand?post=11025"},{"taxonomy":"product_cat","embeddable":true,"href":"https:\/\/turkmenexporter.com\/fr\/wp-json\/wp\/v2\/product_cat?post=11025"},{"taxonomy":"product_tag","embeddable":true,"href":"https:\/\/turkmenexporter.com\/fr\/wp-json\/wp\/v2\/product_tag?post=11025"}],"curies":[{"name":"wp","href":"https:\/\/api.w.org\/{rel}","templated":true}]}}