{"id":11026,"date":"2024-09-26T00:07:10","date_gmt":"2024-09-25T19:07:10","guid":{"rendered":"https:\/\/turkmenexporter.com\/product\/membrane-bitumineuse-detancheite\/"},"modified":"2024-09-26T00:07:10","modified_gmt":"2024-09-25T19:07:10","slug":"membrane-bitumineuse-detancheite","status":"publish","type":"product","link":"https:\/\/turkmenexporter.com\/fr\/produit\/membrane-bitumineuse-detancheite\/","title":{"rendered":"Membrane bitumineuse d&rsquo;\u00e9tanch\u00e9it\u00e9"},"content":{"rendered":"<p>DERWAYYS P5000 (toile de polyester) &#8211; R\u00e9sistance ultime pour l&rsquo;imperm\u00e9abilisation \u00e0 usage intensifPour les projets qui requi\u00e8rent une r\u00e9sistance maximale \u00e0 l&rsquo; eau et une grande force m\u00e9canique, le DERWAYYS P5000 offre une couche d&rsquo;imperm\u00e9abilisation de 5 mm d&rsquo;\u00e9paisseur, le DERWAYYS P5000 offre une couche d&rsquo;imperm\u00e9abilisation de 5 mm d&rsquo;\u00e9paisseur. La toile en polyester assure souplesse et durabilit\u00e9, tandis que la couche de bitume r\u00e9sistante offre une protection robuste pour les zones \u00e0 haut risque telles que les sous-sols, les tunnels et les toits \u00e0 forte circulation. Longueur du rouleau: 10 m Largeur : 1 m Epaisseur de la couche : 5 mm Poids : 51-53 kg  <\/p>\n","protected":false},"excerpt":{"rendered":"<p>DERWAYYS P5000 (toile de polyester) Rouleau Longueur : 10 m Largeur : 1 m \u00c9paisseur de la couche : 5 mm Poids : 51-53 kg Les prix sont susceptibles d&rsquo; \u00eatre modifi\u00e9s.<\/p>\n","protected":false},"featured_media":10948,"comment_status":"open","ping_status":"closed","template":"","meta":{"_acf_changed":false},"brand":[798],"product_cat":[793],"product_tag":[],"class_list":{"0":"post-11026","1":"product","2":"type-product","3":"status-publish","4":"has-post-thumbnail","6":"brand-derwayys-fr","7":"product_cat-materiaux-de-construction","9":"first","10":"instock","11":"shipping-taxable","12":"purchasable","13":"product-type-simple"},"acf":[],"_links":{"self":[{"href":"https:\/\/turkmenexporter.com\/fr\/wp-json\/wp\/v2\/product\/11026","targetHints":{"allow":["GET"]}}],"collection":[{"href":"https:\/\/turkmenexporter.com\/fr\/wp-json\/wp\/v2\/product"}],"about":[{"href":"https:\/\/turkmenexporter.com\/fr\/wp-json\/wp\/v2\/types\/product"}],"replies":[{"embeddable":true,"href":"https:\/\/turkmenexporter.com\/fr\/wp-json\/wp\/v2\/comments?post=11026"}],"version-history":[{"count":0,"href":"https:\/\/turkmenexporter.com\/fr\/wp-json\/wp\/v2\/product\/11026\/revisions"}],"wp:featuredmedia":[{"embeddable":true,"href":"https:\/\/turkmenexporter.com\/fr\/wp-json\/wp\/v2\/media\/10948"}],"wp:attachment":[{"href":"https:\/\/turkmenexporter.com\/fr\/wp-json\/wp\/v2\/media?parent=11026"}],"wp:term":[{"taxonomy":"brand","embeddable":true,"href":"https:\/\/turkmenexporter.com\/fr\/wp-json\/wp\/v2\/brand?post=11026"},{"taxonomy":"product_cat","embeddable":true,"href":"https:\/\/turkmenexporter.com\/fr\/wp-json\/wp\/v2\/product_cat?post=11026"},{"taxonomy":"product_tag","embeddable":true,"href":"https:\/\/turkmenexporter.com\/fr\/wp-json\/wp\/v2\/product_tag?post=11026"}],"curies":[{"name":"wp","href":"https:\/\/api.w.org\/{rel}","templated":true}]}}