{"id":11027,"date":"2024-09-26T00:07:11","date_gmt":"2024-09-25T19:07:11","guid":{"rendered":"https:\/\/turkmenexporter.com\/product\/membrane-bitumineuse-d-etancheite-avec-feuille-d-aluminium\/"},"modified":"2024-09-26T00:07:11","modified_gmt":"2024-09-25T19:07:11","slug":"membrane-bitumineuse-d-etancheite-avec-feuille-d-aluminium","status":"publish","type":"product","link":"https:\/\/turkmenexporter.com\/fr\/produit\/membrane-bitumineuse-d-etancheite-avec-feuille-d-aluminium\/","title":{"rendered":"Membrane bitumineuse d&rsquo; \u00e9tanch\u00e9it\u00e9 avec feuille d&rsquo; aluminium"},"content":{"rendered":"<p>DERWAYYS C2000 AL (Fiberglass Canvas with Aluminum Foil) &#8211; \u00c9tanch\u00e9it\u00e9 r\u00e9fl\u00e9chissante Le DERWAYYS C2000 AL combine une base en fibre de verre avec une couche de feuille d&rsquo;aluminium, offrant une double protection contre l&rsquo;eau et les rayons UV. La couche de bitume de 2 mm assure l&rsquo;\u00e9tanch\u00e9it\u00e9, tandis que la feuille d&rsquo;aluminium r\u00e9fl\u00e9chit la chaleur et la lumi\u00e8re du soleil, ce qui en fait un produit id\u00e9al pour les syst\u00e8mes de toiture expos\u00e9s o\u00f9 l&rsquo;isolation thermique est importante. Longueur du rouleau : 10 m Largeur : 1 m \u00c9paisseur de la couche : 2 mm Poids : 31-33 kg  <\/p>\n","protected":false},"excerpt":{"rendered":"<p>DERWAYYS C2000 AL (toile en fibre de verre avec feuille d&rsquo;aluminium) Rouleau Longueur : 10 m Largeur : 1 m \u00c9paisseur de la couche : 2 mm Poids : 31-33 kg Les prix sont susceptibles d&rsquo;\u00eatre modifi\u00e9s.<\/p>\n","protected":false},"featured_media":10942,"comment_status":"open","ping_status":"closed","template":"","meta":{"_acf_changed":false},"brand":[798],"product_cat":[793],"product_tag":[],"class_list":{"0":"post-11027","1":"product","2":"type-product","3":"status-publish","4":"has-post-thumbnail","6":"brand-derwayys-fr","7":"product_cat-materiaux-de-construction","9":"first","10":"instock","11":"shipping-taxable","12":"purchasable","13":"product-type-simple"},"acf":[],"_links":{"self":[{"href":"https:\/\/turkmenexporter.com\/fr\/wp-json\/wp\/v2\/product\/11027","targetHints":{"allow":["GET"]}}],"collection":[{"href":"https:\/\/turkmenexporter.com\/fr\/wp-json\/wp\/v2\/product"}],"about":[{"href":"https:\/\/turkmenexporter.com\/fr\/wp-json\/wp\/v2\/types\/product"}],"replies":[{"embeddable":true,"href":"https:\/\/turkmenexporter.com\/fr\/wp-json\/wp\/v2\/comments?post=11027"}],"version-history":[{"count":0,"href":"https:\/\/turkmenexporter.com\/fr\/wp-json\/wp\/v2\/product\/11027\/revisions"}],"wp:featuredmedia":[{"embeddable":true,"href":"https:\/\/turkmenexporter.com\/fr\/wp-json\/wp\/v2\/media\/10942"}],"wp:attachment":[{"href":"https:\/\/turkmenexporter.com\/fr\/wp-json\/wp\/v2\/media?parent=11027"}],"wp:term":[{"taxonomy":"brand","embeddable":true,"href":"https:\/\/turkmenexporter.com\/fr\/wp-json\/wp\/v2\/brand?post=11027"},{"taxonomy":"product_cat","embeddable":true,"href":"https:\/\/turkmenexporter.com\/fr\/wp-json\/wp\/v2\/product_cat?post=11027"},{"taxonomy":"product_tag","embeddable":true,"href":"https:\/\/turkmenexporter.com\/fr\/wp-json\/wp\/v2\/product_tag?post=11027"}],"curies":[{"name":"wp","href":"https:\/\/api.w.org\/{rel}","templated":true}]}}