{"id":11028,"date":"2024-09-26T00:07:13","date_gmt":"2024-09-25T19:07:13","guid":{"rendered":"https:\/\/turkmenexporter.com\/product\/membrane-detancheite-laminee-pour-toiture\/"},"modified":"2024-09-26T00:07:13","modified_gmt":"2024-09-25T19:07:13","slug":"membrane-detancheite-laminee-pour-toiture","status":"publish","type":"product","link":"https:\/\/turkmenexporter.com\/fr\/produit\/membrane-detancheite-laminee-pour-toiture\/","title":{"rendered":"Membrane d&rsquo;\u00e9tanch\u00e9it\u00e9 lamin\u00e9e pour toiture"},"content":{"rendered":"<p>DERWAYYS C3000 AL (Fiberglass Canvas with Aluminum Foil) &#8211; Protection renforc\u00e9e contre les UV et l&rsquo;eau Avec une couche de bitume de 3 mm d&rsquo;\u00e9paisseur et une feuille d&rsquo;aluminium, le DERWAYYS C3000 AL offre une \u00e9tanch\u00e9it\u00e9 sup\u00e9rieure et une isolation r\u00e9fl\u00e9chissante. Ce produit est parfait pour les toits plats et inclin\u00e9s, offrant une excellente r\u00e9sistance \u00e0 l&rsquo;humidit\u00e9 et aux variations de temp\u00e9rature, assurant l&rsquo;int\u00e9grit\u00e9 structurelle \u00e0 long terme. Longueur du rouleau : 10 m Largeur : 1 m Epaisseur de la couche : 3 mm Poids : 35-37 kg  <\/p>\n","protected":false},"excerpt":{"rendered":"<p>DERWAYYS C3000 AL (toile en fibre de verre avec feuille d&rsquo;aluminium) Rouleau Longueur : 10 m Largeur : 1 m Epaisseur de la couche : 3 mm Poids : 35-37 kg Les prix sont susceptibles d&rsquo;\u00eatre modifi\u00e9s.<\/p>\n","protected":false},"featured_media":10900,"comment_status":"open","ping_status":"closed","template":"","meta":{"_acf_changed":false},"brand":[798],"product_cat":[793],"product_tag":[],"class_list":{"0":"post-11028","1":"product","2":"type-product","3":"status-publish","4":"has-post-thumbnail","6":"brand-derwayys-fr","7":"product_cat-materiaux-de-construction","9":"first","10":"instock","11":"shipping-taxable","12":"purchasable","13":"product-type-simple"},"acf":[],"_links":{"self":[{"href":"https:\/\/turkmenexporter.com\/fr\/wp-json\/wp\/v2\/product\/11028","targetHints":{"allow":["GET"]}}],"collection":[{"href":"https:\/\/turkmenexporter.com\/fr\/wp-json\/wp\/v2\/product"}],"about":[{"href":"https:\/\/turkmenexporter.com\/fr\/wp-json\/wp\/v2\/types\/product"}],"replies":[{"embeddable":true,"href":"https:\/\/turkmenexporter.com\/fr\/wp-json\/wp\/v2\/comments?post=11028"}],"version-history":[{"count":0,"href":"https:\/\/turkmenexporter.com\/fr\/wp-json\/wp\/v2\/product\/11028\/revisions"}],"wp:featuredmedia":[{"embeddable":true,"href":"https:\/\/turkmenexporter.com\/fr\/wp-json\/wp\/v2\/media\/10900"}],"wp:attachment":[{"href":"https:\/\/turkmenexporter.com\/fr\/wp-json\/wp\/v2\/media?parent=11028"}],"wp:term":[{"taxonomy":"brand","embeddable":true,"href":"https:\/\/turkmenexporter.com\/fr\/wp-json\/wp\/v2\/brand?post=11028"},{"taxonomy":"product_cat","embeddable":true,"href":"https:\/\/turkmenexporter.com\/fr\/wp-json\/wp\/v2\/product_cat?post=11028"},{"taxonomy":"product_tag","embeddable":true,"href":"https:\/\/turkmenexporter.com\/fr\/wp-json\/wp\/v2\/product_tag?post=11028"}],"curies":[{"name":"wp","href":"https:\/\/api.w.org\/{rel}","templated":true}]}}