{"id":11029,"date":"2024-09-26T00:07:14","date_gmt":"2024-09-25T19:07:14","guid":{"rendered":"https:\/\/turkmenexporter.com\/product\/membrane-detancheite-bitumineuse-laminee-membrane-detancheite-de-toiture-4-mm\/"},"modified":"2024-09-26T00:07:14","modified_gmt":"2024-09-25T19:07:14","slug":"membrane-detancheite-bitumineuse-laminee-membrane-detancheite-de-toiture-4-mm","status":"publish","type":"product","link":"https:\/\/turkmenexporter.com\/fr\/produit\/membrane-detancheite-bitumineuse-laminee-membrane-detancheite-de-toiture-4-mm\/","title":{"rendered":"Membrane d&rsquo;\u00e9tanch\u00e9it\u00e9 bitumineuse lamin\u00e9e Membrane d&rsquo;\u00e9tanch\u00e9it\u00e9 de toiture 4 mm"},"content":{"rendered":"<p>DERWAYYS C4000 AL (toile en fibre de verre avec feuille d&rsquo;aluminium) &#8211; \u00c9tanch\u00e9it\u00e9 isol\u00e9e haute performance La membrane DERWAYYS C4000 AL est constitu\u00e9e d&rsquo;une couche de bitume de 4 mm d&rsquo;\u00e9paisseur, renforc\u00e9e par une toile en fibre de verre et recouverte d&rsquo;une feuille d&rsquo;aluminium pour une protection sup\u00e9rieure. Cette combinaison assure une excellente \u00e9tanch\u00e9it\u00e9 et r\u00e9fl\u00e9chit les rayons UV, ce qui en fait un produit id\u00e9al pour les syst\u00e8mes de toiture expos\u00e9s. La durabilit\u00e9 et la r\u00e9sistance \u00e0 la d\u00e9chirure du produit garantissent une performance fiable m\u00eame dans des conditions difficiles, ce qui le rend parfait pour les toits industriels et les zones \u00e0 forte circulation. Longueur du rouleau : 10 m Largeur : 1 m \u00c9paisseur de la couche : 4 mm Poids : 41-43 kg   <\/p>\n","protected":false},"excerpt":{"rendered":"<p>DERWAYYS C4000 AL ( toile en fibre de verre avec feuille d&rsquo;aluminium ) Rouleau Longueur : 10 m Largeur : 1 m Epaisseur de la couche : 4 mm Poids : 41-43 kg Les prix sont susceptibles d&rsquo; \u00eatre modifi\u00e9s.<\/p>\n","protected":false},"featured_media":10906,"comment_status":"open","ping_status":"closed","template":"","meta":{"_acf_changed":false},"brand":[798],"product_cat":[793],"product_tag":[],"class_list":{"0":"post-11029","1":"product","2":"type-product","3":"status-publish","4":"has-post-thumbnail","6":"brand-derwayys-fr","7":"product_cat-materiaux-de-construction","9":"first","10":"instock","11":"shipping-taxable","12":"purchasable","13":"product-type-simple"},"acf":[],"_links":{"self":[{"href":"https:\/\/turkmenexporter.com\/fr\/wp-json\/wp\/v2\/product\/11029","targetHints":{"allow":["GET"]}}],"collection":[{"href":"https:\/\/turkmenexporter.com\/fr\/wp-json\/wp\/v2\/product"}],"about":[{"href":"https:\/\/turkmenexporter.com\/fr\/wp-json\/wp\/v2\/types\/product"}],"replies":[{"embeddable":true,"href":"https:\/\/turkmenexporter.com\/fr\/wp-json\/wp\/v2\/comments?post=11029"}],"version-history":[{"count":0,"href":"https:\/\/turkmenexporter.com\/fr\/wp-json\/wp\/v2\/product\/11029\/revisions"}],"wp:featuredmedia":[{"embeddable":true,"href":"https:\/\/turkmenexporter.com\/fr\/wp-json\/wp\/v2\/media\/10906"}],"wp:attachment":[{"href":"https:\/\/turkmenexporter.com\/fr\/wp-json\/wp\/v2\/media?parent=11029"}],"wp:term":[{"taxonomy":"brand","embeddable":true,"href":"https:\/\/turkmenexporter.com\/fr\/wp-json\/wp\/v2\/brand?post=11029"},{"taxonomy":"product_cat","embeddable":true,"href":"https:\/\/turkmenexporter.com\/fr\/wp-json\/wp\/v2\/product_cat?post=11029"},{"taxonomy":"product_tag","embeddable":true,"href":"https:\/\/turkmenexporter.com\/fr\/wp-json\/wp\/v2\/product_tag?post=11029"}],"curies":[{"name":"wp","href":"https:\/\/api.w.org\/{rel}","templated":true}]}}