{"id":11030,"date":"2024-09-26T00:07:15","date_gmt":"2024-09-25T19:07:15","guid":{"rendered":"https:\/\/turkmenexporter.com\/product\/membrane-detancheite-en-bitume-roule-5-mm\/"},"modified":"2024-09-26T00:07:15","modified_gmt":"2024-09-25T19:07:15","slug":"membrane-detancheite-en-bitume-roule-5-mm","status":"publish","type":"product","link":"https:\/\/turkmenexporter.com\/fr\/produit\/membrane-detancheite-en-bitume-roule-5-mm\/","title":{"rendered":"Membrane d&rsquo;\u00e9tanch\u00e9it\u00e9 en bitume roul\u00e9 5 mm"},"content":{"rendered":"<p>DERWAYYS C5000 AL (toile en fibre de verre avec feuille d&rsquo;aluminium) &#8211; Protection maximale pour les installations critiques Le DERWAYYS C5000 AL offre une couche d&rsquo;\u00e9tanch\u00e9it\u00e9 de 5 mm d&rsquo;\u00e9paisseur renforc\u00e9e par une toile en fibre de verre et une feuille d&rsquo;aluminium. Ce produit est con\u00e7u pour les projets de construction critiques n\u00e9cessitant \u00e0 la fois une \u00e9tanch\u00e9it\u00e9 et une isolation thermique. La couche de feuille d&rsquo;aluminium r\u00e9fl\u00e9chit la chaleur et la lumi\u00e8re, offrant une protection suppl\u00e9mentaire dans les environnements expos\u00e9s ou \u00e0 haute temp\u00e9rature, tandis que l&rsquo;\u00e9paisseur de 5 mm garantit le plus haut niveau de r\u00e9sistance \u00e0 l&rsquo;eau. Longueur du rouleau : 10 m Largeur : 1 m \u00c9paisseur de la couche : 5 mm Poids : 51-53 kg   <\/p>\n","protected":false},"excerpt":{"rendered":"<p>DERWAYYS C5000 AL (toile en fibre de verre avec feuille d&rsquo;aluminium) Rouleau Longueur : 10 m Largeur : 1 m \u00c9paisseur de la couche : 5 mm Poids : 51-53 kg Les prix sont susceptibles d&rsquo;\u00eatre modifi\u00e9s.<\/p>\n","protected":false},"featured_media":10888,"comment_status":"open","ping_status":"closed","template":"","meta":{"_acf_changed":false},"brand":[798],"product_cat":[793],"product_tag":[],"class_list":{"0":"post-11030","1":"product","2":"type-product","3":"status-publish","4":"has-post-thumbnail","6":"brand-derwayys-fr","7":"product_cat-materiaux-de-construction","9":"first","10":"instock","11":"shipping-taxable","12":"purchasable","13":"product-type-simple"},"acf":[],"_links":{"self":[{"href":"https:\/\/turkmenexporter.com\/fr\/wp-json\/wp\/v2\/product\/11030","targetHints":{"allow":["GET"]}}],"collection":[{"href":"https:\/\/turkmenexporter.com\/fr\/wp-json\/wp\/v2\/product"}],"about":[{"href":"https:\/\/turkmenexporter.com\/fr\/wp-json\/wp\/v2\/types\/product"}],"replies":[{"embeddable":true,"href":"https:\/\/turkmenexporter.com\/fr\/wp-json\/wp\/v2\/comments?post=11030"}],"version-history":[{"count":0,"href":"https:\/\/turkmenexporter.com\/fr\/wp-json\/wp\/v2\/product\/11030\/revisions"}],"wp:featuredmedia":[{"embeddable":true,"href":"https:\/\/turkmenexporter.com\/fr\/wp-json\/wp\/v2\/media\/10888"}],"wp:attachment":[{"href":"https:\/\/turkmenexporter.com\/fr\/wp-json\/wp\/v2\/media?parent=11030"}],"wp:term":[{"taxonomy":"brand","embeddable":true,"href":"https:\/\/turkmenexporter.com\/fr\/wp-json\/wp\/v2\/brand?post=11030"},{"taxonomy":"product_cat","embeddable":true,"href":"https:\/\/turkmenexporter.com\/fr\/wp-json\/wp\/v2\/product_cat?post=11030"},{"taxonomy":"product_tag","embeddable":true,"href":"https:\/\/turkmenexporter.com\/fr\/wp-json\/wp\/v2\/product_tag?post=11030"}],"curies":[{"name":"wp","href":"https:\/\/api.w.org\/{rel}","templated":true}]}}