{"id":11031,"date":"2024-09-26T00:06:58","date_gmt":"2024-09-25T19:06:58","guid":{"rendered":"https:\/\/turkmenexporter.com\/product\/materiaux-bitumineux-d-etancheite-izogam\/"},"modified":"2024-09-26T00:06:58","modified_gmt":"2024-09-25T19:06:58","slug":"materiaux-bitumineux-d-etancheite-izogam","status":"publish","type":"product","link":"https:\/\/turkmenexporter.com\/fr\/produit\/materiaux-bitumineux-d-etancheite-izogam\/","title":{"rendered":"Mat\u00e9riaux bitumineux d&rsquo; \u00e9tanch\u00e9it\u00e9 Izogam"},"content":{"rendered":"<p>DERWAYYS C2000 (Fiberglass Canvas) &#8211; Mat\u00e9riau d&rsquo;\u00e9tanch\u00e9it\u00e9 bitumineuse de haute qualit\u00e9 Le DERWAYYS C2000 est un mat\u00e9riau d&rsquo;\u00e9tanch\u00e9it\u00e9 bitumineuse de premi\u00e8re qualit\u00e9 renforc\u00e9 par une toile en fibre de verre, sp\u00e9cialement con\u00e7u pour prot\u00e9ger de mani\u00e8re fiable les structures de construction contre l&rsquo;humidit\u00e9. Gr\u00e2ce \u00e0 sa base en fibre de verre durable, ce mat\u00e9riau offre une excellente r\u00e9sistance \u00e0 la d\u00e9chirure, \u00e0 l&rsquo;exposition aux intemp\u00e9ries et aux fluctuations de temp\u00e9rature. Il est id\u00e9al pour l&rsquo;imperm\u00e9abilisation des toits, des fondations et des structures souterraines et a\u00e9riennes, assurant une protection et une \u00e9tanch\u00e9it\u00e9 durables. Le DERWAYYS C2000 se distingue par sa facilit\u00e9 d&rsquo;installation, sa r\u00e9sistance aux environnements difficiles et son adh\u00e9rence sup\u00e9rieure \u00e0 diverses surfaces de construction. Conforme \u00e0 des normes de qualit\u00e9 rigoureuses, il constitue le choix id\u00e9al pour les projets de construction professionnels. Longueur du rouleau : 10 m Largeur : 1 m \u00c9paisseur de la couche : 2 mm Poids : 31-33 kg     <\/p>\n","protected":false},"excerpt":{"rendered":"<p>DERWAYYS C2000 (toile en fibre de verre) Rouleau Longueur : 10 m Largeur : 1 m Epaisseur de la couche : 2 mm Poids : 31-33 kg Les prix sont susceptibles d&rsquo; \u00eatre modifi\u00e9s.<\/p>\n","protected":false},"featured_media":10858,"comment_status":"open","ping_status":"closed","template":"","meta":{"_acf_changed":false},"brand":[798],"product_cat":[793],"product_tag":[],"class_list":{"0":"post-11031","1":"product","2":"type-product","3":"status-publish","4":"has-post-thumbnail","6":"brand-derwayys-fr","7":"product_cat-materiaux-de-construction","9":"first","10":"instock","11":"shipping-taxable","12":"purchasable","13":"product-type-simple"},"acf":[],"_links":{"self":[{"href":"https:\/\/turkmenexporter.com\/fr\/wp-json\/wp\/v2\/product\/11031","targetHints":{"allow":["GET"]}}],"collection":[{"href":"https:\/\/turkmenexporter.com\/fr\/wp-json\/wp\/v2\/product"}],"about":[{"href":"https:\/\/turkmenexporter.com\/fr\/wp-json\/wp\/v2\/types\/product"}],"replies":[{"embeddable":true,"href":"https:\/\/turkmenexporter.com\/fr\/wp-json\/wp\/v2\/comments?post=11031"}],"version-history":[{"count":0,"href":"https:\/\/turkmenexporter.com\/fr\/wp-json\/wp\/v2\/product\/11031\/revisions"}],"wp:featuredmedia":[{"embeddable":true,"href":"https:\/\/turkmenexporter.com\/fr\/wp-json\/wp\/v2\/media\/10858"}],"wp:attachment":[{"href":"https:\/\/turkmenexporter.com\/fr\/wp-json\/wp\/v2\/media?parent=11031"}],"wp:term":[{"taxonomy":"brand","embeddable":true,"href":"https:\/\/turkmenexporter.com\/fr\/wp-json\/wp\/v2\/brand?post=11031"},{"taxonomy":"product_cat","embeddable":true,"href":"https:\/\/turkmenexporter.com\/fr\/wp-json\/wp\/v2\/product_cat?post=11031"},{"taxonomy":"product_tag","embeddable":true,"href":"https:\/\/turkmenexporter.com\/fr\/wp-json\/wp\/v2\/product_tag?post=11031"}],"curies":[{"name":"wp","href":"https:\/\/api.w.org\/{rel}","templated":true}]}}