{"id":11032,"date":"2024-09-26T00:07:16","date_gmt":"2024-09-25T19:07:16","guid":{"rendered":"https:\/\/turkmenexporter.com\/product\/membrane-detancheite-en-bitume-roule-2-mm\/"},"modified":"2024-09-26T00:07:16","modified_gmt":"2024-09-25T19:07:16","slug":"membrane-detancheite-en-bitume-roule-2-mm","status":"publish","type":"product","link":"https:\/\/turkmenexporter.com\/fr\/produit\/membrane-detancheite-en-bitume-roule-2-mm\/","title":{"rendered":"Membrane d&rsquo;\u00e9tanch\u00e9it\u00e9 en bitume roul\u00e9 2 mm"},"content":{"rendered":"<p>DERWAYYS P2000 AL (Toile polyester avec feuille d&rsquo;aluminium) &#8211; \u00c9tanch\u00e9it\u00e9 l\u00e9g\u00e8re et isol\u00e9e Le DERWAYYS P2000 AL combine la flexibilit\u00e9 de la toile polyester avec une couche de feuille d&rsquo;aluminium, fournissant une solution d&rsquo;\u00e9tanch\u00e9it\u00e9 bitumineuse de 2 mm qui offre \u00e9galement une isolation thermique. Id\u00e9al pour les projets de construction l\u00e9g\u00e8re ou de r\u00e9novation, ce mat\u00e9riau est \u00e0 la fois facile \u00e0 manipuler et tr\u00e8s efficace pour la protection contre l&rsquo;eau et les rayons UV. Longueur du rouleau : 10 m Largeur : 1 m \u00c9paisseur de la couche : 2 mm Poids : 31-33 kg  <\/p>\n","protected":false},"excerpt":{"rendered":"<p>DERWAYYS P2000 AL (toile de polyester avec feuille d&rsquo;aluminium) Rouleau Longueur : 10 m Largeur : 1 m \u00c9paisseur de la couche : 2 mm Poids : 31-33 kg Les prix sont susceptibles d&rsquo;\u00eatre modifi\u00e9s.<\/p>\n","protected":false},"featured_media":10876,"comment_status":"open","ping_status":"closed","template":"","meta":{"_acf_changed":false},"brand":[798],"product_cat":[793],"product_tag":[],"class_list":{"0":"post-11032","1":"product","2":"type-product","3":"status-publish","4":"has-post-thumbnail","6":"brand-derwayys-fr","7":"product_cat-materiaux-de-construction","9":"first","10":"instock","11":"shipping-taxable","12":"purchasable","13":"product-type-simple"},"acf":[],"_links":{"self":[{"href":"https:\/\/turkmenexporter.com\/fr\/wp-json\/wp\/v2\/product\/11032","targetHints":{"allow":["GET"]}}],"collection":[{"href":"https:\/\/turkmenexporter.com\/fr\/wp-json\/wp\/v2\/product"}],"about":[{"href":"https:\/\/turkmenexporter.com\/fr\/wp-json\/wp\/v2\/types\/product"}],"replies":[{"embeddable":true,"href":"https:\/\/turkmenexporter.com\/fr\/wp-json\/wp\/v2\/comments?post=11032"}],"version-history":[{"count":0,"href":"https:\/\/turkmenexporter.com\/fr\/wp-json\/wp\/v2\/product\/11032\/revisions"}],"wp:featuredmedia":[{"embeddable":true,"href":"https:\/\/turkmenexporter.com\/fr\/wp-json\/wp\/v2\/media\/10876"}],"wp:attachment":[{"href":"https:\/\/turkmenexporter.com\/fr\/wp-json\/wp\/v2\/media?parent=11032"}],"wp:term":[{"taxonomy":"brand","embeddable":true,"href":"https:\/\/turkmenexporter.com\/fr\/wp-json\/wp\/v2\/brand?post=11032"},{"taxonomy":"product_cat","embeddable":true,"href":"https:\/\/turkmenexporter.com\/fr\/wp-json\/wp\/v2\/product_cat?post=11032"},{"taxonomy":"product_tag","embeddable":true,"href":"https:\/\/turkmenexporter.com\/fr\/wp-json\/wp\/v2\/product_tag?post=11032"}],"curies":[{"name":"wp","href":"https:\/\/api.w.org\/{rel}","templated":true}]}}