{"id":11765,"date":"2024-10-01T21:27:41","date_gmt":"2024-10-01T16:27:41","guid":{"rendered":"https:\/\/turkmenexporter.com\/product\/jarret-de-dinde-surgele\/"},"modified":"2024-10-01T21:27:41","modified_gmt":"2024-10-01T16:27:41","slug":"jarret-de-dinde-surgele","status":"publish","type":"product","link":"https:\/\/turkmenexporter.com\/fr\/produit\/jarret-de-dinde-surgele\/","title":{"rendered":"Jarret de dinde surgel\u00e9"},"content":{"rendered":"<p>Valeur nutritionnelle de 100 g. de produit : Prot\u00e9ines 21,9 g. Mati\u00e8res grasses 7,0 g. Valeur \u00e9nerg\u00e9tique 150,6 kcal. Poids : 680 g. Conditions de stockage : -8\u00b0C \u00e0 -12\u00b0C. Dur\u00e9e de conservation: 3 mois      <\/p>\n","protected":false},"excerpt":{"rendered":"<p>Jarret de dinde surgel\u00e9 680 g. Certificat Halal <\/p>\n","protected":false},"featured_media":11201,"comment_status":"open","ping_status":"closed","template":"","meta":{"_acf_changed":false},"brand":[804],"product_cat":[810],"product_tag":[],"class_list":{"0":"post-11765","1":"product","2":"type-product","3":"status-publish","4":"has-post-thumbnail","6":"brand-maksada-okgunly-fr","7":"product_cat-viande-de-dinde","9":"first","10":"instock","11":"shipping-taxable","12":"purchasable","13":"product-type-simple"},"acf":[],"_links":{"self":[{"href":"https:\/\/turkmenexporter.com\/fr\/wp-json\/wp\/v2\/product\/11765","targetHints":{"allow":["GET"]}}],"collection":[{"href":"https:\/\/turkmenexporter.com\/fr\/wp-json\/wp\/v2\/product"}],"about":[{"href":"https:\/\/turkmenexporter.com\/fr\/wp-json\/wp\/v2\/types\/product"}],"replies":[{"embeddable":true,"href":"https:\/\/turkmenexporter.com\/fr\/wp-json\/wp\/v2\/comments?post=11765"}],"version-history":[{"count":0,"href":"https:\/\/turkmenexporter.com\/fr\/wp-json\/wp\/v2\/product\/11765\/revisions"}],"wp:featuredmedia":[{"embeddable":true,"href":"https:\/\/turkmenexporter.com\/fr\/wp-json\/wp\/v2\/media\/11201"}],"wp:attachment":[{"href":"https:\/\/turkmenexporter.com\/fr\/wp-json\/wp\/v2\/media?parent=11765"}],"wp:term":[{"taxonomy":"brand","embeddable":true,"href":"https:\/\/turkmenexporter.com\/fr\/wp-json\/wp\/v2\/brand?post=11765"},{"taxonomy":"product_cat","embeddable":true,"href":"https:\/\/turkmenexporter.com\/fr\/wp-json\/wp\/v2\/product_cat?post=11765"},{"taxonomy":"product_tag","embeddable":true,"href":"https:\/\/turkmenexporter.com\/fr\/wp-json\/wp\/v2\/product_tag?post=11765"}],"curies":[{"name":"wp","href":"https:\/\/api.w.org\/{rel}","templated":true}]}}