{"id":11770,"date":"2024-10-01T21:27:52","date_gmt":"2024-10-01T16:27:52","guid":{"rendered":"https:\/\/turkmenexporter.com\/product\/viande-de-dinde-hachee-surgelee\/"},"modified":"2024-10-01T21:27:52","modified_gmt":"2024-10-01T16:27:52","slug":"viande-de-dinde-hachee-surgelee","status":"publish","type":"product","link":"https:\/\/turkmenexporter.com\/fr\/produit\/viande-de-dinde-hachee-surgelee\/","title":{"rendered":"Viande de dinde hach\u00e9e surgel\u00e9e"},"content":{"rendered":"<p>Valeur nutritionnelle de 100 g. du produit : Prot\u00e9ines 10,0 g. Glucides 3,5 g. Mati\u00e8res grasses 20,0 g. Valeur \u00e9nerg\u00e9tique 234,0 kcal. Poids : 865 g. Conditions de stockage : -8\u00b0C \u00e0 -12\u00b0C. Dur\u00e9e de conservation : 3 mois       <\/p>\n","protected":false},"excerpt":{"rendered":"<p>Viande de dinde hach\u00e9e surgel\u00e9e 865 g. Certificat Halal <\/p>\n","protected":false},"featured_media":11447,"comment_status":"open","ping_status":"closed","template":"","meta":{"_acf_changed":false},"brand":[804],"product_cat":[810],"product_tag":[],"class_list":{"0":"post-11770","1":"product","2":"type-product","3":"status-publish","4":"has-post-thumbnail","6":"brand-maksada-okgunly-fr","7":"product_cat-viande-de-dinde","9":"first","10":"instock","11":"shipping-taxable","12":"purchasable","13":"product-type-simple"},"acf":[],"_links":{"self":[{"href":"https:\/\/turkmenexporter.com\/fr\/wp-json\/wp\/v2\/product\/11770","targetHints":{"allow":["GET"]}}],"collection":[{"href":"https:\/\/turkmenexporter.com\/fr\/wp-json\/wp\/v2\/product"}],"about":[{"href":"https:\/\/turkmenexporter.com\/fr\/wp-json\/wp\/v2\/types\/product"}],"replies":[{"embeddable":true,"href":"https:\/\/turkmenexporter.com\/fr\/wp-json\/wp\/v2\/comments?post=11770"}],"version-history":[{"count":0,"href":"https:\/\/turkmenexporter.com\/fr\/wp-json\/wp\/v2\/product\/11770\/revisions"}],"wp:featuredmedia":[{"embeddable":true,"href":"https:\/\/turkmenexporter.com\/fr\/wp-json\/wp\/v2\/media\/11447"}],"wp:attachment":[{"href":"https:\/\/turkmenexporter.com\/fr\/wp-json\/wp\/v2\/media?parent=11770"}],"wp:term":[{"taxonomy":"brand","embeddable":true,"href":"https:\/\/turkmenexporter.com\/fr\/wp-json\/wp\/v2\/brand?post=11770"},{"taxonomy":"product_cat","embeddable":true,"href":"https:\/\/turkmenexporter.com\/fr\/wp-json\/wp\/v2\/product_cat?post=11770"},{"taxonomy":"product_tag","embeddable":true,"href":"https:\/\/turkmenexporter.com\/fr\/wp-json\/wp\/v2\/product_tag?post=11770"}],"curies":[{"name":"wp","href":"https:\/\/api.w.org\/{rel}","templated":true}]}}