{"id":11772,"date":"2024-10-01T21:27:58","date_gmt":"2024-10-01T16:27:58","guid":{"rendered":"https:\/\/turkmenexporter.com\/product\/cuisse-de-dinde-surgelee-dans-la-marinade\/"},"modified":"2024-10-01T21:27:58","modified_gmt":"2024-10-01T16:27:58","slug":"cuisse-de-dinde-surgelee-dans-la-marinade","status":"publish","type":"product","link":"https:\/\/turkmenexporter.com\/fr\/produit\/cuisse-de-dinde-surgelee-dans-la-marinade\/","title":{"rendered":"Cuisse de dinde surgel\u00e9e dans la marinade"},"content":{"rendered":"<p>Ingr\u00e9dients : cuisse de dinde, sel de table, poivre rouge moulu, piment de la Jama\u00efque, ail. Poids : 1600 g. Conditions de stockage : -8\u00b0C \u00e0 -12\u00b0C. Dur\u00e9e de conservation : 3 mois   <\/p>\n","protected":false},"excerpt":{"rendered":"<p>Cuisse de dinde surgel\u00e9e en marinade 1600 g. Certificat Halal <\/p>\n","protected":false},"featured_media":11123,"comment_status":"open","ping_status":"closed","template":"","meta":{"_acf_changed":false},"brand":[804],"product_cat":[810],"product_tag":[],"class_list":{"0":"post-11772","1":"product","2":"type-product","3":"status-publish","4":"has-post-thumbnail","6":"brand-maksada-okgunly-fr","7":"product_cat-viande-de-dinde","9":"first","10":"instock","11":"shipping-taxable","12":"purchasable","13":"product-type-simple"},"acf":[],"_links":{"self":[{"href":"https:\/\/turkmenexporter.com\/fr\/wp-json\/wp\/v2\/product\/11772","targetHints":{"allow":["GET"]}}],"collection":[{"href":"https:\/\/turkmenexporter.com\/fr\/wp-json\/wp\/v2\/product"}],"about":[{"href":"https:\/\/turkmenexporter.com\/fr\/wp-json\/wp\/v2\/types\/product"}],"replies":[{"embeddable":true,"href":"https:\/\/turkmenexporter.com\/fr\/wp-json\/wp\/v2\/comments?post=11772"}],"version-history":[{"count":0,"href":"https:\/\/turkmenexporter.com\/fr\/wp-json\/wp\/v2\/product\/11772\/revisions"}],"wp:featuredmedia":[{"embeddable":true,"href":"https:\/\/turkmenexporter.com\/fr\/wp-json\/wp\/v2\/media\/11123"}],"wp:attachment":[{"href":"https:\/\/turkmenexporter.com\/fr\/wp-json\/wp\/v2\/media?parent=11772"}],"wp:term":[{"taxonomy":"brand","embeddable":true,"href":"https:\/\/turkmenexporter.com\/fr\/wp-json\/wp\/v2\/brand?post=11772"},{"taxonomy":"product_cat","embeddable":true,"href":"https:\/\/turkmenexporter.com\/fr\/wp-json\/wp\/v2\/product_cat?post=11772"},{"taxonomy":"product_tag","embeddable":true,"href":"https:\/\/turkmenexporter.com\/fr\/wp-json\/wp\/v2\/product_tag?post=11772"}],"curies":[{"name":"wp","href":"https:\/\/api.w.org\/{rel}","templated":true}]}}