{"id":11773,"date":"2024-10-01T21:27:56","date_gmt":"2024-10-01T16:27:56","guid":{"rendered":"https:\/\/turkmenexporter.com\/product\/dinde-entiere-surgelee\/"},"modified":"2024-10-01T23:39:34","modified_gmt":"2024-10-01T18:39:34","slug":"dinde-entiere-surgelee","status":"publish","type":"product","link":"https:\/\/turkmenexporter.com\/fr\/produit\/dinde-entiere-surgelee\/","title":{"rendered":"Dinde enti\u00e8re surgel\u00e9e"},"content":{"rendered":"<p>Valeur nutritionnelle de 100 g. du produit : Prot\u00e9ines 15,0 g. Mati\u00e8res grasses 4,0 g. Valeur \u00e9nerg\u00e9tique 238,0 kcal. Poids : 4500 g. Conditions de stockage : 0\u00b0C \u00e0 -18\u00b0C. Dur\u00e9e de conservation : 3 mois      <\/p>\n","protected":false},"excerpt":{"rendered":"<p>Dinde enti\u00e8re surgel\u00e9e 4500 g. Certificat Halal <\/p>\n","protected":false},"featured_media":11256,"comment_status":"open","ping_status":"closed","template":"","meta":{"_acf_changed":false},"brand":[804],"product_cat":[810],"product_tag":[],"class_list":{"0":"post-11773","1":"product","2":"type-product","3":"status-publish","4":"has-post-thumbnail","6":"brand-maksada-okgunly-fr","7":"product_cat-viande-de-dinde","9":"first","10":"instock","11":"shipping-taxable","12":"purchasable","13":"product-type-simple"},"acf":[],"_links":{"self":[{"href":"https:\/\/turkmenexporter.com\/fr\/wp-json\/wp\/v2\/product\/11773","targetHints":{"allow":["GET"]}}],"collection":[{"href":"https:\/\/turkmenexporter.com\/fr\/wp-json\/wp\/v2\/product"}],"about":[{"href":"https:\/\/turkmenexporter.com\/fr\/wp-json\/wp\/v2\/types\/product"}],"replies":[{"embeddable":true,"href":"https:\/\/turkmenexporter.com\/fr\/wp-json\/wp\/v2\/comments?post=11773"}],"version-history":[{"count":1,"href":"https:\/\/turkmenexporter.com\/fr\/wp-json\/wp\/v2\/product\/11773\/revisions"}],"predecessor-version":[{"id":11844,"href":"https:\/\/turkmenexporter.com\/fr\/wp-json\/wp\/v2\/product\/11773\/revisions\/11844"}],"wp:featuredmedia":[{"embeddable":true,"href":"https:\/\/turkmenexporter.com\/fr\/wp-json\/wp\/v2\/media\/11256"}],"wp:attachment":[{"href":"https:\/\/turkmenexporter.com\/fr\/wp-json\/wp\/v2\/media?parent=11773"}],"wp:term":[{"taxonomy":"brand","embeddable":true,"href":"https:\/\/turkmenexporter.com\/fr\/wp-json\/wp\/v2\/brand?post=11773"},{"taxonomy":"product_cat","embeddable":true,"href":"https:\/\/turkmenexporter.com\/fr\/wp-json\/wp\/v2\/product_cat?post=11773"},{"taxonomy":"product_tag","embeddable":true,"href":"https:\/\/turkmenexporter.com\/fr\/wp-json\/wp\/v2\/product_tag?post=11773"}],"curies":[{"name":"wp","href":"https:\/\/api.w.org\/{rel}","templated":true}]}}