{"id":11917,"date":"2024-10-01T21:28:15","date_gmt":"2024-10-01T16:28:15","guid":{"rendered":"https:\/\/turkmenexporter.com\/product\/boulettes-de-viande-de-dinde-surgelees-2\/"},"modified":"2024-10-01T21:28:15","modified_gmt":"2024-10-01T16:28:15","slug":"boulettes-de-viande-de-dinde-surgelees-2","status":"publish","type":"product","link":"https:\/\/turkmenexporter.com\/fr\/produit\/boulettes-de-viande-de-dinde-surgelees-2\/","title":{"rendered":"Boulettes de viande de dinde surgel\u00e9es"},"content":{"rendered":"<p>Ingr\u00e9dients : viande de dinde, farine, \u0153uf de poule, oignon vert, sel, poivre noir moulu, coriandre.<br \/>\nPoids : 750 g.<br \/>\nConditions de stockage : -8\u00b0C \u00e0 -12\u00b0C.<br \/>\nDur\u00e9e de conservation : 3 mois   <\/p>\n","protected":false},"excerpt":{"rendered":"<p>Boulettes de viande de dinde surgel\u00e9es 750 g.<br \/>\nCertificat Halal <\/p>\n","protected":false},"featured_media":11136,"comment_status":"open","ping_status":"closed","template":"","meta":{"_acf_changed":false},"brand":[804],"product_cat":[810],"product_tag":[],"class_list":{"0":"post-11917","1":"product","2":"type-product","3":"status-publish","4":"has-post-thumbnail","6":"brand-maksada-okgunly-fr","7":"product_cat-viande-de-dinde","9":"first","10":"instock","11":"shipping-taxable","12":"purchasable","13":"product-type-simple"},"acf":[],"_links":{"self":[{"href":"https:\/\/turkmenexporter.com\/fr\/wp-json\/wp\/v2\/product\/11917","targetHints":{"allow":["GET"]}}],"collection":[{"href":"https:\/\/turkmenexporter.com\/fr\/wp-json\/wp\/v2\/product"}],"about":[{"href":"https:\/\/turkmenexporter.com\/fr\/wp-json\/wp\/v2\/types\/product"}],"replies":[{"embeddable":true,"href":"https:\/\/turkmenexporter.com\/fr\/wp-json\/wp\/v2\/comments?post=11917"}],"version-history":[{"count":0,"href":"https:\/\/turkmenexporter.com\/fr\/wp-json\/wp\/v2\/product\/11917\/revisions"}],"wp:featuredmedia":[{"embeddable":true,"href":"https:\/\/turkmenexporter.com\/fr\/wp-json\/wp\/v2\/media\/11136"}],"wp:attachment":[{"href":"https:\/\/turkmenexporter.com\/fr\/wp-json\/wp\/v2\/media?parent=11917"}],"wp:term":[{"taxonomy":"brand","embeddable":true,"href":"https:\/\/turkmenexporter.com\/fr\/wp-json\/wp\/v2\/brand?post=11917"},{"taxonomy":"product_cat","embeddable":true,"href":"https:\/\/turkmenexporter.com\/fr\/wp-json\/wp\/v2\/product_cat?post=11917"},{"taxonomy":"product_tag","embeddable":true,"href":"https:\/\/turkmenexporter.com\/fr\/wp-json\/wp\/v2\/product_tag?post=11917"}],"curies":[{"name":"wp","href":"https:\/\/api.w.org\/{rel}","templated":true}]}}