{"id":11943,"date":"2024-10-01T21:28:32","date_gmt":"2024-10-01T16:28:32","guid":{"rendered":"https:\/\/turkmenexporter.com\/product\/ragout-de-viande-de-dinde-rouge-dans-son-jus-en-boite\/"},"modified":"2024-10-01T21:28:32","modified_gmt":"2024-10-01T16:28:32","slug":"ragout-de-viande-de-dinde-rouge-dans-son-jus-en-boite","status":"publish","type":"product","link":"https:\/\/turkmenexporter.com\/fr\/produit\/ragout-de-viande-de-dinde-rouge-dans-son-jus-en-boite\/","title":{"rendered":"Rago\u00fbt de viande rouge de dinde dans son jus (en bo\u00eete)"},"content":{"rendered":"<p>Ingr\u00e9dients : Viande de dinde rouge, oignons verts, sel de table, poivre noir, feuille de laurier.<br \/>\nLa fraction de masse de la viande est d&rsquo;au moins 97,4 %.<br \/>\nPoids : 500 g.<br \/>\nConditions de stockage : 0\u00b0C \u00e0 +25\u00b0C.<br \/>\nDur\u00e9e de conservation : 2,5 ans    <\/p>\n","protected":false},"excerpt":{"rendered":"<p>Rago\u00fbt de viande rouge de dinde dans son propre jus (en bo\u00eete) 500 g.<br \/>\nCertificat Halal <\/p>\n","protected":false},"featured_media":11346,"comment_status":"open","ping_status":"closed","template":"","meta":{"_acf_changed":false},"brand":[804],"product_cat":[810],"product_tag":[],"class_list":{"0":"post-11943","1":"product","2":"type-product","3":"status-publish","4":"has-post-thumbnail","6":"brand-maksada-okgunly-fr","7":"product_cat-viande-de-dinde","9":"first","10":"instock","11":"shipping-taxable","12":"purchasable","13":"product-type-simple"},"acf":[],"_links":{"self":[{"href":"https:\/\/turkmenexporter.com\/fr\/wp-json\/wp\/v2\/product\/11943","targetHints":{"allow":["GET"]}}],"collection":[{"href":"https:\/\/turkmenexporter.com\/fr\/wp-json\/wp\/v2\/product"}],"about":[{"href":"https:\/\/turkmenexporter.com\/fr\/wp-json\/wp\/v2\/types\/product"}],"replies":[{"embeddable":true,"href":"https:\/\/turkmenexporter.com\/fr\/wp-json\/wp\/v2\/comments?post=11943"}],"version-history":[{"count":0,"href":"https:\/\/turkmenexporter.com\/fr\/wp-json\/wp\/v2\/product\/11943\/revisions"}],"wp:featuredmedia":[{"embeddable":true,"href":"https:\/\/turkmenexporter.com\/fr\/wp-json\/wp\/v2\/media\/11346"}],"wp:attachment":[{"href":"https:\/\/turkmenexporter.com\/fr\/wp-json\/wp\/v2\/media?parent=11943"}],"wp:term":[{"taxonomy":"brand","embeddable":true,"href":"https:\/\/turkmenexporter.com\/fr\/wp-json\/wp\/v2\/brand?post=11943"},{"taxonomy":"product_cat","embeddable":true,"href":"https:\/\/turkmenexporter.com\/fr\/wp-json\/wp\/v2\/product_cat?post=11943"},{"taxonomy":"product_tag","embeddable":true,"href":"https:\/\/turkmenexporter.com\/fr\/wp-json\/wp\/v2\/product_tag?post=11943"}],"curies":[{"name":"wp","href":"https:\/\/api.w.org\/{rel}","templated":true}]}}