{"id":11964,"date":"2024-10-01T21:28:45","date_gmt":"2024-10-01T16:28:45","guid":{"rendered":"https:\/\/turkmenexporter.com\/product\/viande-de-dinde-cuite-et-refrigeree-saucisses-saucissons-suttli\/"},"modified":"2024-10-01T21:28:45","modified_gmt":"2024-10-01T16:28:45","slug":"viande-de-dinde-cuite-et-refrigeree-saucisses-saucissons-suttli","status":"publish","type":"product","link":"https:\/\/turkmenexporter.com\/fr\/produit\/viande-de-dinde-cuite-et-refrigeree-saucisses-saucissons-suttli\/","title":{"rendered":"Saucisse de viande de dinde cuite r\u00e9frig\u00e9r\u00e9e Suytli"},"content":{"rendered":"<p>Ingr\u00e9dients : viande de dinde, \u0153ufs de poule, farine de bl\u00e9 entier, lait \u00e9cr\u00e9m\u00e9 pasteuris\u00e9, sel de table, conservateur E 250, sucre, poivre noir moulu, piment de la Jama\u00efque, ail.<br \/>\nPoids : 410 g.<br \/>\nConditions de stockage : 0\u00b0C \u00e0 +6\u00b0C.<br \/>\nDur\u00e9e de conservation : 35 jours   <\/p>\n","protected":false},"excerpt":{"rendered":"<p>Saucisse de viande de dinde cuite r\u00e9frig\u00e9r\u00e9e Suytli 410 g.<br \/>\nCertificat Halal <\/p>\n","protected":false},"featured_media":11394,"comment_status":"open","ping_status":"closed","template":"","meta":{"_acf_changed":false},"brand":[804],"product_cat":[810],"product_tag":[],"class_list":{"0":"post-11964","1":"product","2":"type-product","3":"status-publish","4":"has-post-thumbnail","6":"brand-maksada-okgunly-fr","7":"product_cat-viande-de-dinde","9":"first","10":"instock","11":"shipping-taxable","12":"purchasable","13":"product-type-simple"},"acf":[],"_links":{"self":[{"href":"https:\/\/turkmenexporter.com\/fr\/wp-json\/wp\/v2\/product\/11964","targetHints":{"allow":["GET"]}}],"collection":[{"href":"https:\/\/turkmenexporter.com\/fr\/wp-json\/wp\/v2\/product"}],"about":[{"href":"https:\/\/turkmenexporter.com\/fr\/wp-json\/wp\/v2\/types\/product"}],"replies":[{"embeddable":true,"href":"https:\/\/turkmenexporter.com\/fr\/wp-json\/wp\/v2\/comments?post=11964"}],"version-history":[{"count":0,"href":"https:\/\/turkmenexporter.com\/fr\/wp-json\/wp\/v2\/product\/11964\/revisions"}],"wp:featuredmedia":[{"embeddable":true,"href":"https:\/\/turkmenexporter.com\/fr\/wp-json\/wp\/v2\/media\/11394"}],"wp:attachment":[{"href":"https:\/\/turkmenexporter.com\/fr\/wp-json\/wp\/v2\/media?parent=11964"}],"wp:term":[{"taxonomy":"brand","embeddable":true,"href":"https:\/\/turkmenexporter.com\/fr\/wp-json\/wp\/v2\/brand?post=11964"},{"taxonomy":"product_cat","embeddable":true,"href":"https:\/\/turkmenexporter.com\/fr\/wp-json\/wp\/v2\/product_cat?post=11964"},{"taxonomy":"product_tag","embeddable":true,"href":"https:\/\/turkmenexporter.com\/fr\/wp-json\/wp\/v2\/product_tag?post=11964"}],"curies":[{"name":"wp","href":"https:\/\/api.w.org\/{rel}","templated":true}]}}