{"id":11970,"date":"2024-10-01T21:28:50","date_gmt":"2024-10-01T16:28:50","guid":{"rendered":"https:\/\/turkmenexporter.com\/product\/viande-de-dinde-extra-jambon-refrigeree\/"},"modified":"2024-10-01T21:28:50","modified_gmt":"2024-10-01T16:28:50","slug":"viande-de-dinde-extra-jambon-refrigeree","status":"publish","type":"product","link":"https:\/\/turkmenexporter.com\/fr\/produit\/viande-de-dinde-extra-jambon-refrigeree\/","title":{"rendered":"Viande de dinde r\u00e9frig\u00e9r\u00e9e extra jambon"},"content":{"rendered":"<p>Ingr\u00e9dients : Viande de dinde, poitrine de dinde, margarine, sel de table, conservateur E 250, poivre noir moulu, piment de la Jama\u00efque, coriandre moulue.<br \/>\nPoids : 775 g.<br \/>\nConditions de stockage : 0\u00b0C \u00e0 +6\u00b0C.<br \/>\nDur\u00e9e de conservation : 35 jours   <\/p>\n","protected":false},"excerpt":{"rendered":"<p>Viande de dinde r\u00e9frig\u00e9r\u00e9e extra jambon 775 g.<br \/>\nCertificat Halal <\/p>\n","protected":false},"featured_media":11418,"comment_status":"open","ping_status":"closed","template":"","meta":{"_acf_changed":false},"brand":[804],"product_cat":[810],"product_tag":[],"class_list":{"0":"post-11970","1":"product","2":"type-product","3":"status-publish","4":"has-post-thumbnail","6":"brand-maksada-okgunly-fr","7":"product_cat-viande-de-dinde","9":"first","10":"instock","11":"shipping-taxable","12":"purchasable","13":"product-type-simple"},"acf":[],"_links":{"self":[{"href":"https:\/\/turkmenexporter.com\/fr\/wp-json\/wp\/v2\/product\/11970","targetHints":{"allow":["GET"]}}],"collection":[{"href":"https:\/\/turkmenexporter.com\/fr\/wp-json\/wp\/v2\/product"}],"about":[{"href":"https:\/\/turkmenexporter.com\/fr\/wp-json\/wp\/v2\/types\/product"}],"replies":[{"embeddable":true,"href":"https:\/\/turkmenexporter.com\/fr\/wp-json\/wp\/v2\/comments?post=11970"}],"version-history":[{"count":0,"href":"https:\/\/turkmenexporter.com\/fr\/wp-json\/wp\/v2\/product\/11970\/revisions"}],"wp:featuredmedia":[{"embeddable":true,"href":"https:\/\/turkmenexporter.com\/fr\/wp-json\/wp\/v2\/media\/11418"}],"wp:attachment":[{"href":"https:\/\/turkmenexporter.com\/fr\/wp-json\/wp\/v2\/media?parent=11970"}],"wp:term":[{"taxonomy":"brand","embeddable":true,"href":"https:\/\/turkmenexporter.com\/fr\/wp-json\/wp\/v2\/brand?post=11970"},{"taxonomy":"product_cat","embeddable":true,"href":"https:\/\/turkmenexporter.com\/fr\/wp-json\/wp\/v2\/product_cat?post=11970"},{"taxonomy":"product_tag","embeddable":true,"href":"https:\/\/turkmenexporter.com\/fr\/wp-json\/wp\/v2\/product_tag?post=11970"}],"curies":[{"name":"wp","href":"https:\/\/api.w.org\/{rel}","templated":true}]}}