{"id":11971,"date":"2024-10-01T21:28:48","date_gmt":"2024-10-01T16:28:48","guid":{"rendered":"https:\/\/turkmenexporter.com\/product\/viande-de-dinde-cuite-et-refrigeree-saucisson-nazli\/"},"modified":"2024-10-01T21:28:48","modified_gmt":"2024-10-01T16:28:48","slug":"viande-de-dinde-cuite-et-refrigeree-saucisson-nazli","status":"publish","type":"product","link":"https:\/\/turkmenexporter.com\/fr\/produit\/viande-de-dinde-cuite-et-refrigeree-saucisson-nazli\/","title":{"rendered":"Saucisse de viande de dinde cuite et r\u00e9frig\u00e9r\u00e9e Nazli"},"content":{"rendered":"<p>Ingr\u00e9dients : viande de dinde, \u0153ufs de poule, farine de bl\u00e9 de premi\u00e8re qualit\u00e9, lait de vache \u00e9cr\u00e9m\u00e9 en poudre, sel de table, conservateur E 250, sucre, poivre noir, piment de la Jama\u00efque, ail.<br \/>\nPoids : 630 g.<br \/>\nConditions de stockage : 0\u00b0C \u00e0 +6\u00b0C.<br \/>\nDur\u00e9e de conservation : 30 jours   <\/p>\n","protected":false},"excerpt":{"rendered":"<p>Saucisse de viande de dinde cuite r\u00e9frig\u00e9r\u00e9e Nazli 630 g.<br \/>\nCertificat Halal <\/p>\n","protected":false},"featured_media":11388,"comment_status":"open","ping_status":"closed","template":"","meta":{"_acf_changed":false},"brand":[804],"product_cat":[810],"product_tag":[848],"class_list":{"0":"post-11971","1":"product","2":"type-product","3":"status-publish","4":"has-post-thumbnail","6":"brand-maksada-okgunly-fr","7":"product_cat-viande-de-dinde","8":"product_tag-front-product-fr","10":"first","11":"instock","12":"shipping-taxable","13":"purchasable","14":"product-type-simple"},"acf":[],"_links":{"self":[{"href":"https:\/\/turkmenexporter.com\/fr\/wp-json\/wp\/v2\/product\/11971","targetHints":{"allow":["GET"]}}],"collection":[{"href":"https:\/\/turkmenexporter.com\/fr\/wp-json\/wp\/v2\/product"}],"about":[{"href":"https:\/\/turkmenexporter.com\/fr\/wp-json\/wp\/v2\/types\/product"}],"replies":[{"embeddable":true,"href":"https:\/\/turkmenexporter.com\/fr\/wp-json\/wp\/v2\/comments?post=11971"}],"version-history":[{"count":0,"href":"https:\/\/turkmenexporter.com\/fr\/wp-json\/wp\/v2\/product\/11971\/revisions"}],"wp:featuredmedia":[{"embeddable":true,"href":"https:\/\/turkmenexporter.com\/fr\/wp-json\/wp\/v2\/media\/11388"}],"wp:attachment":[{"href":"https:\/\/turkmenexporter.com\/fr\/wp-json\/wp\/v2\/media?parent=11971"}],"wp:term":[{"taxonomy":"brand","embeddable":true,"href":"https:\/\/turkmenexporter.com\/fr\/wp-json\/wp\/v2\/brand?post=11971"},{"taxonomy":"product_cat","embeddable":true,"href":"https:\/\/turkmenexporter.com\/fr\/wp-json\/wp\/v2\/product_cat?post=11971"},{"taxonomy":"product_tag","embeddable":true,"href":"https:\/\/turkmenexporter.com\/fr\/wp-json\/wp\/v2\/product_tag?post=11971"}],"curies":[{"name":"wp","href":"https:\/\/api.w.org\/{rel}","templated":true}]}}