{"id":11976,"date":"2024-10-01T21:28:55","date_gmt":"2024-10-01T16:28:55","guid":{"rendered":"https:\/\/turkmenexporter.com\/product\/dinde-viande-lait-saucisses\/"},"modified":"2024-10-01T21:28:55","modified_gmt":"2024-10-01T16:28:55","slug":"dinde-viande-lait-saucisses","status":"publish","type":"product","link":"https:\/\/turkmenexporter.com\/fr\/produit\/dinde-viande-lait-saucisses\/","title":{"rendered":"Viande de dinde lait saucisses"},"content":{"rendered":"<p>Ingr\u00e9dients : viande de dinde, margarine, \u0153ufs de poule, lait \u00e9cr\u00e9m\u00e9 pasteuris\u00e9, sel de table, conservateur E 250, sucre, poivre noir moulu, piment de la Jama\u00efque.<br \/>\nPoids : 300 g.<br \/>\nConditions de stockage : 0\u00b0C \u00e0 +6\u00b0C.<br \/>\nDur\u00e9e de conservation : 35 jours   <\/p>\n","protected":false},"excerpt":{"rendered":"<p>Saucisses de lait \u00e0 la viande de dinde 300 g.<br \/>\nCertificat Halal <\/p>\n","protected":false},"featured_media":11316,"comment_status":"open","ping_status":"closed","template":"","meta":{"_acf_changed":false},"brand":[804],"product_cat":[810],"product_tag":[],"class_list":{"0":"post-11976","1":"product","2":"type-product","3":"status-publish","4":"has-post-thumbnail","6":"brand-maksada-okgunly-fr","7":"product_cat-viande-de-dinde","9":"first","10":"instock","11":"shipping-taxable","12":"purchasable","13":"product-type-simple"},"acf":[],"_links":{"self":[{"href":"https:\/\/turkmenexporter.com\/fr\/wp-json\/wp\/v2\/product\/11976","targetHints":{"allow":["GET"]}}],"collection":[{"href":"https:\/\/turkmenexporter.com\/fr\/wp-json\/wp\/v2\/product"}],"about":[{"href":"https:\/\/turkmenexporter.com\/fr\/wp-json\/wp\/v2\/types\/product"}],"replies":[{"embeddable":true,"href":"https:\/\/turkmenexporter.com\/fr\/wp-json\/wp\/v2\/comments?post=11976"}],"version-history":[{"count":0,"href":"https:\/\/turkmenexporter.com\/fr\/wp-json\/wp\/v2\/product\/11976\/revisions"}],"wp:featuredmedia":[{"embeddable":true,"href":"https:\/\/turkmenexporter.com\/fr\/wp-json\/wp\/v2\/media\/11316"}],"wp:attachment":[{"href":"https:\/\/turkmenexporter.com\/fr\/wp-json\/wp\/v2\/media?parent=11976"}],"wp:term":[{"taxonomy":"brand","embeddable":true,"href":"https:\/\/turkmenexporter.com\/fr\/wp-json\/wp\/v2\/brand?post=11976"},{"taxonomy":"product_cat","embeddable":true,"href":"https:\/\/turkmenexporter.com\/fr\/wp-json\/wp\/v2\/product_cat?post=11976"},{"taxonomy":"product_tag","embeddable":true,"href":"https:\/\/turkmenexporter.com\/fr\/wp-json\/wp\/v2\/product_tag?post=11976"}],"curies":[{"name":"wp","href":"https:\/\/api.w.org\/{rel}","templated":true}]}}