{"id":11977,"date":"2024-10-01T21:28:53","date_gmt":"2024-10-01T16:28:53","guid":{"rendered":"https:\/\/turkmenexporter.com\/product\/gousse-de-dinde-semi-fumee-a-la-viande-de-dinde-et-au-saucisson-refrigeree\/"},"modified":"2024-10-01T21:28:53","modified_gmt":"2024-10-01T16:28:53","slug":"gousse-de-dinde-semi-fumee-a-la-viande-de-dinde-et-au-saucisson-refrigeree","status":"publish","type":"product","link":"https:\/\/turkmenexporter.com\/fr\/produit\/gousse-de-dinde-semi-fumee-a-la-viande-de-dinde-et-au-saucisson-refrigeree\/","title":{"rendered":"Saucisse de viande de dinde semi-fum\u00e9e r\u00e9frig\u00e9r\u00e9e Hindgush"},"content":{"rendered":"<p>Ingr\u00e9dients : viande de dinde, sel de table, conservateur E 250, piment de la Jama\u00efque moulu, poivre noir moulu, ail.<br \/>\nPoids : 450 g.<br \/>\nConditions de stockage : 0\u00b0C \u00e0 +6\u00b0C.<br \/>\nDur\u00e9e de conservation : 30 jours   <\/p>\n","protected":false},"excerpt":{"rendered":"<p>Saucisse r\u00e9frig\u00e9r\u00e9e \u00e0 la viande de dinde semi-fum\u00e9e Hindgush 450 g.<br \/>\nCertificat Halal <\/p>\n","protected":false},"featured_media":11412,"comment_status":"open","ping_status":"closed","template":"","meta":{"_acf_changed":false},"brand":[804],"product_cat":[810],"product_tag":[],"class_list":{"0":"post-11977","1":"product","2":"type-product","3":"status-publish","4":"has-post-thumbnail","6":"brand-maksada-okgunly-fr","7":"product_cat-viande-de-dinde","9":"first","10":"instock","11":"shipping-taxable","12":"purchasable","13":"product-type-simple"},"acf":[],"_links":{"self":[{"href":"https:\/\/turkmenexporter.com\/fr\/wp-json\/wp\/v2\/product\/11977","targetHints":{"allow":["GET"]}}],"collection":[{"href":"https:\/\/turkmenexporter.com\/fr\/wp-json\/wp\/v2\/product"}],"about":[{"href":"https:\/\/turkmenexporter.com\/fr\/wp-json\/wp\/v2\/types\/product"}],"replies":[{"embeddable":true,"href":"https:\/\/turkmenexporter.com\/fr\/wp-json\/wp\/v2\/comments?post=11977"}],"version-history":[{"count":0,"href":"https:\/\/turkmenexporter.com\/fr\/wp-json\/wp\/v2\/product\/11977\/revisions"}],"wp:featuredmedia":[{"embeddable":true,"href":"https:\/\/turkmenexporter.com\/fr\/wp-json\/wp\/v2\/media\/11412"}],"wp:attachment":[{"href":"https:\/\/turkmenexporter.com\/fr\/wp-json\/wp\/v2\/media?parent=11977"}],"wp:term":[{"taxonomy":"brand","embeddable":true,"href":"https:\/\/turkmenexporter.com\/fr\/wp-json\/wp\/v2\/brand?post=11977"},{"taxonomy":"product_cat","embeddable":true,"href":"https:\/\/turkmenexporter.com\/fr\/wp-json\/wp\/v2\/product_cat?post=11977"},{"taxonomy":"product_tag","embeddable":true,"href":"https:\/\/turkmenexporter.com\/fr\/wp-json\/wp\/v2\/product_tag?post=11977"}],"curies":[{"name":"wp","href":"https:\/\/api.w.org\/{rel}","templated":true}]}}