{"id":11991,"date":"2024-10-01T21:29:00","date_gmt":"2024-10-01T16:29:00","guid":{"rendered":"https:\/\/turkmenexporter.com\/product\/saucisse-de-viande-de-dinde-krakowska-refrigeree\/"},"modified":"2024-10-01T21:29:00","modified_gmt":"2024-10-01T16:29:00","slug":"saucisse-de-viande-de-dinde-krakowska-refrigeree","status":"publish","type":"product","link":"https:\/\/turkmenexporter.com\/fr\/produit\/saucisse-de-viande-de-dinde-krakowska-refrigeree\/","title":{"rendered":"Saucisse froide \u00e0 la viande de dinde Krakowska"},"content":{"rendered":"<p>Ingr\u00e9dients : viande de dinde, fromage \u00e0 p\u00e2te dure, margarine, sel de table, colorant conservateur, E 250, poivre noir moulu, coriandre moulue.<br \/>\nPoids : 500 g.<br \/>\nConditions de stockage : 0\u00b0C \u00e0 +6\u00b0C.<br \/>\nDur\u00e9e de conservation : 30 jours   <\/p>\n","protected":false},"excerpt":{"rendered":"<p>Saucisses \u00e0 la viande de dinde Krakowska r\u00e9frig\u00e9r\u00e9es 500 g.<br \/>\nCertificat Halal <\/p>\n","protected":false},"featured_media":11400,"comment_status":"open","ping_status":"closed","template":"","meta":{"_acf_changed":false},"brand":[804],"product_cat":[810],"product_tag":[],"class_list":{"0":"post-11991","1":"product","2":"type-product","3":"status-publish","4":"has-post-thumbnail","6":"brand-maksada-okgunly-fr","7":"product_cat-viande-de-dinde","9":"first","10":"instock","11":"shipping-taxable","12":"purchasable","13":"product-type-simple"},"acf":[],"_links":{"self":[{"href":"https:\/\/turkmenexporter.com\/fr\/wp-json\/wp\/v2\/product\/11991","targetHints":{"allow":["GET"]}}],"collection":[{"href":"https:\/\/turkmenexporter.com\/fr\/wp-json\/wp\/v2\/product"}],"about":[{"href":"https:\/\/turkmenexporter.com\/fr\/wp-json\/wp\/v2\/types\/product"}],"replies":[{"embeddable":true,"href":"https:\/\/turkmenexporter.com\/fr\/wp-json\/wp\/v2\/comments?post=11991"}],"version-history":[{"count":0,"href":"https:\/\/turkmenexporter.com\/fr\/wp-json\/wp\/v2\/product\/11991\/revisions"}],"wp:featuredmedia":[{"embeddable":true,"href":"https:\/\/turkmenexporter.com\/fr\/wp-json\/wp\/v2\/media\/11400"}],"wp:attachment":[{"href":"https:\/\/turkmenexporter.com\/fr\/wp-json\/wp\/v2\/media?parent=11991"}],"wp:term":[{"taxonomy":"brand","embeddable":true,"href":"https:\/\/turkmenexporter.com\/fr\/wp-json\/wp\/v2\/brand?post=11991"},{"taxonomy":"product_cat","embeddable":true,"href":"https:\/\/turkmenexporter.com\/fr\/wp-json\/wp\/v2\/product_cat?post=11991"},{"taxonomy":"product_tag","embeddable":true,"href":"https:\/\/turkmenexporter.com\/fr\/wp-json\/wp\/v2\/product_tag?post=11991"}],"curies":[{"name":"wp","href":"https:\/\/api.w.org\/{rel}","templated":true}]}}