{"id":12003,"date":"2024-10-01T21:29:09","date_gmt":"2024-10-01T16:29:09","guid":{"rendered":"https:\/\/turkmenexporter.com\/product\/dinde-filet-roti-de-boeuf\/"},"modified":"2024-10-01T21:29:09","modified_gmt":"2024-10-01T16:29:09","slug":"dinde-filet-roti-de-boeuf","status":"publish","type":"product","link":"https:\/\/turkmenexporter.com\/fr\/produit\/dinde-filet-roti-de-boeuf\/","title":{"rendered":"Filet de dinde r\u00f4ti de b\u0153uf"},"content":{"rendered":"<p>Ingr\u00e9dients : filet de dinde, sel de table, origan, poivre rouge moulu, ail.<br \/>\nPoids : 470 g.<br \/>\nConditions de stockage : 0\u00b0C \u00e0 +4\u00b0C.<br \/>\nDur\u00e9e de conservation : 45 jours   <\/p>\n","protected":false},"excerpt":{"rendered":"<p>Filet de dinde r\u00f4ti de b\u0153uf 470 g.<br \/>\nCertificat Halal <\/p>\n","protected":false},"featured_media":11304,"comment_status":"open","ping_status":"closed","template":"","meta":{"_acf_changed":false},"brand":[804],"product_cat":[810],"product_tag":[],"class_list":{"0":"post-12003","1":"product","2":"type-product","3":"status-publish","4":"has-post-thumbnail","6":"brand-maksada-okgunly-fr","7":"product_cat-viande-de-dinde","9":"first","10":"instock","11":"shipping-taxable","12":"purchasable","13":"product-type-simple"},"acf":[],"_links":{"self":[{"href":"https:\/\/turkmenexporter.com\/fr\/wp-json\/wp\/v2\/product\/12003","targetHints":{"allow":["GET"]}}],"collection":[{"href":"https:\/\/turkmenexporter.com\/fr\/wp-json\/wp\/v2\/product"}],"about":[{"href":"https:\/\/turkmenexporter.com\/fr\/wp-json\/wp\/v2\/types\/product"}],"replies":[{"embeddable":true,"href":"https:\/\/turkmenexporter.com\/fr\/wp-json\/wp\/v2\/comments?post=12003"}],"version-history":[{"count":0,"href":"https:\/\/turkmenexporter.com\/fr\/wp-json\/wp\/v2\/product\/12003\/revisions"}],"wp:featuredmedia":[{"embeddable":true,"href":"https:\/\/turkmenexporter.com\/fr\/wp-json\/wp\/v2\/media\/11304"}],"wp:attachment":[{"href":"https:\/\/turkmenexporter.com\/fr\/wp-json\/wp\/v2\/media?parent=12003"}],"wp:term":[{"taxonomy":"brand","embeddable":true,"href":"https:\/\/turkmenexporter.com\/fr\/wp-json\/wp\/v2\/brand?post=12003"},{"taxonomy":"product_cat","embeddable":true,"href":"https:\/\/turkmenexporter.com\/fr\/wp-json\/wp\/v2\/product_cat?post=12003"},{"taxonomy":"product_tag","embeddable":true,"href":"https:\/\/turkmenexporter.com\/fr\/wp-json\/wp\/v2\/product_tag?post=12003"}],"curies":[{"name":"wp","href":"https:\/\/api.w.org\/{rel}","templated":true}]}}