{"id":12017,"date":"2024-10-01T21:29:17","date_gmt":"2024-10-01T16:29:17","guid":{"rendered":"https:\/\/turkmenexporter.com\/product\/viande-de-dinde-cuite-et-fumee-rulet-shagadam\/"},"modified":"2024-10-01T21:29:17","modified_gmt":"2024-10-01T16:29:17","slug":"viande-de-dinde-cuite-et-fumee-rulet-shagadam","status":"publish","type":"product","link":"https:\/\/turkmenexporter.com\/fr\/produit\/viande-de-dinde-cuite-et-fumee-rulet-shagadam\/","title":{"rendered":"Viande de dinde cuite et fum\u00e9e rulet Shagadam"},"content":{"rendered":"<p>Ingr\u00e9dients : viande de dinde d\u00e9soss\u00e9e, poivre noir moulu, poivre rouge moulu, ail hach\u00e9, sel de table, conservateur E 250, additif alimentaire.<br \/>\nPoids : 300 g.<br \/>\nConditions de stockage : 0\u00b0C \u00e0 +4\u00b0C.<br \/>\nDur\u00e9e de conservation : 30 jours   <\/p>\n","protected":false},"excerpt":{"rendered":"<p>Viande de dinde cuite et fum\u00e9e rulet Shagadam 300 g.<br \/>\nCertificat Halal <\/p>\n","protected":false},"featured_media":11424,"comment_status":"open","ping_status":"closed","template":"","meta":{"_acf_changed":false},"brand":[804],"product_cat":[810],"product_tag":[],"class_list":{"0":"post-12017","1":"product","2":"type-product","3":"status-publish","4":"has-post-thumbnail","6":"brand-maksada-okgunly-fr","7":"product_cat-viande-de-dinde","9":"first","10":"instock","11":"shipping-taxable","12":"purchasable","13":"product-type-simple"},"acf":[],"_links":{"self":[{"href":"https:\/\/turkmenexporter.com\/fr\/wp-json\/wp\/v2\/product\/12017","targetHints":{"allow":["GET"]}}],"collection":[{"href":"https:\/\/turkmenexporter.com\/fr\/wp-json\/wp\/v2\/product"}],"about":[{"href":"https:\/\/turkmenexporter.com\/fr\/wp-json\/wp\/v2\/types\/product"}],"replies":[{"embeddable":true,"href":"https:\/\/turkmenexporter.com\/fr\/wp-json\/wp\/v2\/comments?post=12017"}],"version-history":[{"count":0,"href":"https:\/\/turkmenexporter.com\/fr\/wp-json\/wp\/v2\/product\/12017\/revisions"}],"wp:featuredmedia":[{"embeddable":true,"href":"https:\/\/turkmenexporter.com\/fr\/wp-json\/wp\/v2\/media\/11424"}],"wp:attachment":[{"href":"https:\/\/turkmenexporter.com\/fr\/wp-json\/wp\/v2\/media?parent=12017"}],"wp:term":[{"taxonomy":"brand","embeddable":true,"href":"https:\/\/turkmenexporter.com\/fr\/wp-json\/wp\/v2\/brand?post=12017"},{"taxonomy":"product_cat","embeddable":true,"href":"https:\/\/turkmenexporter.com\/fr\/wp-json\/wp\/v2\/product_cat?post=12017"},{"taxonomy":"product_tag","embeddable":true,"href":"https:\/\/turkmenexporter.com\/fr\/wp-json\/wp\/v2\/product_tag?post=12017"}],"curies":[{"name":"wp","href":"https:\/\/api.w.org\/{rel}","templated":true}]}}