{"id":12501,"date":"2024-10-31T02:03:54","date_gmt":"2024-10-30T21:03:54","guid":{"rendered":"https:\/\/turkmenexporter.com\/product\/tapis-tisse-a-la-main-par-les-turkmenes\/"},"modified":"2024-10-31T02:03:54","modified_gmt":"2024-10-30T21:03:54","slug":"tapis-tisse-a-la-main-par-les-turkmenes","status":"publish","type":"product","link":"https:\/\/turkmenexporter.com\/fr\/produit\/tapis-tisse-a-la-main-par-les-turkmenes\/","title":{"rendered":"Tapis tiss\u00e9 \u00e0 la main au Turkm\u00e9nistan"},"content":{"rendered":"<p>Tapis turkm\u00e8ne tiss\u00e9 \u00e0 la main &#8211; Tiss\u00e9 \u00e0 la main selon des techniques traditionnelles, ce tapis turkm\u00e8ne fait \u00e0 la main ajoute de l&rsquo;\u00e9l\u00e9gance \u00e0 votre int\u00e9rieur. Base : Laine, Pile : Laine, Type de tissage : Nou\u00e9 \u00e0 la main (n\u0153ud asym\u00e9trique), Densit\u00e9 de n\u0153uds : environ 280 000 n\u0153uds par m\u00e8tre carr\u00e9, \u00c9paisseur : \u224810 mm, Taille : Selon les exigences du client.  <\/p>\n","protected":false},"excerpt":{"rendered":"<p>Tiss\u00e9 \u00e0 la main selon des techniques traditionnelles, ce tapis turkm\u00e8ne ajoute de l&rsquo;\u00e9l\u00e9gance \u00e0 votre int\u00e9rieur. Prix au m\u00e8tre carr\u00e9. <\/p>\n","protected":false},"featured_media":12420,"comment_status":"open","ping_status":"closed","template":"","meta":{"_acf_changed":false},"brand":[860],"product_cat":[854],"product_tag":[],"class_list":{"0":"post-12501","1":"product","2":"type-product","3":"status-publish","4":"has-post-thumbnail","6":"brand-kumush-yupek-fr","7":"product_cat-tapis","9":"first","10":"instock","11":"shipping-taxable","12":"purchasable","13":"product-type-simple"},"acf":[],"_links":{"self":[{"href":"https:\/\/turkmenexporter.com\/fr\/wp-json\/wp\/v2\/product\/12501","targetHints":{"allow":["GET"]}}],"collection":[{"href":"https:\/\/turkmenexporter.com\/fr\/wp-json\/wp\/v2\/product"}],"about":[{"href":"https:\/\/turkmenexporter.com\/fr\/wp-json\/wp\/v2\/types\/product"}],"replies":[{"embeddable":true,"href":"https:\/\/turkmenexporter.com\/fr\/wp-json\/wp\/v2\/comments?post=12501"}],"version-history":[{"count":0,"href":"https:\/\/turkmenexporter.com\/fr\/wp-json\/wp\/v2\/product\/12501\/revisions"}],"wp:featuredmedia":[{"embeddable":true,"href":"https:\/\/turkmenexporter.com\/fr\/wp-json\/wp\/v2\/media\/12420"}],"wp:attachment":[{"href":"https:\/\/turkmenexporter.com\/fr\/wp-json\/wp\/v2\/media?parent=12501"}],"wp:term":[{"taxonomy":"brand","embeddable":true,"href":"https:\/\/turkmenexporter.com\/fr\/wp-json\/wp\/v2\/brand?post=12501"},{"taxonomy":"product_cat","embeddable":true,"href":"https:\/\/turkmenexporter.com\/fr\/wp-json\/wp\/v2\/product_cat?post=12501"},{"taxonomy":"product_tag","embeddable":true,"href":"https:\/\/turkmenexporter.com\/fr\/wp-json\/wp\/v2\/product_tag?post=12501"}],"curies":[{"name":"wp","href":"https:\/\/api.w.org\/{rel}","templated":true}]}}