{"id":12511,"date":"2024-10-31T02:03:55","date_gmt":"2024-10-30T21:03:55","guid":{"rendered":"https:\/\/turkmenexporter.com\/product\/tapis-traditionnel-turkmene\/"},"modified":"2024-10-31T02:03:55","modified_gmt":"2024-10-30T21:03:55","slug":"tapis-traditionnel-turkmene","status":"publish","type":"product","link":"https:\/\/turkmenexporter.com\/fr\/produit\/tapis-traditionnel-turkmene\/","title":{"rendered":"Tapis traditionnel turkm\u00e8ne"},"content":{"rendered":"<p>Tapis traditionnel turkm\u00e8ne &#8211; Un superbe tapis traditionnel turkm\u00e8ne fait \u00e0 la main, pr\u00e9sentant des motifs complexes et un savoir-faire artisanal. Base : Laine, Pile : Laine, Type de tissage : Nou\u00e9 \u00e0 la main (n\u0153ud asym\u00e9trique), Densit\u00e9 de n\u0153uds : environ 280 000 n\u0153uds par m\u00e8tre carr\u00e9, \u00c9paisseur : \u224810 mm, Taille : Selon les exigences du client.  <\/p>\n","protected":false},"excerpt":{"rendered":"<p>Un superbe tapis traditionnel turkm\u00e8ne, aux motifs complexes et au savoir-faire artisanal. Prix au m\u00e8tre carr\u00e9. <\/p>\n","protected":false},"featured_media":12444,"comment_status":"open","ping_status":"closed","template":"","meta":{"_acf_changed":false},"brand":[860],"product_cat":[854],"product_tag":[],"class_list":{"0":"post-12511","1":"product","2":"type-product","3":"status-publish","4":"has-post-thumbnail","6":"brand-kumush-yupek-fr","7":"product_cat-tapis","9":"first","10":"instock","11":"shipping-taxable","12":"purchasable","13":"product-type-simple"},"acf":[],"_links":{"self":[{"href":"https:\/\/turkmenexporter.com\/fr\/wp-json\/wp\/v2\/product\/12511","targetHints":{"allow":["GET"]}}],"collection":[{"href":"https:\/\/turkmenexporter.com\/fr\/wp-json\/wp\/v2\/product"}],"about":[{"href":"https:\/\/turkmenexporter.com\/fr\/wp-json\/wp\/v2\/types\/product"}],"replies":[{"embeddable":true,"href":"https:\/\/turkmenexporter.com\/fr\/wp-json\/wp\/v2\/comments?post=12511"}],"version-history":[{"count":0,"href":"https:\/\/turkmenexporter.com\/fr\/wp-json\/wp\/v2\/product\/12511\/revisions"}],"wp:featuredmedia":[{"embeddable":true,"href":"https:\/\/turkmenexporter.com\/fr\/wp-json\/wp\/v2\/media\/12444"}],"wp:attachment":[{"href":"https:\/\/turkmenexporter.com\/fr\/wp-json\/wp\/v2\/media?parent=12511"}],"wp:term":[{"taxonomy":"brand","embeddable":true,"href":"https:\/\/turkmenexporter.com\/fr\/wp-json\/wp\/v2\/brand?post=12511"},{"taxonomy":"product_cat","embeddable":true,"href":"https:\/\/turkmenexporter.com\/fr\/wp-json\/wp\/v2\/product_cat?post=12511"},{"taxonomy":"product_tag","embeddable":true,"href":"https:\/\/turkmenexporter.com\/fr\/wp-json\/wp\/v2\/product_tag?post=12511"}],"curies":[{"name":"wp","href":"https:\/\/api.w.org\/{rel}","templated":true}]}}