{"id":12519,"date":"2024-10-31T02:03:56","date_gmt":"2024-10-30T21:03:56","guid":{"rendered":"https:\/\/turkmenexporter.com\/product\/tapis-fait-main\/"},"modified":"2024-10-31T02:03:56","modified_gmt":"2024-10-30T21:03:56","slug":"tapis-fait-main","status":"publish","type":"product","link":"https:\/\/turkmenexporter.com\/fr\/produit\/tapis-fait-main\/","title":{"rendered":"Tapis fait main"},"content":{"rendered":"<p>Tapis fait \u00e0 la main &#8211; Tapis exquis fait \u00e0 la main pr\u00e9sentant des motifs et des couleurs uniques. Base : Laine, Pile : Laine, Type de tissage : Nou\u00e9 \u00e0 la main (n\u0153ud asym\u00e9trique), Densit\u00e9 de n\u0153uds : environ 280 000 n\u0153uds par m\u00e8tre carr\u00e9, \u00c9paisseur : \u224810 mm, Taille : Selon les exigences du client.  <\/p>\n","protected":false},"excerpt":{"rendered":"<p>Tapis exquis fabriqu\u00e9 \u00e0 la main avec des motifs et des couleurs uniques. Prix au m\u00e8tre carr\u00e9. <\/p>\n","protected":false},"featured_media":12396,"comment_status":"open","ping_status":"closed","template":"","meta":{"_acf_changed":false},"brand":[860],"product_cat":[854],"product_tag":[],"class_list":{"0":"post-12519","1":"product","2":"type-product","3":"status-publish","4":"has-post-thumbnail","6":"brand-kumush-yupek-fr","7":"product_cat-tapis","9":"first","10":"instock","11":"shipping-taxable","12":"purchasable","13":"product-type-simple"},"acf":[],"_links":{"self":[{"href":"https:\/\/turkmenexporter.com\/fr\/wp-json\/wp\/v2\/product\/12519","targetHints":{"allow":["GET"]}}],"collection":[{"href":"https:\/\/turkmenexporter.com\/fr\/wp-json\/wp\/v2\/product"}],"about":[{"href":"https:\/\/turkmenexporter.com\/fr\/wp-json\/wp\/v2\/types\/product"}],"replies":[{"embeddable":true,"href":"https:\/\/turkmenexporter.com\/fr\/wp-json\/wp\/v2\/comments?post=12519"}],"version-history":[{"count":0,"href":"https:\/\/turkmenexporter.com\/fr\/wp-json\/wp\/v2\/product\/12519\/revisions"}],"wp:featuredmedia":[{"embeddable":true,"href":"https:\/\/turkmenexporter.com\/fr\/wp-json\/wp\/v2\/media\/12396"}],"wp:attachment":[{"href":"https:\/\/turkmenexporter.com\/fr\/wp-json\/wp\/v2\/media?parent=12519"}],"wp:term":[{"taxonomy":"brand","embeddable":true,"href":"https:\/\/turkmenexporter.com\/fr\/wp-json\/wp\/v2\/brand?post=12519"},{"taxonomy":"product_cat","embeddable":true,"href":"https:\/\/turkmenexporter.com\/fr\/wp-json\/wp\/v2\/product_cat?post=12519"},{"taxonomy":"product_tag","embeddable":true,"href":"https:\/\/turkmenexporter.com\/fr\/wp-json\/wp\/v2\/product_tag?post=12519"}],"curies":[{"name":"wp","href":"https:\/\/api.w.org\/{rel}","templated":true}]}}