{"id":13398,"date":"2025-02-19T06:47:12","date_gmt":"2025-02-19T01:47:12","guid":{"rendered":"https:\/\/turkmenexporter.com\/product\/fil-thermofixe\/"},"modified":"2025-02-19T06:47:12","modified_gmt":"2025-02-19T01:47:12","slug":"fil-thermofixe","status":"publish","type":"product","link":"https:\/\/turkmenexporter.com\/fr\/produit\/fil-thermofixe\/","title":{"rendered":"Filthermofix\u00e9"},"content":{"rendered":"<p>Les fils thermofix\u00e9s de Golden Yarn sont con\u00e7us pour offrir des performances optimales dans les moquettes et les tapis de haute qualit\u00e9. Notre proc\u00e9d\u00e9 Heat Set am\u00e9liore la durabilit\u00e9 du fil, sa r\u00e9sistance \u00e0 la chaleur et sa capacit\u00e9 \u00e0 conserver sa forme, ce qui en fait le choix id\u00e9al pour des solutions de rev\u00eatement de sol durables. Les fils subissent un traitement thermique qui garantit une texture homog\u00e8ne, des performances am\u00e9lior\u00e9es et une palette de couleurs \u00e9clatantes. Les fils thermofix\u00e9s de Golden Yarn sont con\u00e7us pour r\u00e9pondre aux exigences des march\u00e9s des rev\u00eatements de sol r\u00e9sidentiels et commerciaux, offrant une qualit\u00e9 sup\u00e9rieure \u00e0 des prix comp\u00e9titifs. Mati\u00e8re premi\u00e8re : Polypropyl\u00e8ne (PP)    <\/p>\n<p class=\"elementor-heading-title elementor-size-default\"><strong>Vous pouvez passer une commande sp\u00e9cifique par :<\/strong><\/p>\n<div class=\"elementor-element elementor-element-1ab09687 e-flex e-con-boxed e-con e-parent e-lazyloaded\" data-id=\"1ab09687\" data-element_type=\"container\">\n<div class=\"e-con-inner\">\n<div class=\"elementor-element elementor-element-1494d99a elementor-widget__width-initial elementor-widget elementor-widget-icon-box\" data-id=\"1494d99a\" data-element_type=\"widget\" data-widget_type=\"icon-box.default\">\n<div class=\"elementor-widget-container\">\n<div class=\"elementor-icon-box-wrapper\">\n<div class=\"elementor-icon-box-content\">\n<p class=\"elementor-icon-box-description\"><strong>Dtex: <\/strong>800 \u00e0 5000 dtex<\/p>\n<\/div>\n<\/div>\n<\/div>\n<\/div>\n<div class=\"elementor-element elementor-element-373b1101 elementor-widget__width-initial elementor-widget elementor-widget-icon-box\" data-id=\"373b1101\" data-element_type=\"widget\" data-widget_type=\"icon-box.default\">\n<div class=\"elementor-widget-container\">\n<div class=\"elementor-icon-box-wrapper\">\n<div class=\"elementor-icon-box-content\">\n<p class=\"elementor-icon-box-title\"><strong>Filaments : <\/strong>120-480<\/p>\n<\/div>\n<\/div>\n<\/div>\n<\/div>\n<div class=\"elementor-element elementor-element-6a7f98ee elementor-widget__width-initial elementor-widget elementor-widget-icon-box\" data-id=\"6a7f98ee\" data-element_type=\"widget\" data-widget_type=\"icon-box.default\">\n<div class=\"elementor-widget-container\">\n<div class=\"elementor-icon-box-wrapper\">\n<div class=\"elementor-icon-box-content\">\n<p class=\"elementor-icon-box-title\"><strong>Forme de la spinnerette: <\/strong>Trilobal, Delta, Circulaire (ou options personnalis\u00e9es)<\/p>\n<\/div>\n<\/div>\n<\/div>\n<\/div>\n<div class=\"elementor-element elementor-element-3410f007 elementor-widget__width-initial elementor-widget elementor-widget-icon-box\" data-id=\"3410f007\" data-element_type=\"widget\" data-widget_type=\"icon-box.default\">\n<div class=\"elementor-widget-container\">\n<div class=\"elementor-icon-box-wrapper\">\n<div class=\"elementor-icon-box-content\">\n<p class=\"elementor-icon-box-title\"><strong>Allongement (%) : <\/strong>30-60<\/p>\n<\/div>\n<\/div>\n<\/div>\n<\/div>\n<div class=\"elementor-element elementor-element-23d3366b elementor-widget__width-initial elementor-widget elementor-widget-icon-box\" data-id=\"23d3366b\" data-element_type=\"widget\" data-widget_type=\"icon-box.default\">\n<div class=\"elementor-widget-container\">\n<div class=\"elementor-icon-box-wrapper\">\n<div class=\"elementor-icon-box-content\">\n<p class=\"elementor-icon-box-title\"><strong>T\u00e9nacit\u00e9: <\/strong>1,8-2,5<\/p>\n<\/div>\n<\/div>\n<\/div>\n<\/div>\n<\/div>\n<\/div>\n<div class=\"elementor-element elementor-element-2a0a0695 e-flex e-con-boxed e-con e-parent e-lazyloaded\" data-id=\"2a0a0695\" data-element_type=\"container\">\n<div class=\"e-con-inner\">\n<div class=\"elementor-element elementor-element-750c817 elementor-widget__width-initial elementor-widget elementor-widget-icon-box\" data-id=\"750c817\" data-element_type=\"widget\" data-widget_type=\"icon-box.default\">\n<div class=\"elementor-widget-container\">\n<div class=\"elementor-icon-box-wrapper\">\n<div class=\"elementor-icon-box-content\">\n<p class=\"elementor-icon-box-title\"><strong>Sertissage (%) : <\/strong>18-25<\/p>\n<\/div>\n<\/div>\n<\/div>\n<\/div>\n<div class=\"elementor-element elementor-element-2f0e9b54 elementor-widget__width-initial elementor-widget elementor-widget-icon-box\" data-id=\"2f0e9b54\" data-element_type=\"widget\" data-widget_type=\"icon-box.default\">\n<div class=\"elementor-widget-container\">\n<div class=\"elementor-icon-box-wrapper\">\n<div class=\"elementor-icon-box-content\">\n<p class=\"elementor-icon-box-title\"><strong>R\u00e9tr\u00e9cissement (%) : <\/strong>3-5<\/p>\n<\/div>\n<\/div>\n<\/div>\n<\/div>\n<div class=\"elementor-element elementor-element-39a09b87 elementor-widget__width-initial elementor-widget elementor-widget-icon-box\" data-id=\"39a09b87\" data-element_type=\"widget\" data-widget_type=\"icon-box.default\">\n<div class=\"elementor-widget-container\">\n<div class=\"elementor-icon-box-wrapper\">\n<div class=\"elementor-icon-box-content\">\n<p class=\"elementor-icon-box-title\"><strong> Huile defilature (%) : <\/strong>0,8 &#8211; 1,2<\/p>\n<\/div>\n<\/div>\n<\/div>\n<\/div>\n<div class=\"elementor-element elementor-element-344410d1 elementor-widget__width-initial elementor-widget elementor-widget-icon-box\" data-id=\"344410d1\" data-element_type=\"widget\" data-widget_type=\"icon-box.default\">\n<div class=\"elementor-widget-container\">\n<div class=\"elementor-icon-box-wrapper\">\n<div class=\"elementor-icon-box-content\">\n<p class=\"elementor-icon-box-title\"><strong> R\u00e9sistanceau frottement: <\/strong>6-7<\/p>\n<\/div>\n<\/div>\n<\/div>\n<\/div>\n<div class=\"elementor-element elementor-element-56acd590 elementor-widget__width-initial elementor-widget elementor-widget-icon-box\" data-id=\"56acd590\" data-element_type=\"widget\" data-widget_type=\"icon-box.default\">\n<div class=\"elementor-widget-container\">\n<div class=\"elementor-icon-box-wrapper\">\n<div class=\"elementor-icon-box-content\">\n<p class=\"elementor-icon-box-title\"><strong>Twist : <\/strong>40 TPM-700 Tpm S, Z Simple et C\u00e2blage<\/p>\n<\/div>\n<\/div>\n<\/div>\n<\/div>\n<div class=\"elementor-element elementor-element-54cd13ff elementor-widget__width-initial elementor-widget elementor-widget-icon-box\" data-id=\"54cd13ff\" data-element_type=\"widget\" data-widget_type=\"icon-box.default\">\n<div class=\"elementor-widget-container\">\n<div class=\"elementor-icon-box-wrapper\">\n<div class=\"elementor-icon-box-content\">\n<p class=\"elementor-icon-box-title\"><strong> Nombre den\u0153uds (m) : <\/strong>20-35<\/p>\n<\/div>\n<\/div>\n<\/div>\n<\/div>\n<\/div>\n<\/div>\n","protected":false},"excerpt":{"rendered":"<p>Le prix indiqu\u00e9 est pour 1 kg.<\/p>\n<p>Les fils Heat Set de Golden Yarn offrent une r\u00e9sistance \u00e0 la chaleur, une durabilit\u00e9 et une r\u00e9tention de forme exceptionnelles, et une r\u00e9tention de forme exceptionnelles, id\u00e9ales pour cr\u00e9er des moquettes et des tapis de haute qualit\u00e9 et de longue dur\u00e9e.<\/p>\n","protected":false},"featured_media":13354,"comment_status":"open","ping_status":"closed","template":"","meta":{"_acf_changed":false},"brand":[867],"product_cat":[879],"product_tag":[],"class_list":{"0":"post-13398","1":"product","2":"type-product","3":"status-publish","4":"has-post-thumbnail","6":"brand-golden-yarn-fr","7":"product_cat-fils-de-polypropylene-pour-tapis","9":"first","10":"instock","11":"shipping-taxable","12":"purchasable","13":"product-type-simple"},"acf":[],"_links":{"self":[{"href":"https:\/\/turkmenexporter.com\/fr\/wp-json\/wp\/v2\/product\/13398","targetHints":{"allow":["GET"]}}],"collection":[{"href":"https:\/\/turkmenexporter.com\/fr\/wp-json\/wp\/v2\/product"}],"about":[{"href":"https:\/\/turkmenexporter.com\/fr\/wp-json\/wp\/v2\/types\/product"}],"replies":[{"embeddable":true,"href":"https:\/\/turkmenexporter.com\/fr\/wp-json\/wp\/v2\/comments?post=13398"}],"version-history":[{"count":0,"href":"https:\/\/turkmenexporter.com\/fr\/wp-json\/wp\/v2\/product\/13398\/revisions"}],"wp:featuredmedia":[{"embeddable":true,"href":"https:\/\/turkmenexporter.com\/fr\/wp-json\/wp\/v2\/media\/13354"}],"wp:attachment":[{"href":"https:\/\/turkmenexporter.com\/fr\/wp-json\/wp\/v2\/media?parent=13398"}],"wp:term":[{"taxonomy":"brand","embeddable":true,"href":"https:\/\/turkmenexporter.com\/fr\/wp-json\/wp\/v2\/brand?post=13398"},{"taxonomy":"product_cat","embeddable":true,"href":"https:\/\/turkmenexporter.com\/fr\/wp-json\/wp\/v2\/product_cat?post=13398"},{"taxonomy":"product_tag","embeddable":true,"href":"https:\/\/turkmenexporter.com\/fr\/wp-json\/wp\/v2\/product_tag?post=13398"}],"curies":[{"name":"wp","href":"https:\/\/api.w.org\/{rel}","templated":true}]}}