{"id":13679,"date":"2025-03-01T22:15:07","date_gmt":"2025-03-01T17:15:07","guid":{"rendered":"https:\/\/turkmenexporter.com\/product\/crackers-aeres\/"},"modified":"2025-03-22T23:21:58","modified_gmt":"2025-03-22T18:21:58","slug":"crackers-aeres","status":"publish","type":"product","link":"https:\/\/turkmenexporter.com\/fr\/produit\/crackers-aeres\/","title":{"rendered":"Crackers a\u00e9r\u00e9s"},"content":{"rendered":"<p>Composition du produit: farine de bl\u00e9 de qualit\u00e9 sup\u00e9rieure, farine de ma\u00efs, farine de riz, lait en poudre, sel de table, aneth s\u00e9ch\u00e9 naturel.<\/p>\n<p>Conditions de stockage: Dans un endroit sec et frais, \u00e0 une temp\u00e9rature \u00e9lev\u00e9e de 18 \u00b0C , l&rsquo; humidit\u00e9 ne devant pas d\u00e9passer 70 %.<\/p>\n<p>Dur\u00e9e de conservation: 9 mois. Produit certifi\u00e9.<br \/>\nNe contient pas d &lsquo;OGM. <\/p>\n","protected":false},"excerpt":{"rendered":"<p>Craquelins di\u00e9t\u00e9tiques 150 g.<br \/>\nBo\u00eete de 15 pi\u00e8ces.<br \/>\nPoids brut de la bo\u00eete : 2,7 kg.<\/p>\n","protected":false},"featured_media":13664,"comment_status":"open","ping_status":"closed","template":"","meta":{"_acf_changed":false},"brand":[896],"product_cat":[902],"product_tag":[],"class_list":{"0":"post-13679","1":"product","2":"type-product","3":"status-publish","4":"has-post-thumbnail","6":"brand-balsheker-fr","7":"product_cat-crackers-fr","9":"first","10":"instock","11":"shipping-taxable","12":"purchasable","13":"product-type-simple"},"acf":[],"_links":{"self":[{"href":"https:\/\/turkmenexporter.com\/fr\/wp-json\/wp\/v2\/product\/13679","targetHints":{"allow":["GET"]}}],"collection":[{"href":"https:\/\/turkmenexporter.com\/fr\/wp-json\/wp\/v2\/product"}],"about":[{"href":"https:\/\/turkmenexporter.com\/fr\/wp-json\/wp\/v2\/types\/product"}],"replies":[{"embeddable":true,"href":"https:\/\/turkmenexporter.com\/fr\/wp-json\/wp\/v2\/comments?post=13679"}],"version-history":[{"count":5,"href":"https:\/\/turkmenexporter.com\/fr\/wp-json\/wp\/v2\/product\/13679\/revisions"}],"predecessor-version":[{"id":14242,"href":"https:\/\/turkmenexporter.com\/fr\/wp-json\/wp\/v2\/product\/13679\/revisions\/14242"}],"wp:featuredmedia":[{"embeddable":true,"href":"https:\/\/turkmenexporter.com\/fr\/wp-json\/wp\/v2\/media\/13664"}],"wp:attachment":[{"href":"https:\/\/turkmenexporter.com\/fr\/wp-json\/wp\/v2\/media?parent=13679"}],"wp:term":[{"taxonomy":"brand","embeddable":true,"href":"https:\/\/turkmenexporter.com\/fr\/wp-json\/wp\/v2\/brand?post=13679"},{"taxonomy":"product_cat","embeddable":true,"href":"https:\/\/turkmenexporter.com\/fr\/wp-json\/wp\/v2\/product_cat?post=13679"},{"taxonomy":"product_tag","embeddable":true,"href":"https:\/\/turkmenexporter.com\/fr\/wp-json\/wp\/v2\/product_tag?post=13679"}],"curies":[{"name":"wp","href":"https:\/\/api.w.org\/{rel}","templated":true}]}}