{"id":13709,"date":"2025-03-03T22:40:23","date_gmt":"2025-03-03T17:40:23","guid":{"rendered":"https:\/\/turkmenexporter.com\/product\/alemgoshar-sucre-en-gouttes\/"},"modified":"2025-03-22T23:41:52","modified_gmt":"2025-03-22T18:41:52","slug":"alemgoshar-sucre-en-gouttes","status":"publish","type":"product","link":"https:\/\/turkmenexporter.com\/fr\/produit\/alemgoshar-sucre-en-gouttes\/","title":{"rendered":"ALEMGOSHAR Sucre en gouttes"},"content":{"rendered":"<p>Ingr\u00e9dients : Sucre cristallis\u00e9, m\u00e9lasse, r\u00e9gulateur d&rsquo;acidit\u00e9 acide citrique (E330), capol, ar\u00f4mes nature-identiques \u00ab citron \u00bb, \u00ab past\u00e8que \u00bb, \u00ab pomme \u00bb, colorants alimentaires E102, E124, E102 + E133. Conditions de stockage : Dans un endroit sec et frais, \u00e0 une temp\u00e9rature \u00e9lev\u00e9e de 18+3 \u00b0C et l&rsquo;humidit\u00e9 doit \u00eatre maintenue \u00e0 75% maximum. <\/p>\n<p>Dur\u00e9e de conservation : 12 mois. Produit certifi\u00e9.<br \/>\nNe contient pas d&rsquo;OGM.<\/p>\n","protected":false},"excerpt":{"rendered":"<p>Paquet de gouttes de sucre 25 g.<\/p>\n<p>32 paquets dans une liasse. 8 paquets dans une bo\u00eete. <\/p>\n<p>Poids brut de la bo\u00eete : 7,1 kg.<\/p>\n","protected":false},"featured_media":13700,"comment_status":"open","ping_status":"closed","template":"","meta":{"_acf_changed":false},"brand":[896],"product_cat":[297],"product_tag":[],"class_list":{"0":"post-13709","1":"product","2":"type-product","3":"status-publish","4":"has-post-thumbnail","6":"brand-balsheker-fr","7":"product_cat-bonbons","9":"first","10":"instock","11":"shipping-taxable","12":"purchasable","13":"product-type-simple"},"acf":[],"_links":{"self":[{"href":"https:\/\/turkmenexporter.com\/fr\/wp-json\/wp\/v2\/product\/13709","targetHints":{"allow":["GET"]}}],"collection":[{"href":"https:\/\/turkmenexporter.com\/fr\/wp-json\/wp\/v2\/product"}],"about":[{"href":"https:\/\/turkmenexporter.com\/fr\/wp-json\/wp\/v2\/types\/product"}],"replies":[{"embeddable":true,"href":"https:\/\/turkmenexporter.com\/fr\/wp-json\/wp\/v2\/comments?post=13709"}],"version-history":[{"count":6,"href":"https:\/\/turkmenexporter.com\/fr\/wp-json\/wp\/v2\/product\/13709\/revisions"}],"predecessor-version":[{"id":14267,"href":"https:\/\/turkmenexporter.com\/fr\/wp-json\/wp\/v2\/product\/13709\/revisions\/14267"}],"wp:featuredmedia":[{"embeddable":true,"href":"https:\/\/turkmenexporter.com\/fr\/wp-json\/wp\/v2\/media\/13700"}],"wp:attachment":[{"href":"https:\/\/turkmenexporter.com\/fr\/wp-json\/wp\/v2\/media?parent=13709"}],"wp:term":[{"taxonomy":"brand","embeddable":true,"href":"https:\/\/turkmenexporter.com\/fr\/wp-json\/wp\/v2\/brand?post=13709"},{"taxonomy":"product_cat","embeddable":true,"href":"https:\/\/turkmenexporter.com\/fr\/wp-json\/wp\/v2\/product_cat?post=13709"},{"taxonomy":"product_tag","embeddable":true,"href":"https:\/\/turkmenexporter.com\/fr\/wp-json\/wp\/v2\/product_tag?post=13709"}],"curies":[{"name":"wp","href":"https:\/\/api.w.org\/{rel}","templated":true}]}}