{"id":13812,"date":"2025-03-05T06:15:58","date_gmt":"2025-03-05T01:15:58","guid":{"rendered":"https:\/\/turkmenexporter.com\/product\/ballbon-bonbons-au-caramel\/"},"modified":"2025-03-08T15:50:24","modified_gmt":"2025-03-08T10:50:24","slug":"ballbon-bonbons-au-caramel","status":"publish","type":"product","link":"https:\/\/turkmenexporter.com\/fr\/produit\/ballbon-bonbons-au-caramel\/","title":{"rendered":"BALLBON Bonbons au caramel"},"content":{"rendered":"<p data-start=\"157\" data-end=\"511\">Laissez-vous tenter par le go\u00fbt riche et onctueux des bonbons Balsheker BALLBON Caramel, fabriqu\u00e9s de mani\u00e8re experte pour offrir une saveur de caramel d\u00e9licieusement cr\u00e9meuse \u00e0 chaque bouch\u00e9e. Fabriqu\u00e9s \u00e0 partir d&rsquo;ingr\u00e9dients de premi\u00e8re qualit\u00e9 et de techniques de confiserie modernes, ces irr\u00e9sistibles bonbons au caramel fondent dans la bouche, offrant un \u00e9quilibre parfait entre douceur et texture.<br \/>Traduit avec DeepL.com (version gratuite) <\/p>\n<p>Composition du produit : sucre cristallis\u00e9, m\u00e9lasse, r\u00e9gulateur d&rsquo;acidit\u00e9 acide citrique (E330), ar\u00f4mes nature-identiques \u00ab Eucalyptus \u00bb, \u00ab Poire Duchesse \u00bb, \u00ab Epine-vinette \u00bb, \u00ab Menthe \u00bb, colorants alimentaires synth\u00e9tiques E102 + E133.<\/p>\n<p>Conditions de stockage : Dans un endroit sec et frais, \u00e0 une temp\u00e9rature \u00e9lev\u00e9e de 18\u00b13 \u00b0C, l&rsquo;humidit\u00e9 ne devant pas d\u00e9passer 75 %.<\/p>\n<p>Dur\u00e9e de conservation : 6 mois. Produit certifi\u00e9.<\/p>\n<p>Ne contient pas d&rsquo;OGM.<\/p>\n","protected":false},"excerpt":{"rendered":"<p>Bonbons au caramel en emballage polietilen 1000 gr.<br \/>\n7 paquets dans une bo\u00eete.<br \/>\nPoids brut de la bo\u00eete 7,33 kg.<\/p>\n","protected":false},"featured_media":13750,"comment_status":"open","ping_status":"closed","template":"","meta":{"_acf_changed":false},"brand":[896],"product_cat":[297],"product_tag":[],"class_list":{"0":"post-13812","1":"product","2":"type-product","3":"status-publish","4":"has-post-thumbnail","6":"brand-balsheker-fr","7":"product_cat-bonbons","9":"first","10":"instock","11":"shipping-taxable","12":"purchasable","13":"product-type-simple"},"acf":[],"_links":{"self":[{"href":"https:\/\/turkmenexporter.com\/fr\/wp-json\/wp\/v2\/product\/13812","targetHints":{"allow":["GET"]}}],"collection":[{"href":"https:\/\/turkmenexporter.com\/fr\/wp-json\/wp\/v2\/product"}],"about":[{"href":"https:\/\/turkmenexporter.com\/fr\/wp-json\/wp\/v2\/types\/product"}],"replies":[{"embeddable":true,"href":"https:\/\/turkmenexporter.com\/fr\/wp-json\/wp\/v2\/comments?post=13812"}],"version-history":[{"count":2,"href":"https:\/\/turkmenexporter.com\/fr\/wp-json\/wp\/v2\/product\/13812\/revisions"}],"predecessor-version":[{"id":13876,"href":"https:\/\/turkmenexporter.com\/fr\/wp-json\/wp\/v2\/product\/13812\/revisions\/13876"}],"wp:featuredmedia":[{"embeddable":true,"href":"https:\/\/turkmenexporter.com\/fr\/wp-json\/wp\/v2\/media\/13750"}],"wp:attachment":[{"href":"https:\/\/turkmenexporter.com\/fr\/wp-json\/wp\/v2\/media?parent=13812"}],"wp:term":[{"taxonomy":"brand","embeddable":true,"href":"https:\/\/turkmenexporter.com\/fr\/wp-json\/wp\/v2\/brand?post=13812"},{"taxonomy":"product_cat","embeddable":true,"href":"https:\/\/turkmenexporter.com\/fr\/wp-json\/wp\/v2\/product_cat?post=13812"},{"taxonomy":"product_tag","embeddable":true,"href":"https:\/\/turkmenexporter.com\/fr\/wp-json\/wp\/v2\/product_tag?post=13812"}],"curies":[{"name":"wp","href":"https:\/\/api.w.org\/{rel}","templated":true}]}}