{"id":13813,"date":"2025-03-05T06:50:03","date_gmt":"2025-03-05T01:50:03","guid":{"rendered":"https:\/\/turkmenexporter.com\/product\/caramel-candi-aromatise-a-la-pomme-et-a-la-pasteque\/"},"modified":"2025-03-22T23:41:54","modified_gmt":"2025-03-22T18:41:54","slug":"caramel-candi-aromatise-a-la-pomme-et-a-la-pasteque","status":"publish","type":"product","link":"https:\/\/turkmenexporter.com\/fr\/produit\/caramel-candi-aromatise-a-la-pomme-et-a-la-pasteque\/","title":{"rendered":"Caramel candi aromatis\u00e9 \u00e0 la pomme et \u00e0 la past\u00e8que"},"content":{"rendered":"<p>Composition du produit : sucre cristallis\u00e9, m\u00e9lasse, r\u00e9gulateur d&rsquo;acidit\u00e9 acide citrique (E330), ar\u00f4mes nature-identiques \u00ab Past\u00e8que \u00bb, \u00ab Pomme \u00bb, colorants alimentaires E102, E124, E102 + E133.<\/p>\n<p>Conditions de stockage : dans un endroit sec et frais, \u00e0 une temp\u00e9rature \u00e9lev\u00e9e de 18\u00b13 \u00b0C, l&rsquo;humidit\u00e9 ne devant pas d\u00e9passer 75 %.<\/p>\n<p>Dur\u00e9e de conservation : 6 mois. Produit certifi\u00e9.<br \/>\nNe contient pas d&rsquo;OGM.<\/p>\n","protected":false},"excerpt":{"rendered":"<div class=\"elementor-element elementor-element-2cce439 elementor-widget__width-initial elementor-widget elementor-widget-woocommerce-product-short-description\" data-id=\"2cce439\" data-element_type=\"widget\" data-widget_type=\"woocommerce-product-short-description.default\">\n<div class=\"elementor-widget-container\">\n<div class=\"woocommerce-product-details__short-description\">\n<p>Bonbons au caramel 25 g.<\/p>\n<p>Paquet de 50 pi\u00e8ces. 8 paquets dans une bo\u00eete. <\/p>\n<p>Poids brut de la bo\u00eete 10,4 kg.<\/p>\n<\/div>\n<\/div>\n<\/div>\n","protected":false},"featured_media":13760,"comment_status":"open","ping_status":"closed","template":"","meta":{"_acf_changed":false},"brand":[896],"product_cat":[297],"product_tag":[],"class_list":{"0":"post-13813","1":"product","2":"type-product","3":"status-publish","4":"has-post-thumbnail","6":"brand-balsheker-fr","7":"product_cat-bonbons","9":"first","10":"instock","11":"shipping-taxable","12":"purchasable","13":"product-type-simple"},"acf":[],"_links":{"self":[{"href":"https:\/\/turkmenexporter.com\/fr\/wp-json\/wp\/v2\/product\/13813","targetHints":{"allow":["GET"]}}],"collection":[{"href":"https:\/\/turkmenexporter.com\/fr\/wp-json\/wp\/v2\/product"}],"about":[{"href":"https:\/\/turkmenexporter.com\/fr\/wp-json\/wp\/v2\/types\/product"}],"replies":[{"embeddable":true,"href":"https:\/\/turkmenexporter.com\/fr\/wp-json\/wp\/v2\/comments?post=13813"}],"version-history":[{"count":3,"href":"https:\/\/turkmenexporter.com\/fr\/wp-json\/wp\/v2\/product\/13813\/revisions"}],"predecessor-version":[{"id":14271,"href":"https:\/\/turkmenexporter.com\/fr\/wp-json\/wp\/v2\/product\/13813\/revisions\/14271"}],"wp:featuredmedia":[{"embeddable":true,"href":"https:\/\/turkmenexporter.com\/fr\/wp-json\/wp\/v2\/media\/13760"}],"wp:attachment":[{"href":"https:\/\/turkmenexporter.com\/fr\/wp-json\/wp\/v2\/media?parent=13813"}],"wp:term":[{"taxonomy":"brand","embeddable":true,"href":"https:\/\/turkmenexporter.com\/fr\/wp-json\/wp\/v2\/brand?post=13813"},{"taxonomy":"product_cat","embeddable":true,"href":"https:\/\/turkmenexporter.com\/fr\/wp-json\/wp\/v2\/product_cat?post=13813"},{"taxonomy":"product_tag","embeddable":true,"href":"https:\/\/turkmenexporter.com\/fr\/wp-json\/wp\/v2\/product_tag?post=13813"}],"curies":[{"name":"wp","href":"https:\/\/api.w.org\/{rel}","templated":true}]}}