{"id":13965,"date":"2025-03-08T16:50:04","date_gmt":"2025-03-08T11:50:04","guid":{"rendered":"https:\/\/turkmenexporter.com\/product\/chocoball-corn-flakes-au-chocolat\/"},"modified":"2025-03-22T23:41:55","modified_gmt":"2025-03-22T18:41:55","slug":"chocoball-corn-flakes-au-chocolat","status":"publish","type":"product","link":"https:\/\/turkmenexporter.com\/fr\/produit\/chocoball-corn-flakes-au-chocolat\/","title":{"rendered":"CHOCOBALL Corn Flakes au chocolat"},"content":{"rendered":"<p data-start=\"184\" data-end=\"511\">Balsheker CHOCOBALL Breakfast avec gla\u00e7age au chocolat &#8211; croustillant boules de c\u00e9r\u00e9ales enrob\u00e9es d&rsquo;un riche gla\u00e7age au chocolat, parfaites pour le petit-d\u00e9jeuner ou le go\u00fbter. \u00c0 d\u00e9guster avec du lait ou comme d\u00e9licieuse friandise sur le pouce ! <\/p>\n<p>Composition du produit : farine de bl\u00e9 de qualit\u00e9 sup\u00e9rieure, farine de ma\u00efs, huile de palme, sucre en poudre, semoule, lait en poudre, sirop, cacao en poudre, gla\u00e7age au chocolat, colorants naturels E124, E102, E133.<\/p>\n<p>Conditions de stockage : Stocker dans un endroit sec et frais \u00e0 une temp\u00e9rature de 18\u00b0C et une humidit\u00e9 relative ne d\u00e9passant pas 75%.<\/p>\n<p>Dur\u00e9e de conservation : 6 mois. Produit certifi\u00e9.<br \/>\nNe contient pas d&rsquo;OGM.<\/p>\n","protected":false},"excerpt":{"rendered":"<p>Corn Flakes au chocolat 35g.<\/p>\n<p>20 paquets dans une liasse. 8 paquets dans une bo\u00eete. <\/p>\n<p>Poids brut de la bo\u00eete 6,83 kg.<\/p>\n","protected":false},"featured_media":13899,"comment_status":"open","ping_status":"closed","template":"","meta":{"_acf_changed":false},"brand":[896],"product_cat":[922],"product_tag":[],"class_list":{"0":"post-13965","1":"product","2":"type-product","3":"status-publish","4":"has-post-thumbnail","6":"brand-balsheker-fr","7":"product_cat-cereales-fr","9":"first","10":"instock","11":"shipping-taxable","12":"purchasable","13":"product-type-simple"},"acf":[],"_links":{"self":[{"href":"https:\/\/turkmenexporter.com\/fr\/wp-json\/wp\/v2\/product\/13965","targetHints":{"allow":["GET"]}}],"collection":[{"href":"https:\/\/turkmenexporter.com\/fr\/wp-json\/wp\/v2\/product"}],"about":[{"href":"https:\/\/turkmenexporter.com\/fr\/wp-json\/wp\/v2\/types\/product"}],"replies":[{"embeddable":true,"href":"https:\/\/turkmenexporter.com\/fr\/wp-json\/wp\/v2\/comments?post=13965"}],"version-history":[{"count":1,"href":"https:\/\/turkmenexporter.com\/fr\/wp-json\/wp\/v2\/product\/13965\/revisions"}],"predecessor-version":[{"id":14272,"href":"https:\/\/turkmenexporter.com\/fr\/wp-json\/wp\/v2\/product\/13965\/revisions\/14272"}],"wp:featuredmedia":[{"embeddable":true,"href":"https:\/\/turkmenexporter.com\/fr\/wp-json\/wp\/v2\/media\/13899"}],"wp:attachment":[{"href":"https:\/\/turkmenexporter.com\/fr\/wp-json\/wp\/v2\/media?parent=13965"}],"wp:term":[{"taxonomy":"brand","embeddable":true,"href":"https:\/\/turkmenexporter.com\/fr\/wp-json\/wp\/v2\/brand?post=13965"},{"taxonomy":"product_cat","embeddable":true,"href":"https:\/\/turkmenexporter.com\/fr\/wp-json\/wp\/v2\/product_cat?post=13965"},{"taxonomy":"product_tag","embeddable":true,"href":"https:\/\/turkmenexporter.com\/fr\/wp-json\/wp\/v2\/product_tag?post=13965"}],"curies":[{"name":"wp","href":"https:\/\/api.w.org\/{rel}","templated":true}]}}