{"id":13969,"date":"2025-03-08T17:26:37","date_gmt":"2025-03-08T12:26:37","guid":{"rendered":"https:\/\/turkmenexporter.com\/product\/caramel-candi-a-larome-de-pasteque\/"},"modified":"2025-03-22T23:41:55","modified_gmt":"2025-03-22T18:41:55","slug":"caramel-candi-a-larome-de-pasteque","status":"publish","type":"product","link":"https:\/\/turkmenexporter.com\/fr\/produit\/caramel-candi-a-larome-de-pasteque\/","title":{"rendered":"Caramel candi \u00e0 l&rsquo;ar\u00f4me de past\u00e8que"},"content":{"rendered":"<p>Balsheker Candy Caramel &#8211; Watermelon Flavor est fabriqu\u00e9 avec des ingr\u00e9dients de premi\u00e8re qualit\u00e9 pour un go\u00fbt riche, rafra\u00eechissant et indulgent. Parfait pour les d\u00e9taillants, les grossistes et les amateurs de bonbons ! <\/p>\n<p>Composition du produit : sucre cristallis\u00e9, m\u00e9lasse, r\u00e9gulateur d&rsquo;acidit\u00e9 acide citrique (E330), ar\u00f4me nature \u00ab Past\u00e8que \u00bb, colorant alimentaire synth\u00e9tique E124.<\/p>\n<p>Conditions de stockage : Dans un endroit sec et frais, \u00e0 une temp\u00e9rature \u00e9lev\u00e9e de 18\u00b13 \u00b0C, l&rsquo;humidit\u00e9 ne devant pas d\u00e9passer 75 %.<\/p>\n<p>Dur\u00e9e de conservation : 6 mois. Produit certifi\u00e9.<\/p>\n<p>Ne contient pas d&rsquo;OGM.<\/p>\n","protected":false},"excerpt":{"rendered":"<p>Bonbons au caramel 30 g.<\/p>\n<p>Paquet de 35 pi\u00e8ces. 8 paquets dans une bo\u00eete. <\/p>\n<p>Poids brut de la bo\u00eete : 9 kg.<\/p>\n","protected":false},"featured_media":13922,"comment_status":"open","ping_status":"closed","template":"","meta":{"_acf_changed":false},"brand":[896],"product_cat":[297],"product_tag":[],"class_list":{"0":"post-13969","1":"product","2":"type-product","3":"status-publish","4":"has-post-thumbnail","6":"brand-balsheker-fr","7":"product_cat-bonbons","9":"first","10":"instock","11":"shipping-taxable","12":"purchasable","13":"product-type-simple"},"acf":[],"_links":{"self":[{"href":"https:\/\/turkmenexporter.com\/fr\/wp-json\/wp\/v2\/product\/13969","targetHints":{"allow":["GET"]}}],"collection":[{"href":"https:\/\/turkmenexporter.com\/fr\/wp-json\/wp\/v2\/product"}],"about":[{"href":"https:\/\/turkmenexporter.com\/fr\/wp-json\/wp\/v2\/types\/product"}],"replies":[{"embeddable":true,"href":"https:\/\/turkmenexporter.com\/fr\/wp-json\/wp\/v2\/comments?post=13969"}],"version-history":[{"count":1,"href":"https:\/\/turkmenexporter.com\/fr\/wp-json\/wp\/v2\/product\/13969\/revisions"}],"predecessor-version":[{"id":14274,"href":"https:\/\/turkmenexporter.com\/fr\/wp-json\/wp\/v2\/product\/13969\/revisions\/14274"}],"wp:featuredmedia":[{"embeddable":true,"href":"https:\/\/turkmenexporter.com\/fr\/wp-json\/wp\/v2\/media\/13922"}],"wp:attachment":[{"href":"https:\/\/turkmenexporter.com\/fr\/wp-json\/wp\/v2\/media?parent=13969"}],"wp:term":[{"taxonomy":"brand","embeddable":true,"href":"https:\/\/turkmenexporter.com\/fr\/wp-json\/wp\/v2\/brand?post=13969"},{"taxonomy":"product_cat","embeddable":true,"href":"https:\/\/turkmenexporter.com\/fr\/wp-json\/wp\/v2\/product_cat?post=13969"},{"taxonomy":"product_tag","embeddable":true,"href":"https:\/\/turkmenexporter.com\/fr\/wp-json\/wp\/v2\/product_tag?post=13969"}],"curies":[{"name":"wp","href":"https:\/\/api.w.org\/{rel}","templated":true}]}}