{"id":13971,"date":"2025-03-08T17:03:05","date_gmt":"2025-03-08T12:03:05","guid":{"rendered":"https:\/\/turkmenexporter.com\/product\/chocoball-cereales-pour-petit-dejeuner-au-chocolat\/"},"modified":"2025-03-11T05:52:36","modified_gmt":"2025-03-11T00:52:36","slug":"chocoball-cereales-pour-petit-dejeuner-au-chocolat","status":"publish","type":"product","link":"https:\/\/turkmenexporter.com\/fr\/produit\/chocoball-cereales-pour-petit-dejeuner-au-chocolat\/","title":{"rendered":"CHOCOBALL C\u00e9r\u00e9ales pour petit-d\u00e9jeuner au chocolat"},"content":{"rendered":"<div class=\"flex max-w-full flex-col flex-grow\">\n<div class=\"min-h-8 text-message relative flex w-full flex-col items-end gap-2 whitespace-normal break-words text-start [.text-message+&amp;]:mt-5\" dir=\"auto\" data-message-author-role=\"assistant\" data-message-id=\"4ff00326-9afd-446c-83c0-a5f9d1229831\" data-message-model-slug=\"gpt-4o\">\n<div class=\"flex w-full flex-col gap-1 empty:hidden first:pt-[3px]\">\n<div class=\"markdown prose w-full break-words dark:prose-invert dark\">\n<p data-start=\"1376\" data-end=\"1562\" data-is-last-node=\"\" data-is-only-node=\"\">Balsheker CHOCOBALL C\u00e9r\u00e9ales pour petit-d\u00e9jeuner au chocolat &#8211; Des c\u00e9r\u00e9ales croustillantes enrob\u00e9es de chocolat qui offrent une riche saveur de cacao. Parfaites avec du lait pour le petit-d\u00e9jeuner ou comme d\u00e9licieux en-cas \u00e0 tout moment ! Faites de chaque matin un moment d\u00e9licieux et \u00e9nergisant avec les c\u00e9r\u00e9ales pour petit-d\u00e9jeuner Balsheker CHOCOBALL au chocolat. Ces c\u00e9r\u00e9ales croustillantes, infus\u00e9es de chocolat, offrent un \u00e9quilibre parfait entre le croquant et la riche saveur de cacao, ce qui en fait un choix id\u00e9al pour les amateurs de petit-d\u00e9jeuner de tous \u00e2ges.   <\/p>\n<p>Composition du produit : farine de bl\u00e9 de qualit\u00e9 sup\u00e9rieure, farine de ma\u00efs, huile de palme, sucre en poudre, semoule, lait en poudre, sirop, cacao en poudre, gla\u00e7age au chocolat, colorants naturels E124, E102, E133.<\/p>\n<p>Conditions de stockage : Stocker dans un endroit sec et frais \u00e0 une temp\u00e9rature de 18\u00b0C et une humidit\u00e9 relative ne d\u00e9passant pas 75%.<\/p>\n<p>Dur\u00e9e de conservation : 6 mois. Produit certifi\u00e9.<br \/>\nNe contient pas d&rsquo;OGM.<\/p>\n<\/div>\n<\/div>\n<\/div>\n<\/div>\n","protected":false},"excerpt":{"rendered":"<p>Paquet de c\u00e9r\u00e9ales pour petit-d\u00e9jeuner 1 kg.<br \/>\n4 paquets dans une bo\u00eete.<br \/>\nPoidsbrut de la bo\u00eete 4,1 kg.<\/p>\n","protected":false},"featured_media":13914,"comment_status":"open","ping_status":"closed","template":"","meta":{"_acf_changed":false},"brand":[896],"product_cat":[922],"product_tag":[],"class_list":{"0":"post-13971","1":"product","2":"type-product","3":"status-publish","4":"has-post-thumbnail","6":"brand-balsheker-fr","7":"product_cat-cereales-fr","9":"first","10":"instock","11":"shipping-taxable","12":"purchasable","13":"product-type-simple"},"acf":[],"_links":{"self":[{"href":"https:\/\/turkmenexporter.com\/fr\/wp-json\/wp\/v2\/product\/13971","targetHints":{"allow":["GET"]}}],"collection":[{"href":"https:\/\/turkmenexporter.com\/fr\/wp-json\/wp\/v2\/product"}],"about":[{"href":"https:\/\/turkmenexporter.com\/fr\/wp-json\/wp\/v2\/types\/product"}],"replies":[{"embeddable":true,"href":"https:\/\/turkmenexporter.com\/fr\/wp-json\/wp\/v2\/comments?post=13971"}],"version-history":[{"count":1,"href":"https:\/\/turkmenexporter.com\/fr\/wp-json\/wp\/v2\/product\/13971\/revisions"}],"predecessor-version":[{"id":13986,"href":"https:\/\/turkmenexporter.com\/fr\/wp-json\/wp\/v2\/product\/13971\/revisions\/13986"}],"wp:featuredmedia":[{"embeddable":true,"href":"https:\/\/turkmenexporter.com\/fr\/wp-json\/wp\/v2\/media\/13914"}],"wp:attachment":[{"href":"https:\/\/turkmenexporter.com\/fr\/wp-json\/wp\/v2\/media?parent=13971"}],"wp:term":[{"taxonomy":"brand","embeddable":true,"href":"https:\/\/turkmenexporter.com\/fr\/wp-json\/wp\/v2\/brand?post=13971"},{"taxonomy":"product_cat","embeddable":true,"href":"https:\/\/turkmenexporter.com\/fr\/wp-json\/wp\/v2\/product_cat?post=13971"},{"taxonomy":"product_tag","embeddable":true,"href":"https:\/\/turkmenexporter.com\/fr\/wp-json\/wp\/v2\/product_tag?post=13971"}],"curies":[{"name":"wp","href":"https:\/\/api.w.org\/{rel}","templated":true}]}}