{"id":14002,"date":"2025-03-11T06:36:21","date_gmt":"2025-03-11T01:36:21","guid":{"rendered":"https:\/\/turkmenexporter.com\/product\/chocorella-pate-de-noix-au-chocolat\/"},"modified":"2025-03-11T06:52:55","modified_gmt":"2025-03-11T01:52:55","slug":"chocorella-pate-de-noix-au-chocolat","status":"publish","type":"product","link":"https:\/\/turkmenexporter.com\/fr\/produit\/chocorella-pate-de-noix-au-chocolat\/","title":{"rendered":"CHOCORELLA p\u00e2te de noix au chocolat"},"content":{"rendered":"<div class=\"flex max-w-full flex-col flex-grow\">\n<div class=\"min-h-8 text-message relative flex w-full flex-col items-end gap-2 whitespace-normal break-words text-start [.text-message+&amp;]:mt-5\" dir=\"auto\" data-message-author-role=\"assistant\" data-message-id=\"9f42a335-56c6-4b32-ac5d-8ec498263b4b\" data-message-model-slug=\"gpt-4o\">\n<div class=\"flex w-full flex-col gap-1 empty:hidden first:pt-[3px]\">\n<div class=\"markdown prose w-full break-words dark:prose-invert dark\">\n<p data-start=\"1441\" data-end=\"1612\" data-is-last-node=\"\" data-is-only-node=\"\">Balsheker Chocorella Chocolate Nut Paste &#8211; Une p\u00e2te \u00e0 tartiner chocolat-noisette onctueuse et cr\u00e9meuse \u00e0 base de cacao riche et de noix de premi\u00e8re qualit\u00e9. Parfaite pour le petit-d\u00e9jeuner, les en-cas et les desserts ! <\/p>\n<\/div>\n<\/div>\n<\/div>\n<\/div>\n<div class=\"mb-2 flex gap-3 -ml-2\">\n<div class=\"flex items-center justify-start rounded-xl p-1\">\n<div class=\"flex items-center\">\n<p>Composition du produit : huile de palme, sucre en poudre, lait sec, poudre de cacao, lactos\u00e9rum sec, ar\u00f4me nature-identique \u00ab Vanilline \u00bb, ar\u00f4me nature-identique \u00ab Noisette \u00bb.<\/p>\n<p>Conditions de stockage : Stocker dans un endroit sec et frais \u00e0 une temp\u00e9rature de 18\u00b0C et une humidit\u00e9 relative ne d\u00e9passant pas 75%.<\/p>\n<p>Dur\u00e9e de conservation : 6 mois. Produit certifi\u00e9.<br \/>\nNe contient pas d&rsquo;OGM.<\/p>\n<\/div>\n<\/div>\n<\/div>\n","protected":false},"excerpt":{"rendered":"<p>P\u00e2te de chocolat aux noisettes en pot, 400 g.<br \/>\n12 pots par bo\u00eete.<br \/>\nPoids brut de la bo\u00eete 4,95 kg.<\/p>\n","protected":false},"featured_media":13995,"comment_status":"open","ping_status":"closed","template":"","meta":{"_acf_changed":false},"brand":[896],"product_cat":[301],"product_tag":[848],"class_list":{"0":"post-14002","1":"product","2":"type-product","3":"status-publish","4":"has-post-thumbnail","6":"brand-balsheker-fr","7":"product_cat-chocolat","8":"product_tag-front-product-fr","10":"first","11":"instock","12":"shipping-taxable","13":"purchasable","14":"product-type-simple"},"acf":[],"_links":{"self":[{"href":"https:\/\/turkmenexporter.com\/fr\/wp-json\/wp\/v2\/product\/14002","targetHints":{"allow":["GET"]}}],"collection":[{"href":"https:\/\/turkmenexporter.com\/fr\/wp-json\/wp\/v2\/product"}],"about":[{"href":"https:\/\/turkmenexporter.com\/fr\/wp-json\/wp\/v2\/types\/product"}],"replies":[{"embeddable":true,"href":"https:\/\/turkmenexporter.com\/fr\/wp-json\/wp\/v2\/comments?post=14002"}],"version-history":[{"count":1,"href":"https:\/\/turkmenexporter.com\/fr\/wp-json\/wp\/v2\/product\/14002\/revisions"}],"predecessor-version":[{"id":14011,"href":"https:\/\/turkmenexporter.com\/fr\/wp-json\/wp\/v2\/product\/14002\/revisions\/14011"}],"wp:featuredmedia":[{"embeddable":true,"href":"https:\/\/turkmenexporter.com\/fr\/wp-json\/wp\/v2\/media\/13995"}],"wp:attachment":[{"href":"https:\/\/turkmenexporter.com\/fr\/wp-json\/wp\/v2\/media?parent=14002"}],"wp:term":[{"taxonomy":"brand","embeddable":true,"href":"https:\/\/turkmenexporter.com\/fr\/wp-json\/wp\/v2\/brand?post=14002"},{"taxonomy":"product_cat","embeddable":true,"href":"https:\/\/turkmenexporter.com\/fr\/wp-json\/wp\/v2\/product_cat?post=14002"},{"taxonomy":"product_tag","embeddable":true,"href":"https:\/\/turkmenexporter.com\/fr\/wp-json\/wp\/v2\/product_tag?post=14002"}],"curies":[{"name":"wp","href":"https:\/\/api.w.org\/{rel}","templated":true}]}}