{"id":14071,"date":"2025-03-13T23:41:07","date_gmt":"2025-03-13T18:41:07","guid":{"rendered":"https:\/\/turkmenexporter.com\/product\/craquelins-dietetiques-fitness\/"},"modified":"2025-03-22T23:42:00","modified_gmt":"2025-03-22T18:42:00","slug":"craquelins-dietetiques-fitness","status":"publish","type":"product","link":"https:\/\/turkmenexporter.com\/fr\/produit\/craquelins-dietetiques-fitness\/","title":{"rendered":"Craquelins di\u00e9t\u00e9tiques FITNESS"},"content":{"rendered":"<p>Restez en forme et plein d&rsquo;\u00e9nergie avec les Balsheker FITNESS Diet Crackers, un en-cas l\u00e9ger, croustillant et nutritif con\u00e7u pour ceux qui accordent la priorit\u00e9 \u00e0 la sant\u00e9 et au bien-\u00eatre, et nutritif , con\u00e7u pour ceux qui accordent la priorit\u00e9 \u00e0 la sant\u00e9 et au bien-\u00eatre.<\/p>\n<p>Composition du produit : farine de bl\u00e9 de qualit\u00e9 sup\u00e9rieure, farine de ma\u00efs, farine de riz, lait sec, sel de table, aneth s\u00e9ch\u00e9 naturel.<\/p>\n<p>Conditions de stockage : Stocker dans un endroit sec et frais \u00e0 une temp\u00e9rature de 18\u00b0C et une humidit\u00e9 relative ne d\u00e9passant pas 70%.<\/p>\n<p>Dur\u00e9e de conservation: 9 mois. Produit certifi\u00e9.<br \/>\nNe contient pas d &lsquo;OGM. <\/p>\n","protected":false},"excerpt":{"rendered":"<p>Crackers en bo\u00eete de 125 g.<\/p>\n<div class=\"flex max-w-full flex-col flex-grow\">\n<div class=\"min-h-8 text-message relative flex w-full flex-col items-end gap-2 whitespace-normal break-words text-start [.text-message+&amp;]:mt-5\" dir=\"auto\" data-message-author-role=\"assistant\" data-message-id=\"c03cb6dc-c49a-4739-b04d-e265c768022b\" data-message-model-slug=\"gpt-4o\">\n<div class=\"flex w-full flex-col gap-1 empty:hidden first:pt-[3px]\">\n<div class=\"markdown prose w-full break-words dark:prose-invert dark\">\n<p data-start=\"1523\" data-end=\"1678\" data-is-last-node=\"\" data-is-only-node=\"\">Balsheker FITNESS Diet Crackers &#8211; L\u00e9gers, croustillants et fabriqu\u00e9s \u00e0 partir de c\u00e9r\u00e9ales saines. Un en-cas hypocalorique parfait pour une alimentation \u00e9quilibr\u00e9e et un mode de vie sain ! <\/p>\n<\/div>\n<\/div>\n<\/div>\n<\/div>\n","protected":false},"featured_media":14033,"comment_status":"open","ping_status":"closed","template":"","meta":{"_acf_changed":false},"brand":[896],"product_cat":[902],"product_tag":[],"class_list":{"0":"post-14071","1":"product","2":"type-product","3":"status-publish","4":"has-post-thumbnail","6":"brand-balsheker-fr","7":"product_cat-crackers-fr","9":"first","10":"instock","11":"shipping-taxable","12":"purchasable","13":"product-type-simple"},"acf":[],"_links":{"self":[{"href":"https:\/\/turkmenexporter.com\/fr\/wp-json\/wp\/v2\/product\/14071","targetHints":{"allow":["GET"]}}],"collection":[{"href":"https:\/\/turkmenexporter.com\/fr\/wp-json\/wp\/v2\/product"}],"about":[{"href":"https:\/\/turkmenexporter.com\/fr\/wp-json\/wp\/v2\/types\/product"}],"replies":[{"embeddable":true,"href":"https:\/\/turkmenexporter.com\/fr\/wp-json\/wp\/v2\/comments?post=14071"}],"version-history":[{"count":1,"href":"https:\/\/turkmenexporter.com\/fr\/wp-json\/wp\/v2\/product\/14071\/revisions"}],"predecessor-version":[{"id":14277,"href":"https:\/\/turkmenexporter.com\/fr\/wp-json\/wp\/v2\/product\/14071\/revisions\/14277"}],"wp:featuredmedia":[{"embeddable":true,"href":"https:\/\/turkmenexporter.com\/fr\/wp-json\/wp\/v2\/media\/14033"}],"wp:attachment":[{"href":"https:\/\/turkmenexporter.com\/fr\/wp-json\/wp\/v2\/media?parent=14071"}],"wp:term":[{"taxonomy":"brand","embeddable":true,"href":"https:\/\/turkmenexporter.com\/fr\/wp-json\/wp\/v2\/brand?post=14071"},{"taxonomy":"product_cat","embeddable":true,"href":"https:\/\/turkmenexporter.com\/fr\/wp-json\/wp\/v2\/product_cat?post=14071"},{"taxonomy":"product_tag","embeddable":true,"href":"https:\/\/turkmenexporter.com\/fr\/wp-json\/wp\/v2\/product_tag?post=14071"}],"curies":[{"name":"wp","href":"https:\/\/api.w.org\/{rel}","templated":true}]}}