{"id":14072,"date":"2025-03-14T00:20:28","date_gmt":"2025-03-13T19:20:28","guid":{"rendered":"https:\/\/turkmenexporter.com\/product\/gelee-de-fruits-kirpi\/"},"modified":"2025-03-22T23:42:01","modified_gmt":"2025-03-22T18:42:01","slug":"gelee-de-fruits-kirpi","status":"publish","type":"product","link":"https:\/\/turkmenexporter.com\/fr\/produit\/gelee-de-fruits-kirpi\/","title":{"rendered":"Gel\u00e9e de fruits KIRPI"},"content":{"rendered":"<p>D\u00e9couvrez le plaisir juteux et moelleux de la gel\u00e9e de fruits Balsheker Kirpi Jellybon &#8211; Fruitmix ! Ces bonbons g\u00e9lifi\u00e9s doux et savoureux sont fabriqu\u00e9s avec de v\u00e9ritables extraits de fruits, offrant un m\u00e9lange rafra\u00eechissant de saveurs fruit\u00e9es \u00e0 chaque bouch\u00e9e. <\/p>\n<p>Composition du produit : Sucre cristallis\u00e9, m\u00e9lasse, g\u00e9latine, r\u00e9gulateur d&rsquo;acidit\u00e9 E330, sirop de sorbitol E420, ar\u00f4mes nature-identiques \u00ab Past\u00e8que \u00bb, \u00ab Citron \u00bb, \u00ab Pomme \u00bb, colorants alimentaires synth\u00e9tiques E124, E102, E102 + E133.<\/p>\n<p>Conditions de stockage : Dans un endroit sec et frais, \u00e0 une temp\u00e9rature \u00e9lev\u00e9e de 18 \u00b0C, l&rsquo;humidit\u00e9 ne devant pas d\u00e9passer 75 %.<\/p>\n<p>Dur\u00e9e de conservation : 24 mois. Produit certifi\u00e9.<br \/>\nNe contient pas d&rsquo;OGM.<\/p>\n","protected":false},"excerpt":{"rendered":"<p>Emballage de gel\u00e9e de fruits 20g.<\/p>\n<p>48 paquets dans une liasse. 6 paquets dans une bo\u00eete. <\/p>\n<p>Poids brut de la bo\u00eete : 9,7 kg.<\/p>\n","protected":false},"featured_media":14042,"comment_status":"open","ping_status":"closed","template":"","meta":{"_acf_changed":false},"brand":[896],"product_cat":[964],"product_tag":[],"class_list":{"0":"post-14072","1":"product","2":"type-product","3":"status-publish","4":"has-post-thumbnail","6":"brand-balsheker-fr","7":"product_cat-marmelades","9":"first","10":"instock","11":"shipping-taxable","12":"purchasable","13":"product-type-simple"},"acf":[],"_links":{"self":[{"href":"https:\/\/turkmenexporter.com\/fr\/wp-json\/wp\/v2\/product\/14072","targetHints":{"allow":["GET"]}}],"collection":[{"href":"https:\/\/turkmenexporter.com\/fr\/wp-json\/wp\/v2\/product"}],"about":[{"href":"https:\/\/turkmenexporter.com\/fr\/wp-json\/wp\/v2\/types\/product"}],"replies":[{"embeddable":true,"href":"https:\/\/turkmenexporter.com\/fr\/wp-json\/wp\/v2\/comments?post=14072"}],"version-history":[{"count":1,"href":"https:\/\/turkmenexporter.com\/fr\/wp-json\/wp\/v2\/product\/14072\/revisions"}],"predecessor-version":[{"id":14278,"href":"https:\/\/turkmenexporter.com\/fr\/wp-json\/wp\/v2\/product\/14072\/revisions\/14278"}],"wp:featuredmedia":[{"embeddable":true,"href":"https:\/\/turkmenexporter.com\/fr\/wp-json\/wp\/v2\/media\/14042"}],"wp:attachment":[{"href":"https:\/\/turkmenexporter.com\/fr\/wp-json\/wp\/v2\/media?parent=14072"}],"wp:term":[{"taxonomy":"brand","embeddable":true,"href":"https:\/\/turkmenexporter.com\/fr\/wp-json\/wp\/v2\/brand?post=14072"},{"taxonomy":"product_cat","embeddable":true,"href":"https:\/\/turkmenexporter.com\/fr\/wp-json\/wp\/v2\/product_cat?post=14072"},{"taxonomy":"product_tag","embeddable":true,"href":"https:\/\/turkmenexporter.com\/fr\/wp-json\/wp\/v2\/product_tag?post=14072"}],"curies":[{"name":"wp","href":"https:\/\/api.w.org\/{rel}","templated":true}]}}