{"id":14073,"date":"2025-03-14T01:25:43","date_gmt":"2025-03-13T20:25:43","guid":{"rendered":"https:\/\/turkmenexporter.com\/product\/gelee-de-jellybon\/"},"modified":"2025-03-22T23:25:28","modified_gmt":"2025-03-22T18:25:28","slug":"gelee-de-jellybon","status":"publish","type":"product","link":"https:\/\/turkmenexporter.com\/fr\/produit\/gelee-de-jellybon\/","title":{"rendered":"Gel\u00e9e de JELLYBON"},"content":{"rendered":"<p>Composition du produit : Sucre cristallis\u00e9, m\u00e9lasse, g\u00e9latine, r\u00e9gulateur d&rsquo;acidit\u00e9 E330, sirop de sorbitol E420, ar\u00f4mes nature-identiques \u00ab Past\u00e8que \u00bb, \u00ab Citron \u00bb, \u00ab Pomme \u00bb, colorants alimentaires synth\u00e9tiques E124, E102, E102 + E133.<\/p>\n<p>Conditions de stockage : Dans un endroit sec et frais, \u00e0 une temp\u00e9rature \u00e9lev\u00e9e de 18 \u00b0C, l&rsquo;humidit\u00e9 ne devant pas d\u00e9passer 75 %.<\/p>\n<p>Dur\u00e9e de conservation : 24 mois. Produit certifi\u00e9.<br \/>\nNe contient pas d&rsquo;OGM.<\/p>\n","protected":false},"excerpt":{"rendered":"<p>Contenant de gel\u00e9e de fruits 300 g.<br \/>\n12 r\u00e9cipients par bloc.<br \/>\nPoids brut de chaque bloc : 4,2 kg.<\/p>\n","protected":false},"featured_media":14057,"comment_status":"open","ping_status":"closed","template":"","meta":{"_acf_changed":false},"brand":[896],"product_cat":[964],"product_tag":[848],"class_list":{"0":"post-14073","1":"product","2":"type-product","3":"status-publish","4":"has-post-thumbnail","6":"brand-balsheker-fr","7":"product_cat-marmelades","8":"product_tag-front-product-fr","10":"first","11":"instock","12":"shipping-taxable","13":"purchasable","14":"product-type-simple"},"acf":[],"_links":{"self":[{"href":"https:\/\/turkmenexporter.com\/fr\/wp-json\/wp\/v2\/product\/14073","targetHints":{"allow":["GET"]}}],"collection":[{"href":"https:\/\/turkmenexporter.com\/fr\/wp-json\/wp\/v2\/product"}],"about":[{"href":"https:\/\/turkmenexporter.com\/fr\/wp-json\/wp\/v2\/types\/product"}],"replies":[{"embeddable":true,"href":"https:\/\/turkmenexporter.com\/fr\/wp-json\/wp\/v2\/comments?post=14073"}],"version-history":[{"count":1,"href":"https:\/\/turkmenexporter.com\/fr\/wp-json\/wp\/v2\/product\/14073\/revisions"}],"predecessor-version":[{"id":14244,"href":"https:\/\/turkmenexporter.com\/fr\/wp-json\/wp\/v2\/product\/14073\/revisions\/14244"}],"wp:featuredmedia":[{"embeddable":true,"href":"https:\/\/turkmenexporter.com\/fr\/wp-json\/wp\/v2\/media\/14057"}],"wp:attachment":[{"href":"https:\/\/turkmenexporter.com\/fr\/wp-json\/wp\/v2\/media?parent=14073"}],"wp:term":[{"taxonomy":"brand","embeddable":true,"href":"https:\/\/turkmenexporter.com\/fr\/wp-json\/wp\/v2\/brand?post=14073"},{"taxonomy":"product_cat","embeddable":true,"href":"https:\/\/turkmenexporter.com\/fr\/wp-json\/wp\/v2\/product_cat?post=14073"},{"taxonomy":"product_tag","embeddable":true,"href":"https:\/\/turkmenexporter.com\/fr\/wp-json\/wp\/v2\/product_tag?post=14073"}],"curies":[{"name":"wp","href":"https:\/\/api.w.org\/{rel}","templated":true}]}}