{"id":14118,"date":"2025-03-19T23:17:41","date_gmt":"2025-03-19T18:17:41","guid":{"rendered":"https:\/\/turkmenexporter.com\/product\/amidon-de-mais\/"},"modified":"2025-03-23T00:10:39","modified_gmt":"2025-03-22T19:10:39","slug":"amidon-de-mais","status":"publish","type":"product","link":"https:\/\/turkmenexporter.com\/fr\/produit\/amidon-de-mais\/","title":{"rendered":"Amidon de ma\u00efs"},"content":{"rendered":"<p>Composition du produit : Amidon de ma\u00efs de premi\u00e8re qualit\u00e9.<\/p>\n<p>Conditions de stockage: Dans un endroit sec et frais, \u00e0 une temp\u00e9rature \u00e9lev\u00e9e de 18 \u00b0C , l&rsquo; humidit\u00e9 ne devant pas d\u00e9passer 70 %.<\/p>\n<p>Dur\u00e9e de conservation : 24 mois. Produit certifi\u00e9.<br \/>\nNe contient pas d&rsquo;OGM.<\/p>\n","protected":false},"excerpt":{"rendered":"<p>Amidon de ma\u00efs 150 g.<br \/>\n24 paquets dans une bo\u00eete.<br \/>\nPoids brut de la bo\u00eete 4,24 kg.<\/p>\n","protected":false},"featured_media":14109,"comment_status":"open","ping_status":"closed","template":"","meta":{"_acf_changed":false},"brand":[896],"product_cat":[981],"product_tag":[],"class_list":{"0":"post-14118","1":"product","2":"type-product","3":"status-publish","4":"has-post-thumbnail","6":"brand-balsheker-fr","7":"product_cat-additifs-alimentaires","9":"first","10":"instock","11":"shipping-taxable","12":"purchasable","13":"product-type-simple"},"acf":[],"_links":{"self":[{"href":"https:\/\/turkmenexporter.com\/fr\/wp-json\/wp\/v2\/product\/14118","targetHints":{"allow":["GET"]}}],"collection":[{"href":"https:\/\/turkmenexporter.com\/fr\/wp-json\/wp\/v2\/product"}],"about":[{"href":"https:\/\/turkmenexporter.com\/fr\/wp-json\/wp\/v2\/types\/product"}],"replies":[{"embeddable":true,"href":"https:\/\/turkmenexporter.com\/fr\/wp-json\/wp\/v2\/comments?post=14118"}],"version-history":[{"count":1,"href":"https:\/\/turkmenexporter.com\/fr\/wp-json\/wp\/v2\/product\/14118\/revisions"}],"predecessor-version":[{"id":14285,"href":"https:\/\/turkmenexporter.com\/fr\/wp-json\/wp\/v2\/product\/14118\/revisions\/14285"}],"wp:featuredmedia":[{"embeddable":true,"href":"https:\/\/turkmenexporter.com\/fr\/wp-json\/wp\/v2\/media\/14109"}],"wp:attachment":[{"href":"https:\/\/turkmenexporter.com\/fr\/wp-json\/wp\/v2\/media?parent=14118"}],"wp:term":[{"taxonomy":"brand","embeddable":true,"href":"https:\/\/turkmenexporter.com\/fr\/wp-json\/wp\/v2\/brand?post=14118"},{"taxonomy":"product_cat","embeddable":true,"href":"https:\/\/turkmenexporter.com\/fr\/wp-json\/wp\/v2\/product_cat?post=14118"},{"taxonomy":"product_tag","embeddable":true,"href":"https:\/\/turkmenexporter.com\/fr\/wp-json\/wp\/v2\/product_tag?post=14118"}],"curies":[{"name":"wp","href":"https:\/\/api.w.org\/{rel}","templated":true}]}}