{"id":14189,"date":"2025-03-21T15:24:07","date_gmt":"2025-03-21T10:24:07","guid":{"rendered":"https:\/\/turkmenexporter.com\/product\/poudre-de-support-altin\/"},"modified":"2025-03-22T23:25:27","modified_gmt":"2025-03-22T18:25:27","slug":"poudre-a-lever-altin","status":"publish","type":"product","link":"https:\/\/turkmenexporter.com\/fr\/produit\/poudre-a-lever-altin\/","title":{"rendered":"Poudre \u00e0 lever ALTIN"},"content":{"rendered":"<p>La poudre \u00e0 lever Altin est un agent levant de haute qualit\u00e9 con\u00e7u pour donner \u00e0 vos produits de boulangerie la lev\u00e9e et la texture parfaites. Id\u00e9ale pour les g\u00e2teaux, les p\u00e2tisseries, le pain et les biscuits, cette poudre \u00e0 p\u00e2te assure une lev\u00e9e uniforme et r\u00e9guli\u00e8re, rendant vos produits de boulangerie doux, moelleux et d\u00e9licieux. Que vous soyez un boulanger professionnel ou un cuisinier amateur, la poudre \u00e0 lever Altin est un ingr\u00e9dient indispensable pour obtenir des r\u00e9sultats parfaits \u00e0 chaque fois !  <\/p>\n<p>Composition du produit: Phosphate disodique, bicarbonate de sodium, amidon de ma\u00efs.<\/p>\n<p>Conditions de stockage: Dans un endroit sec et frais, \u00e0 une temp\u00e9rature \u00e9lev\u00e9e de 20 \u00b0C , l&rsquo; humidit\u00e9 ne devant pas d\u00e9passer 70 %.<\/p>\n<p>Dur\u00e9e de conservation : 24 mois. Produit certifi\u00e9.<br \/>\nNe contient pas d&rsquo;OGM.<\/p>\n","protected":false},"excerpt":{"rendered":"<p>Poudre \u00e0 lever 10 g.<\/p>\n<p>48 paquets dans un emballage. 10 paquets dans une bo\u00eete.<\/p>\n<p>Poids brut de la bo\u00eete : 5,71 kg.<\/p>\n","protected":false},"featured_media":14133,"comment_status":"open","ping_status":"closed","template":"","meta":{"_acf_changed":false},"brand":[896],"product_cat":[981],"product_tag":[],"class_list":{"0":"post-14189","1":"product","2":"type-product","3":"status-publish","4":"has-post-thumbnail","6":"brand-balsheker-fr","7":"product_cat-additifs-alimentaires","9":"first","10":"instock","11":"shipping-taxable","12":"purchasable","13":"product-type-simple"},"acf":[],"_links":{"self":[{"href":"https:\/\/turkmenexporter.com\/fr\/wp-json\/wp\/v2\/product\/14189","targetHints":{"allow":["GET"]}}],"collection":[{"href":"https:\/\/turkmenexporter.com\/fr\/wp-json\/wp\/v2\/product"}],"about":[{"href":"https:\/\/turkmenexporter.com\/fr\/wp-json\/wp\/v2\/types\/product"}],"replies":[{"embeddable":true,"href":"https:\/\/turkmenexporter.com\/fr\/wp-json\/wp\/v2\/comments?post=14189"}],"version-history":[{"count":2,"href":"https:\/\/turkmenexporter.com\/fr\/wp-json\/wp\/v2\/product\/14189\/revisions"}],"predecessor-version":[{"id":14243,"href":"https:\/\/turkmenexporter.com\/fr\/wp-json\/wp\/v2\/product\/14189\/revisions\/14243"}],"wp:featuredmedia":[{"embeddable":true,"href":"https:\/\/turkmenexporter.com\/fr\/wp-json\/wp\/v2\/media\/14133"}],"wp:attachment":[{"href":"https:\/\/turkmenexporter.com\/fr\/wp-json\/wp\/v2\/media?parent=14189"}],"wp:term":[{"taxonomy":"brand","embeddable":true,"href":"https:\/\/turkmenexporter.com\/fr\/wp-json\/wp\/v2\/brand?post=14189"},{"taxonomy":"product_cat","embeddable":true,"href":"https:\/\/turkmenexporter.com\/fr\/wp-json\/wp\/v2\/product_cat?post=14189"},{"taxonomy":"product_tag","embeddable":true,"href":"https:\/\/turkmenexporter.com\/fr\/wp-json\/wp\/v2\/product_tag?post=14189"}],"curies":[{"name":"wp","href":"https:\/\/api.w.org\/{rel}","templated":true}]}}