{"id":14190,"date":"2025-03-21T16:38:15","date_gmt":"2025-03-21T11:38:15","guid":{"rendered":"https:\/\/turkmenexporter.com\/product\/poudre-de-support-altin-en-seau\/"},"modified":"2025-03-21T17:30:21","modified_gmt":"2025-03-21T12:30:21","slug":"poudre-a-lever-altin-dans-un-seau","status":"publish","type":"product","link":"https:\/\/turkmenexporter.com\/fr\/produit\/poudre-a-lever-altin-dans-un-seau\/","title":{"rendered":"Poudre \u00e0 lever ALTIN dans un seau"},"content":{"rendered":"<div class=\"flex max-w-full flex-col flex-grow\">\n<div class=\"min-h-8 text-message relative flex w-full flex-col items-end gap-2 whitespace-normal break-words text-start [.text-message+&amp;]:mt-5\" dir=\"auto\" data-message-author-role=\"assistant\" data-message-id=\"78db1af3-5679-46ca-b7a7-26ea044b4a22\" data-message-model-slug=\"gpt-4o\">\n<div class=\"flex w-full flex-col gap-1 empty:hidden first:pt-[3px]\">\n<div class=\"markdown prose w-full break-words dark:prose-invert dark\">\n<p data-start=\"1403\" data-end=\"1579\" data-is-last-node=\"\" data-is-only-node=\"\">Poudre \u00e0 lever ALTIN dans un seau &#8211; Un agent levant \u00e0 double action de haute qualit\u00e9 pour des produits de boulangerie parfaitement doux, moelleux et d\u00e9licieux. Id\u00e9al pour les professionnels et les particuliers ! <\/p>\n<p>Composition du produit: Phosphate disodique, bicarbonate de sodium, amidon de ma\u00efs.<\/p>\n<p>Conditions de stockage: Dans un endroit sec et frais, \u00e0 une temp\u00e9rature \u00e9lev\u00e9e de 20 \u00b0C , l&rsquo; humidit\u00e9 ne devant pas d\u00e9passer 70 %.<\/p>\n<p>Dur\u00e9e de conservation : 24 mois. Produit certifi\u00e9.<br \/>\nNe contient pas d&rsquo;OGM.<\/p>\n<\/div>\n<\/div>\n<\/div>\n<\/div>\n","protected":false},"excerpt":{"rendered":"<p>Seau de poudre \u00e0 lever 600 g.<\/p>\n<p>6 seaux dans une bo\u00eete.<\/p>\n<p>Poidsbrut de la bo\u00eete 4,1 kg.<\/p>\n","protected":false},"featured_media":14164,"comment_status":"open","ping_status":"closed","template":"","meta":{"_acf_changed":false},"brand":[896],"product_cat":[981],"product_tag":[848],"class_list":{"0":"post-14190","1":"product","2":"type-product","3":"status-publish","4":"has-post-thumbnail","6":"brand-balsheker-fr","7":"product_cat-additifs-alimentaires","8":"product_tag-front-product-fr","10":"first","11":"instock","12":"shipping-taxable","13":"purchasable","14":"product-type-simple"},"acf":[],"_links":{"self":[{"href":"https:\/\/turkmenexporter.com\/fr\/wp-json\/wp\/v2\/product\/14190","targetHints":{"allow":["GET"]}}],"collection":[{"href":"https:\/\/turkmenexporter.com\/fr\/wp-json\/wp\/v2\/product"}],"about":[{"href":"https:\/\/turkmenexporter.com\/fr\/wp-json\/wp\/v2\/types\/product"}],"replies":[{"embeddable":true,"href":"https:\/\/turkmenexporter.com\/fr\/wp-json\/wp\/v2\/comments?post=14190"}],"version-history":[{"count":1,"href":"https:\/\/turkmenexporter.com\/fr\/wp-json\/wp\/v2\/product\/14190\/revisions"}],"predecessor-version":[{"id":14202,"href":"https:\/\/turkmenexporter.com\/fr\/wp-json\/wp\/v2\/product\/14190\/revisions\/14202"}],"wp:featuredmedia":[{"embeddable":true,"href":"https:\/\/turkmenexporter.com\/fr\/wp-json\/wp\/v2\/media\/14164"}],"wp:attachment":[{"href":"https:\/\/turkmenexporter.com\/fr\/wp-json\/wp\/v2\/media?parent=14190"}],"wp:term":[{"taxonomy":"brand","embeddable":true,"href":"https:\/\/turkmenexporter.com\/fr\/wp-json\/wp\/v2\/brand?post=14190"},{"taxonomy":"product_cat","embeddable":true,"href":"https:\/\/turkmenexporter.com\/fr\/wp-json\/wp\/v2\/product_cat?post=14190"},{"taxonomy":"product_tag","embeddable":true,"href":"https:\/\/turkmenexporter.com\/fr\/wp-json\/wp\/v2\/product_tag?post=14190"}],"curies":[{"name":"wp","href":"https:\/\/api.w.org\/{rel}","templated":true}]}}