{"id":14191,"date":"2025-03-21T16:48:39","date_gmt":"2025-03-21T11:48:39","guid":{"rendered":"https:\/\/turkmenexporter.com\/product\/altin-vanilline-en-poudre\/"},"modified":"2025-03-21T16:48:39","modified_gmt":"2025-03-21T11:48:39","slug":"altin-vanilline-en-poudre","status":"publish","type":"product","link":"https:\/\/turkmenexporter.com\/fr\/produit\/altin-vanilline-en-poudre\/","title":{"rendered":"ALTIN vanilline en poudre"},"content":{"rendered":"<p>La vanilline Balsheker Altin est un ar\u00f4me de vanille de premi\u00e8re qualit\u00e9 qui rehausse le go\u00fbt et l&rsquo;ar\u00f4me de vos produits de boulangerie.de qualit\u00e9 sup\u00e9rieure qui rehausse le go\u00fbt et l&rsquo; ar\u00f4me de vos produits de boulangerie, de p\u00e2tisserie, de dessert et de confiserie, desserts et produits de confiserie. Cet ingr\u00e9dient polyvalent et hautement concentr\u00e9 offre une essence de vanille riche et sucr\u00e9e, et sucr\u00e9e, ce qui en fait un ingr\u00e9dient indispensable pour les p\u00e2tissiers amateurs et les cuisiniers professionnels. Que vous pr\u00e9pariez des g\u00e2teaux, des p\u00e2tisseries, des biscuits ou des chocolats, Altin Vanillin vous garantit un parfum de vanille d\u00e9licieux et durable \u00e0 chaque bouch\u00e9e, Altin Vanillin garantit un parfum de vanille d\u00e9licieux et durable \u00e0 chaque bouch\u00e9e.  <\/p>\n<p>Composition du produit: Sucreen poudre, amidon, vanille (3%).<\/p>\n<p>Conditions de stockage : Dans un endroit sec et frais, \u00e0 une temp\u00e9rature \u00e9lev\u00e9e de 5 \u00e0 25 \u00b0C, l&rsquo;humidit\u00e9 ne devant pas d\u00e9passer 75 %.<\/p>\n<p>Dur\u00e9e de conservation : 23 mois. Produit certifi\u00e9.<br \/>\nNe contient pas d&rsquo;OGM.<\/p>\n","protected":false},"excerpt":{"rendered":"<p>Vanilline en poudre paquet de 5 g.<\/p>\n<p>48 paquets dans un emballage. 10 paquets dans une bo\u00eete.<\/p>\n<p>Poids brut de la bo\u00eete : 3,45 kg.<\/p>\n","protected":false},"featured_media":14172,"comment_status":"open","ping_status":"closed","template":"","meta":{"_acf_changed":false},"brand":[896],"product_cat":[981],"product_tag":[],"class_list":{"0":"post-14191","1":"product","2":"type-product","3":"status-publish","4":"has-post-thumbnail","6":"brand-balsheker-fr","7":"product_cat-additifs-alimentaires","9":"first","10":"instock","11":"shipping-taxable","12":"purchasable","13":"product-type-simple"},"acf":[],"_links":{"self":[{"href":"https:\/\/turkmenexporter.com\/fr\/wp-json\/wp\/v2\/product\/14191","targetHints":{"allow":["GET"]}}],"collection":[{"href":"https:\/\/turkmenexporter.com\/fr\/wp-json\/wp\/v2\/product"}],"about":[{"href":"https:\/\/turkmenexporter.com\/fr\/wp-json\/wp\/v2\/types\/product"}],"replies":[{"embeddable":true,"href":"https:\/\/turkmenexporter.com\/fr\/wp-json\/wp\/v2\/comments?post=14191"}],"version-history":[{"count":0,"href":"https:\/\/turkmenexporter.com\/fr\/wp-json\/wp\/v2\/product\/14191\/revisions"}],"wp:featuredmedia":[{"embeddable":true,"href":"https:\/\/turkmenexporter.com\/fr\/wp-json\/wp\/v2\/media\/14172"}],"wp:attachment":[{"href":"https:\/\/turkmenexporter.com\/fr\/wp-json\/wp\/v2\/media?parent=14191"}],"wp:term":[{"taxonomy":"brand","embeddable":true,"href":"https:\/\/turkmenexporter.com\/fr\/wp-json\/wp\/v2\/brand?post=14191"},{"taxonomy":"product_cat","embeddable":true,"href":"https:\/\/turkmenexporter.com\/fr\/wp-json\/wp\/v2\/product_cat?post=14191"},{"taxonomy":"product_tag","embeddable":true,"href":"https:\/\/turkmenexporter.com\/fr\/wp-json\/wp\/v2\/product_tag?post=14191"}],"curies":[{"name":"wp","href":"https:\/\/api.w.org\/{rel}","templated":true}]}}