{"id":14627,"date":"2025-03-31T16:18:24","date_gmt":"2025-03-31T11:18:24","guid":{"rendered":"https:\/\/turkmenexporter.com\/product\/kenton-vanille-sucre\/"},"modified":"2025-03-31T16:18:24","modified_gmt":"2025-03-31T11:18:24","slug":"kenton-vanille-sucre","status":"publish","type":"product","link":"https:\/\/turkmenexporter.com\/fr\/produit\/kenton-vanille-sucre\/","title":{"rendered":"Sucre vanill\u00e9 Kenton"},"content":{"rendered":"<p>Sucre vanill\u00e9 Kenton &#8211; Un \u00e9dulcorant infus\u00e9 de vanille naturelle pour une saveur riche et aromatique. Id\u00e9al pour les p\u00e2tisseries et les desserts. Parfait pour un usage domestique et professionnel !  <\/p>\n<p>Composition du produit: Sucreen poudre, amidon, vanille (3%).<\/p>\n<p>Conditions de stockage : Dans un endroit sec et frais, \u00e0 une temp\u00e9rature \u00e9lev\u00e9e de 5 \u00e0 25 \u00b0C, l&rsquo;humidit\u00e9 ne devant pas d\u00e9passer 75 %.<\/p>\n<p>Dur\u00e9e de conservation : 23 mois. Produit certifi\u00e9.<br \/>\nNe contient pas d&rsquo;OGM.<\/p>\n","protected":false},"excerpt":{"rendered":"<p>Sucre vanill\u00e9 10 kg.<\/p>\n<p>Poids brut 10,1 kg.<\/p>\n","protected":false},"featured_media":14616,"comment_status":"open","ping_status":"closed","template":"","meta":{"_acf_changed":false},"brand":[1015],"product_cat":[981],"product_tag":[],"class_list":{"0":"post-14627","1":"product","2":"type-product","3":"status-publish","4":"has-post-thumbnail","6":"brand-kenton-fr","7":"product_cat-additifs-alimentaires","9":"first","10":"instock","11":"shipping-taxable","12":"purchasable","13":"product-type-simple"},"acf":[],"_links":{"self":[{"href":"https:\/\/turkmenexporter.com\/fr\/wp-json\/wp\/v2\/product\/14627","targetHints":{"allow":["GET"]}}],"collection":[{"href":"https:\/\/turkmenexporter.com\/fr\/wp-json\/wp\/v2\/product"}],"about":[{"href":"https:\/\/turkmenexporter.com\/fr\/wp-json\/wp\/v2\/types\/product"}],"replies":[{"embeddable":true,"href":"https:\/\/turkmenexporter.com\/fr\/wp-json\/wp\/v2\/comments?post=14627"}],"version-history":[{"count":0,"href":"https:\/\/turkmenexporter.com\/fr\/wp-json\/wp\/v2\/product\/14627\/revisions"}],"wp:featuredmedia":[{"embeddable":true,"href":"https:\/\/turkmenexporter.com\/fr\/wp-json\/wp\/v2\/media\/14616"}],"wp:attachment":[{"href":"https:\/\/turkmenexporter.com\/fr\/wp-json\/wp\/v2\/media?parent=14627"}],"wp:term":[{"taxonomy":"brand","embeddable":true,"href":"https:\/\/turkmenexporter.com\/fr\/wp-json\/wp\/v2\/brand?post=14627"},{"taxonomy":"product_cat","embeddable":true,"href":"https:\/\/turkmenexporter.com\/fr\/wp-json\/wp\/v2\/product_cat?post=14627"},{"taxonomy":"product_tag","embeddable":true,"href":"https:\/\/turkmenexporter.com\/fr\/wp-json\/wp\/v2\/product_tag?post=14627"}],"curies":[{"name":"wp","href":"https:\/\/api.w.org\/{rel}","templated":true}]}}