{"id":14628,"date":"2025-03-26T22:30:57","date_gmt":"2025-03-26T17:30:57","guid":{"rendered":"https:\/\/turkmenexporter.com\/product\/kenton-creme-chantilly\/"},"modified":"2025-03-26T22:30:57","modified_gmt":"2025-03-26T17:30:57","slug":"kenton-creme-chantilly","status":"publish","type":"product","link":"https:\/\/turkmenexporter.com\/fr\/produit\/kenton-creme-chantilly\/","title":{"rendered":"Kenton Cr\u00e8me Chantilly"},"content":{"rendered":"<p>La cr\u00e8me Chantilly Kenton est une cr\u00e8me fouett\u00e9e de premi\u00e8re qualit\u00e9 con\u00e7ue pour ajouter une texture luxueuse et onctueuse et une douceur d\u00e9licate \u00e0 une vari\u00e9t\u00e9 de desserts et de confiseries.<\/p>\n<p>Composition du produit : Sucre en poudre, glucose, huile v\u00e9g\u00e9tale, \u00e9mulsifiants (monoglyc\u00e9rides et diglyc\u00e9rides d&rsquo;acide ac\u00e9tique), cas\u00e9inate de sodium, amidon de ma\u00efs, vanilline.<\/p>\n<p>Conditions de stockage : Dans un endroit sec et frais, \u00e0 une temp\u00e9rature \u00e9lev\u00e9e de 5 \u00e0 25 \u00b0C, l&rsquo;humidit\u00e9 ne devant pas d\u00e9passer 75 %.<\/p>\n<p>Dur\u00e9e de conservation : 18 mois. Produit certifi\u00e9.<br \/>\nNe contient pas d&rsquo;OGM.<\/p>\n","protected":false},"excerpt":{"rendered":"<p>Cream chantilly powder 10 kg.<\/p>\n<p>Gross weight 10,1 kg.<\/p>\n","protected":false},"featured_media":14598,"comment_status":"open","ping_status":"closed","template":"","meta":{"_acf_changed":false},"brand":[1015],"product_cat":[981],"product_tag":[],"class_list":{"0":"post-14628","1":"product","2":"type-product","3":"status-publish","4":"has-post-thumbnail","6":"brand-kenton-fr","7":"product_cat-additifs-alimentaires","9":"first","10":"instock","11":"shipping-taxable","12":"purchasable","13":"product-type-simple"},"acf":[],"_links":{"self":[{"href":"https:\/\/turkmenexporter.com\/fr\/wp-json\/wp\/v2\/product\/14628","targetHints":{"allow":["GET"]}}],"collection":[{"href":"https:\/\/turkmenexporter.com\/fr\/wp-json\/wp\/v2\/product"}],"about":[{"href":"https:\/\/turkmenexporter.com\/fr\/wp-json\/wp\/v2\/types\/product"}],"replies":[{"embeddable":true,"href":"https:\/\/turkmenexporter.com\/fr\/wp-json\/wp\/v2\/comments?post=14628"}],"version-history":[{"count":0,"href":"https:\/\/turkmenexporter.com\/fr\/wp-json\/wp\/v2\/product\/14628\/revisions"}],"wp:featuredmedia":[{"embeddable":true,"href":"https:\/\/turkmenexporter.com\/fr\/wp-json\/wp\/v2\/media\/14598"}],"wp:attachment":[{"href":"https:\/\/turkmenexporter.com\/fr\/wp-json\/wp\/v2\/media?parent=14628"}],"wp:term":[{"taxonomy":"brand","embeddable":true,"href":"https:\/\/turkmenexporter.com\/fr\/wp-json\/wp\/v2\/brand?post=14628"},{"taxonomy":"product_cat","embeddable":true,"href":"https:\/\/turkmenexporter.com\/fr\/wp-json\/wp\/v2\/product_cat?post=14628"},{"taxonomy":"product_tag","embeddable":true,"href":"https:\/\/turkmenexporter.com\/fr\/wp-json\/wp\/v2\/product_tag?post=14628"}],"curies":[{"name":"wp","href":"https:\/\/api.w.org\/{rel}","templated":true}]}}